{"id":215,"date":"2022-07-08T11:54:38","date_gmt":"2022-07-08T10:54:38","guid":{"rendered":"http:\/\/bardelconvent.com\/mistni-pripojeni-zdarma\/"},"modified":"2022-09-08T19:50:54","modified_gmt":"2022-09-08T18:50:54","slug":"mistni-pripojeni-zdarma","status":"publish","type":"page","link":"https:\/\/bardelconvent.com\/cs\/","title":{"rendered":"M\u00edstn\u00ed p\u0159ipojen\u00ed zdarma"},"content":{"rendered":"<p>Jste p\u0159ipraveni za\u010d\u00edt chodit? Chcete naj\u00edt p\u0159ipojen\u00ed online a p\u0159estat ztr\u00e1cet \u010das?<\/p>\n<p>U\u017e nehledejte!<\/p>\n<p>To je p\u0159esn\u011b d\u016fvod, pro\u010d je pou\u017eit\u00ed aplikace pro p\u0159ipojen\u00ed skv\u011bl\u00fdm n\u00e1padem &#8211; seznamovac\u00ed platforma ji\u017e pro v\u00e1s ud\u011blala ve\u0161kerou tvrdou pr\u00e1ci. V\u0161ichni na t\u00e9to platform\u011b se cht\u011bj\u00ed bavit a nechat se polo\u017eit. Jsou ji\u017e p\u0159ipraveni na jednu noc, \u00fat\u011bky NSA a tak d\u00e1le. Nezb\u00fdv\u00e1 nic jin\u00e9ho, ne\u017e si vybrat sv\u00e9ho obl\u00edben\u00e9ho kandid\u00e1ta a za\u010d\u00edt chatovat. U\u017e nen\u00ed t\u0159eba nikoho p\u0159esv\u011bd\u010dovat. Jak \u00fa\u017easn\u00e9 to je?<\/p>\n<p><img loading=\"lazy\" class=\"aligncenter size-large wp-image-65\" src=\"http:\/\/bardelconvent.com\/wp-content\/uploads\/2022\/07\/local-sex-hookup-websites-1024x668.jpeg\" alt=\"\" width=\"640\" height=\"418\" srcset=\"https:\/\/bardelconvent.com\/wp-content\/uploads\/2022\/07\/local-sex-hookup-websites-1024x668.jpeg 1024w, https:\/\/bardelconvent.com\/wp-content\/uploads\/2022\/07\/local-sex-hookup-websites-300x196.jpeg 300w, https:\/\/bardelconvent.com\/wp-content\/uploads\/2022\/07\/local-sex-hookup-websites-768x501.jpeg 768w, https:\/\/bardelconvent.com\/wp-content\/uploads\/2022\/07\/local-sex-hookup-websites-1536x1002.jpeg 1536w, https:\/\/bardelconvent.com\/wp-content\/uploads\/2022\/07\/local-sex-hookup-websites-2048x1336.jpeg 2048w\" sizes=\"(max-width: 640px) 100vw, 640px\" \/><\/p>\n<h2>Seznamte se s m\u00edstn\u00edmi singles ve va\u0161\u00ed oblasti<\/h2>\n<p>Kdy\u017e hled\u00e1te web, kter\u00fd by vyhovoval va\u0161im pot\u0159eb\u00e1m, nezapome\u0148te se <a href=\"https:\/\/www.thedatingadvisor.com\/hr\/zrele-zene-razgovaraju\/\">zrele zene<\/a> pod\u00edvat na recenze o nich. M\u011bli byste tak\u00e9 zv\u00e1\u017eit kontrolu um\u00edst\u011bn\u00ed webov\u00fdch str\u00e1nek, proto\u017ee pokud se nach\u00e1z\u00ed v jin\u00e9 zemi, ne\u017e je va\u0161e, m\u016f\u017eete se zab\u00fdvat fale\u0161n\u00fdmi profily. Pokud si mysl\u00edte, \u017ee profil vypad\u00e1 podez\u0159ele, mo\u017en\u00e1 se budete cht\u00edt vyhnout jeho pou\u017eit\u00ed. Dal\u0161\u00ed v\u011bc, kterou m\u016f\u017eete ud\u011blat, je zeptat se \u010dlen\u016f platformy, zda jsou na n\u00ed opravdu aktivn\u00ed.<\/p>\n<p>V\u011bt\u0161ina m\u00edstn\u00edch p\u0159ipojovac\u00edch platforem je legitimn\u00ed a skute\u010dn\u00e1. V\u011bt\u0161ina str\u00e1nek m\u00e1 skute\u010dn\u00e9 u\u017eivatele, co\u017e znamen\u00e1, \u017ee budete m\u00edt \u0161anci naj\u00edt n\u011bkoho, kdo se s v\u00e1mi skute\u010dn\u011b chce setkat.<\/p>\n<p>Nebudete se muset ob\u00e1vat, \u017ee byste ztr\u00e1celi \u010das s fale\u0161n\u00fdmi profily a spammery. Pokud platforma neposkytuje \u017e\u00e1dnou adresu ani kontaktn\u00ed informace, m\u011bli byste se pravd\u011bpodobn\u011b vyhnout jej\u00edmu pou\u017eit\u00ed.<\/p>\n<p>V opa\u010dn\u00e9m p\u0159\u00edpad\u011b byste se mohli setkat s n\u011bk\u00fdm, kdo nem\u00e1 z\u00e1jem se s v\u00e1mi setkat.<\/p>\n<h3>OneNightFriend.com<\/h3>\n<p>One Night Friend je online seznamka, kter\u00e1 umo\u017e\u0148uje u\u017eivatel\u016fm setkat se s lidmi v okol\u00ed. Lid\u00e9, kte\u0159\u00ed maj\u00ed z\u00e1jem setkat se s n\u011bk\u00fdm v okol\u00ed, se mohou p\u0159ipojit k syst\u00e9mu a vytvo\u0159it si profil. Po vytvo\u0159en\u00ed profilu si u\u017eivatel\u00e9 mohou vybrat, zda cht\u011bj\u00ed dost\u00e1vat zpr\u00e1vy od ostatn\u00edch \u010dlen\u016f nebo ne. Pokud chce u\u017eivatel p\u0159ij\u00edmat zpr\u00e1vy, mus\u00ed uv\u00e9st sv\u00e9 pohlav\u00ed a v\u011bkov\u00e9 rozmez\u00ed. U\u017eivatel\u00e9 mohou tak\u00e9 ur\u010dit svou polohu a z\u00e1jmy. \u010clenov\u00e9 mohou zobrazit profily ostatn\u00edch u\u017eivatel\u016f a pos\u00edlat jim zpr\u00e1vy. U\u017eivatel\u00e9 mohou tak\u00e9 zjistit, zda jsou v jejich bl\u00edzkosti dal\u0161\u00ed \u010dlenov\u00e9.<\/p>\n<p>Registrace je jednoduch\u00e1. Sta\u010d\u00ed vyplnit kr\u00e1tk\u00fd formul\u00e1\u0159 na webov\u00fdch str\u00e1nk\u00e1ch a odeslat jej. Nen\u00ed vy\u017eadov\u00e1na <a href=\"http:\/\/www.sex-chat-rooms.com\/cs\/\">sex chat zdarma<\/a> \u017e\u00e1dn\u00e1 kreditn\u00ed karta! Registrace je zdarma a neexistuj\u00ed \u017e\u00e1dn\u00e9 skryt\u00e9 poplatky. Jakmile se zaregistrujete, z\u00edsk\u00e1te p\u0159\u00edstup ke v\u0161em funkc\u00edm webu, v\u010detn\u011b chatovac\u00edch m\u00edstnost\u00ed, soukrom\u00fdch zpr\u00e1v, videohovor\u016f, fotoalb, \u00faprav profilu a mnoha dal\u0161\u00edch.<\/p>\n<p>Existuje tak\u00e9 n\u011bkolik zp\u016fsob\u016f, jak bezpe\u010dn\u011b komunikovat s <a href=\"https:\/\/www.pornchatsites.net\/cs\/\">porno chat<\/a> ostatn\u00edmi \u010dleny webu. M\u016f\u017eete pou\u017e\u00edvat textov\u00e9 zpr\u00e1vy, hlasov\u00e9 hovory, videohovory a instant messenger.<\/p>\n<h3>Ashley Madisonov\u00e1<\/h3>\n<p>AshleyMadison.com je diskr\u00e9tn\u00ed sexu\u00e1ln\u00ed seznamka pro nezadan\u00e9! Tato vzru\u0161uj\u00edc\u00ed seznamka, kter\u00e1 byla spu\u0161t\u011bna v roce 2001, nab\u00edz\u00ed spoustu mo\u017enost\u00ed diskr\u00e9tn\u011b flirtovat. Na AshleyMadison.com na v\u00e1s \u010dek\u00e1 v\u00edce ne\u017e 54 milion\u016f profil\u016f a je to zdarma. Najd\u011bte si nyn\u00ed jednu noc a mimoman\u017eelsk\u00e9 af\u00e9ry!<\/p>\n<p>S v\u00edce ne\u017e 54 miliony \u010dlen\u016f nab\u00edz\u00ed AshleyMadison.com bezpe\u010dn\u00e9 \u00fato\u010di\u0161t\u011b pro ty, kte\u0159\u00ed hledaj\u00ed l\u00e1sku online. U\u017eivatel\u00e9 se mohou voln\u011b p\u0159ipojovat a prohl\u00ed\u017eet z\u00e1pasy a mohou tak\u00e9 proch\u00e1zet rozs\u00e1hl\u00fd seznam kategori\u00ed webu, v\u010detn\u011b pum, MILF, swinger p\u00e1r\u016f, swingers a dokonce i cukrov\u00fdch tat\u00ednk\u016f. \u010clenov\u00e9 mohou tak\u00e9 vyhled\u00e1vat potenci\u00e1ln\u00ed shody podle v\u011bku, um\u00edst\u011bn\u00ed, v\u00fd\u0161ky, hmotnosti, etnick\u00e9ho p\u016fvodu a sexu\u00e1ln\u00ed orientace. Pokud m\u00e1te z\u00e1jem o diskr\u00e9tn\u00ed z\u00e1le\u017eitosti, p\u0159i pou\u017e\u00edv\u00e1n\u00ed pr\u00e9miov\u00fdch slu\u017eeb webu nejsou p\u0159ipojeny \u017e\u00e1dn\u00e9 \u0159et\u011bzce.<\/p>\n<h3>BeNaughty<\/h3>\n<p>BeNaughty je online seznamovac\u00ed slu\u017eba, kter\u00e1 nab\u00edz\u00ed z\u00e1kladn\u00ed funkce <a href=\"https:\/\/adultxxxdate.net\/cs\/porno-hry-bez-prihlaseni\/\">porno hry zdarma<\/a>. Webov\u00e1 str\u00e1nka je navr\u017eena tak, aby pomohla dosp\u011bl\u00fdm, kte\u0159\u00ed hledaj\u00ed p\u0159\u00edle\u017eitostn\u00fd sex, setkat se navz\u00e1jem. Aplikace obsahuje mo\u017enost chatovat, proch\u00e1zet profily a odes\u00edlat zpr\u00e1vy ostatn\u00edm u\u017eivatel\u016fm. U\u017eivatel\u00e9 mus\u00ed p\u0159i registraci poskytnout fotografii, i kdy\u017e neexistuje \u017e\u00e1dn\u00fd po\u017eadavek na nahr\u00e1n\u00ed dal\u0161\u00edch obr\u00e1zk\u016f. Web nenab\u00edz\u00ed pokro\u010dil\u00e9 mo\u017enosti p\u00e1rov\u00e1n\u00ed, ale umo\u017e\u0148uje u\u017eivatel\u016fm filtrovat potenci\u00e1ln\u00ed partnery podle v\u011bku, pohlav\u00ed, um\u00edst\u011bn\u00ed, rodinn\u00e9ho stavu, sexu\u00e1ln\u00ed orientace a z\u00e1jm\u016f.<\/p>\n<p>BeNaughty je k dispozici v angli\u010dtin\u011b, francouz\u0161tin\u011b, n\u011bm\u010din\u011b, ital\u0161tin\u011b, \u0161pan\u011bl\u0161tin\u011b, portugal\u0161tin\u011b, ru\u0161tin\u011b, japon\u0161tin\u011b a \u010d\u00edn\u0161tin\u011b. M\u016f\u017eete si vybrat, zda chcete komunikovat prost\u0159ednictv\u00edm textov\u00e9 zpr\u00e1vy, telefonn\u00edho hovoru nebo videochatu, a nikdy se nebudete muset ob\u00e1vat, \u017ee v\u00e1s chyt\u00ed. Neexistuje \u017e\u00e1dn\u00fd limit na to, kolikr\u00e1t se m\u016f\u017eete p\u0159ihl\u00e1sit, tak\u017ee se m\u016f\u017eete vr\u00e1tit, kdykoli se budete cht\u00edt pod\u00edvat na nejnov\u011bj\u0161\u00ed v\u00fdpisy.<\/p>\n<p>Za pr\u00e9miov\u00e9 funkce mus\u00edte platit pouze v p\u0159\u00edpad\u011b, \u017ee je chcete. Na za\u010d\u00e1tek nejsou pot\u0159eba \u017e\u00e1dn\u00e9 pen\u00edze a nejsou k nim p\u0159ipojeny \u017e\u00e1dn\u00e9 podm\u00ednky. Dnes ve\u010der m\u016f\u017eete n\u011bkoho naj\u00edt!<\/p>\n<h3>Vyhled\u00e1va\u010d p\u0159\u00e1tel pro dosp\u011bl\u00e9<\/h3>\n<p>AdultFriendFinder je p\u0159edn\u00ed soci\u00e1ln\u00ed s\u00ed\u0165 pro dosp\u011bl\u00e9 pro hled\u00e1n\u00ed p\u0159\u00edle\u017eitostn\u00fdch setk\u00e1n\u00ed, p\u0159\u00e1tel s v\u00fdhodami, houpaj\u00edc\u00edch se p\u00e1r\u016f a diskr\u00e9tn\u00edch z\u00e1le\u017eitost\u00ed. AFF je aplikace, kter\u00e1 pom\u00e1h\u00e1 u\u017eivatel\u016fm poznat nov\u00e9 p\u0159\u00e1tele a milence.<\/p>\n<p>U\u017eivatel\u00e9 mohou proch\u00e1zet profily ostatn\u00edch \u010dlen\u016f a pos\u00edlat si navz\u00e1jem zpr\u00e1vy, pokud se jim l\u00edb\u00ed to, co vid\u00ed. Jakmile n\u011bkdo va\u0161i zpr\u00e1vu p\u0159ijme, m\u016f\u017eete si domluvit \u010das a m\u00edsto setk\u00e1n\u00ed. M\u016f\u017eete tak\u00e9 p\u0159idat profilov\u00fd obr\u00e1zek, napsat o sob\u011b a nahr\u00e1t fotky. Pokud m\u00e1te z\u00e1jem o setk\u00e1n\u00ed s ostatn\u00edmi, AFF je skv\u011bl\u00fd zp\u016fsob, jak za\u010d\u00edt!<\/p>\n<p>\u010clenov\u00e9 mohou proch\u00e1zet tis\u00edce fotografi\u00ed ostatn\u00edch \u010dlen\u016f, \u010d\u00edst si navz\u00e1jem profilov\u00e9 informace, ps\u00e1t osobn\u00ed pozn\u00e1mky a dokonce poslat mrknut\u00ed n\u011bkomu, koho maj\u00ed r\u00e1di. M\u016f\u017eete hledat p\u0159\u00e1tele, spojen\u00ed, p\u0159\u00edle\u017eitostn\u00e1 setk\u00e1n\u00ed a dokonce i dlouhodob\u00e9 vztahy. Existuje mnoho zp\u016fsob\u016f, jak se spojit a komunikovat s ostatn\u00edmi, v\u010detn\u011b chatovac\u00edch m\u00edstnost\u00ed, v\u00fdv\u011bsek, telefonn\u00edch sexu\u00e1ln\u00edch linek, webov\u00fdch kamer a dal\u0161\u00edch.<\/p>\n","protected":false},"excerpt":{"rendered":"<p>Jste p\u0159ipraveni za\u010d\u00edt chodit? Chcete naj\u00edt p\u0159ipojen\u00ed online a p\u0159estat ztr\u00e1cet \u010das? U\u017e nehledejte! To je p\u0159esn\u011b d\u016fvod, pro\u010d je pou\u017eit\u00ed aplikace pro <\/p>\n","protected":false},"author":1,"featured_media":0,"parent":0,"menu_order":0,"comment_status":"closed","ping_status":"closed","template":"","meta":[],"yoast_head":"<!-- This site is optimized with the Yoast SEO plugin v19.2 - https:\/\/yoast.com\/wordpress\/plugins\/seo\/ -->\n<title>M\u00edstn\u00ed p\u0159ipojen\u00ed zdarma - Hookup L\u00e1ska<\/title>\n<meta name=\"robots\" content=\"index, follow, max-snippet:-1, max-image-preview:large, max-video-preview:-1\" \/>\n<link rel=\"canonical\" href=\"https:\/\/bardelconvent.com\/cs\/\" \/>\n<meta property=\"og:locale\" content=\"cs_CZ\" \/>\n<meta property=\"og:type\" content=\"article\" \/>\n<meta property=\"og:title\" content=\"M\u00edstn\u00ed p\u0159ipojen\u00ed zdarma - Hookup L\u00e1ska\" \/>\n<meta property=\"og:description\" content=\"Jste p\u0159ipraveni za\u010d\u00edt chodit? Chcete naj\u00edt p\u0159ipojen\u00ed online a p\u0159estat ztr\u00e1cet \u010das? U\u017e nehledejte! To je p\u0159esn\u011b d\u016fvod, pro\u010d je pou\u017eit\u00ed aplikace pro\" \/>\n<meta property=\"og:url\" content=\"https:\/\/bardelconvent.com\/cs\/\" \/>\n<meta property=\"og:site_name\" content=\"Hookup L\u00e1ska\" \/>\n<meta property=\"article:modified_time\" content=\"2022-09-08T18:50:54+00:00\" \/>\n<meta property=\"og:image\" content=\"http:\/\/bardelconvent.com\/wp-content\/uploads\/2022\/07\/local-sex-hookup-websites-1024x668.jpeg\" \/>\n<meta name=\"author\" content=\"Dating Expert\" \/>\n<meta name=\"twitter:card\" content=\"summary_large_image\" \/>\n<meta name=\"twitter:label1\" content=\"Odhadovan\u00e1 doba \u010dten\u00ed\" \/>\n\t<meta name=\"twitter:data1\" content=\"6 minut\" \/>\n<script type=\"application\/ld+json\" class=\"yoast-schema-graph\">{\"@context\":\"https:\/\/schema.org\",\"@graph\":[{\"@type\":\"WebSite\",\"@id\":\"https:\/\/bardelconvent.com\/#website\",\"url\":\"https:\/\/bardelconvent.com\/\",\"name\":\"Hookup L\u00e1ska\",\"description\":\"Seznamov\u00e1n\u00ed a vztahy\",\"potentialAction\":[{\"@type\":\"SearchAction\",\"target\":{\"@type\":\"EntryPoint\",\"urlTemplate\":\"https:\/\/bardelconvent.com\/?s={search_term_string}\"},\"query-input\":\"required name=search_term_string\"}],\"inLanguage\":\"cs\"},{\"@type\":\"ImageObject\",\"inLanguage\":\"cs\",\"@id\":\"https:\/\/bardelconvent.com\/cs\/#primaryimage\",\"url\":\"https:\/\/bardelconvent.com\/wp-content\/uploads\/2022\/07\/local-sex-hookup-websites.jpeg\",\"contentUrl\":\"https:\/\/bardelconvent.com\/wp-content\/uploads\/2022\/07\/local-sex-hookup-websites.jpeg\",\"width\":2299,\"height\":1500},{\"@type\":\"WebPage\",\"@id\":\"https:\/\/bardelconvent.com\/cs\/#webpage\",\"url\":\"https:\/\/bardelconvent.com\/cs\/\",\"name\":\"M\u00edstn\u00ed p\u0159ipojen\u00ed zdarma - Hookup L\u00e1ska\",\"isPartOf\":{\"@id\":\"https:\/\/bardelconvent.com\/#website\"},\"primaryImageOfPage\":{\"@id\":\"https:\/\/bardelconvent.com\/cs\/#primaryimage\"},\"datePublished\":\"2022-07-08T10:54:38+00:00\",\"dateModified\":\"2022-09-08T18:50:54+00:00\",\"breadcrumb\":{\"@id\":\"https:\/\/bardelconvent.com\/cs\/#breadcrumb\"},\"inLanguage\":\"cs\",\"potentialAction\":[{\"@type\":\"ReadAction\",\"target\":[\"https:\/\/bardelconvent.com\/cs\/\"]}]},{\"@type\":\"BreadcrumbList\",\"@id\":\"https:\/\/bardelconvent.com\/cs\/#breadcrumb\",\"itemListElement\":[{\"@type\":\"ListItem\",\"position\":1,\"name\":\"Domov\",\"item\":\"http:\/\/bardelconvent.com\/cs\/\"},{\"@type\":\"ListItem\",\"position\":2,\"name\":\"M\u00edstn\u00ed p\u0159ipojen\u00ed zdarma\"}]}]}<\/script>\n<!-- \/ Yoast SEO plugin. -->","yoast_head_json":{"title":"M\u00edstn\u00ed p\u0159ipojen\u00ed zdarma - Hookup L\u00e1ska","robots":{"index":"index","follow":"follow","max-snippet":"max-snippet:-1","max-image-preview":"max-image-preview:large","max-video-preview":"max-video-preview:-1"},"canonical":"https:\/\/bardelconvent.com\/cs\/","og_locale":"cs_CZ","og_type":"article","og_title":"M\u00edstn\u00ed p\u0159ipojen\u00ed zdarma - Hookup L\u00e1ska","og_description":"Jste p\u0159ipraveni za\u010d\u00edt chodit? Chcete naj\u00edt p\u0159ipojen\u00ed online a p\u0159estat ztr\u00e1cet \u010das? U\u017e nehledejte! To je p\u0159esn\u011b d\u016fvod, pro\u010d je pou\u017eit\u00ed aplikace pro","og_url":"https:\/\/bardelconvent.com\/cs\/","og_site_name":"Hookup L\u00e1ska","article_modified_time":"2022-09-08T18:50:54+00:00","og_image":[{"url":"http:\/\/bardelconvent.com\/wp-content\/uploads\/2022\/07\/local-sex-hookup-websites-1024x668.jpeg"}],"author":"Dating Expert","twitter_card":"summary_large_image","twitter_misc":{"Odhadovan\u00e1 doba \u010dten\u00ed":"6 minut"},"schema":{"@context":"https:\/\/schema.org","@graph":[{"@type":"WebSite","@id":"https:\/\/bardelconvent.com\/#website","url":"https:\/\/bardelconvent.com\/","name":"Hookup L\u00e1ska","description":"Seznamov\u00e1n\u00ed a vztahy","potentialAction":[{"@type":"SearchAction","target":{"@type":"EntryPoint","urlTemplate":"https:\/\/bardelconvent.com\/?s={search_term_string}"},"query-input":"required name=search_term_string"}],"inLanguage":"cs"},{"@type":"ImageObject","inLanguage":"cs","@id":"https:\/\/bardelconvent.com\/cs\/#primaryimage","url":"https:\/\/bardelconvent.com\/wp-content\/uploads\/2022\/07\/local-sex-hookup-websites.jpeg","contentUrl":"https:\/\/bardelconvent.com\/wp-content\/uploads\/2022\/07\/local-sex-hookup-websites.jpeg","width":2299,"height":1500},{"@type":"WebPage","@id":"https:\/\/bardelconvent.com\/cs\/#webpage","url":"https:\/\/bardelconvent.com\/cs\/","name":"M\u00edstn\u00ed p\u0159ipojen\u00ed zdarma - Hookup L\u00e1ska","isPartOf":{"@id":"https:\/\/bardelconvent.com\/#website"},"primaryImageOfPage":{"@id":"https:\/\/bardelconvent.com\/cs\/#primaryimage"},"datePublished":"2022-07-08T10:54:38+00:00","dateModified":"2022-09-08T18:50:54+00:00","breadcrumb":{"@id":"https:\/\/bardelconvent.com\/cs\/#breadcrumb"},"inLanguage":"cs","potentialAction":[{"@type":"ReadAction","target":["https:\/\/bardelconvent.com\/cs\/"]}]},{"@type":"BreadcrumbList","@id":"https:\/\/bardelconvent.com\/cs\/#breadcrumb","itemListElement":[{"@type":"ListItem","position":1,"name":"Domov","item":"http:\/\/bardelconvent.com\/cs\/"},{"@type":"ListItem","position":2,"name":"M\u00edstn\u00ed p\u0159ipojen\u00ed zdarma"}]}]}},"_links":{"self":[{"href":"https:\/\/bardelconvent.com\/cs\/wp-json\/wp\/v2\/pages\/215"}],"collection":[{"href":"https:\/\/bardelconvent.com\/cs\/wp-json\/wp\/v2\/pages"}],"about":[{"href":"https:\/\/bardelconvent.com\/cs\/wp-json\/wp\/v2\/types\/page"}],"author":[{"embeddable":true,"href":"https:\/\/bardelconvent.com\/cs\/wp-json\/wp\/v2\/users\/1"}],"replies":[{"embeddable":true,"href":"https:\/\/bardelconvent.com\/cs\/wp-json\/wp\/v2\/comments?post=215"}],"version-history":[{"count":1,"href":"https:\/\/bardelconvent.com\/cs\/wp-json\/wp\/v2\/pages\/215\/revisions"}],"predecessor-version":[{"id":279,"href":"https:\/\/bardelconvent.com\/cs\/wp-json\/wp\/v2\/pages\/215\/revisions\/279"}],"wp:attachment":[{"href":"https:\/\/bardelconvent.com\/cs\/wp-json\/wp\/v2\/media?parent=215"}],"curies":[{"name":"wp","href":"https:\/\/api.w.org\/{rel}","templated":true}]}}