{"id":221,"date":"2022-07-08T11:54:38","date_gmt":"2022-07-08T10:54:38","guid":{"rendered":"http:\/\/bardelconvent.com\/gratis-lokale-tilslutninger\/"},"modified":"2022-07-08T11:54:38","modified_gmt":"2022-07-08T10:54:38","slug":"gratis-lokale-tilslutninger","status":"publish","type":"page","link":"https:\/\/bardelconvent.com\/da\/","title":{"rendered":"Gratis lokale tilslutninger"},"content":{"rendered":"<p>Er du klar til at begynde at date? \u00d8nsker du at finde en tilslutning online og stoppe med at spilde tid?<\/p>\n<p>Se ikke l\u00e6ngere!<\/p>\n<p>Det er netop derfor, at det er en god id\u00e9 at bruge tilslutningsappen &#8211; datingplatformen har allerede gjort alt det h\u00e5rde arbejde for dig. Alle p\u00e5 denne platform \u00f8nsker at have det sjovt og blive lagt. De er allerede forberedt p\u00e5 one night stands, NSA flings og s\u00e5 videre. Der er ikke andet at g\u00f8re end at v\u00e6lge din yndlingskandidat og begynde at chatte. Ingen grund til at overtale nogen l\u00e6ngere. Hvor fantastisk er det?<\/p>\n<p><img loading=\"lazy\" class=\"aligncenter size-large wp-image-65\" src=\"http:\/\/bardelconvent.com\/wp-content\/uploads\/2022\/07\/local-sex-hookup-websites-1024x668.jpeg\" alt=\"\" width=\"640\" height=\"418\" srcset=\"https:\/\/bardelconvent.com\/wp-content\/uploads\/2022\/07\/local-sex-hookup-websites-1024x668.jpeg 1024w, https:\/\/bardelconvent.com\/wp-content\/uploads\/2022\/07\/local-sex-hookup-websites-300x196.jpeg 300w, https:\/\/bardelconvent.com\/wp-content\/uploads\/2022\/07\/local-sex-hookup-websites-768x501.jpeg 768w, https:\/\/bardelconvent.com\/wp-content\/uploads\/2022\/07\/local-sex-hookup-websites-1536x1002.jpeg 1536w, https:\/\/bardelconvent.com\/wp-content\/uploads\/2022\/07\/local-sex-hookup-websites-2048x1336.jpeg 2048w\" sizes=\"(max-width: 640px) 100vw, 640px\" \/><\/p>\n<h2>M\u00f8d lokale singler i dit omr\u00e5de<\/h2>\n<p>N\u00e5r du leder efter et websted, der opfylder dine behov, skal du s\u00f8rge for at tjekke anmeldelser om dem. Du b\u00f8r ogs\u00e5 overveje at tjekke placeringen af hjemmesiden, for hvis den er placeret i et andet land end dit, har du muligvis at g\u00f8re med falske profiler. Hvis du synes, at profilen ser mist\u00e6nkelig ud, kan det v\u00e6re en god id\u00e9 at undg\u00e5 at bruge den. En anden ting, du kan g\u00f8re, er at sp\u00f8rge medlemmerne af platformen, om de virkelig er aktive p\u00e5 den.<\/p>\n<p>De fleste lokale tilslutningsplatforme er legitime og reelle. De fleste af webstederne har rigtige brugere, hvilket betyder, at du f\u00e5r en chance for at finde nogen, der faktisk \u00f8nsker at m\u00f8de dig.<\/p>\n<p>Du beh\u00f8ver ikke bekymre dig om at spilde din tid med falske profiler og spammere. Hvis platformen ikke giver nogen adresse eller kontaktoplysninger, skal du sandsynligvis undg\u00e5 at bruge den.<\/p>\n<p>Ellers kan du ende med at m\u00f8de nogen, der ikke er interesseret i at m\u00f8de dig.<\/p>\n<h3>OneNightFriend.com<\/h3>\n<p>One Night Friend er en online dating hjemmeside, der giver brugerne mulighed for at m\u00f8de mennesker i n\u00e6rheden. Folk, der er interesseret i at m\u00f8de nogen i n\u00e6rheden, kan deltage i systemet og oprette en profil. N\u00e5r du har oprettet en profil, kan brugerne v\u00e6lge, om de vil modtage beskeder fra andre medlemmer eller ej. Hvis en bruger \u00f8nsker at modtage beskeder, skal han\/hun angive sit k\u00f8n og aldersgruppe. Brugere kan ogs\u00e5 angive deres placering og interesser. Medlemmer kan se profiler af andre brugere og sende dem beskeder. Brugere kan ogs\u00e5 se, om der er andre medlemmer i n\u00e6rheden af dem.<\/p>\n<p>Registrering er enkel. Du skal bare udfylde en kort formular p\u00e5 hjemmesiden og indsende den. Kreditkort kr\u00e6ves ikke! Registrering er gratis, og der er ingen skjulte gebyrer. N\u00e5r du har tilmeldt dig, f\u00e5r du adgang til alle funktionerne p\u00e5 webstedet, herunder chatrum, private beskeder, videoopkald, fotoalbum, profilredigering og mange andre.<\/p>\n<p>Der er ogs\u00e5 flere m\u00e5der at kommunikere sikkert med andre medlemmer af webstedet p\u00e5. Du kan bruge tekstbeskeder, taleopkald, videoopkald og instant messenger.<\/p>\n<h3>Ashley Madison<\/h3>\n<p>AshleyMadison.com er en diskret sexdatingside for singler! Denne sp\u00e6ndende datingside blev lanceret i 2001 og tilbyder masser af muligheder for at flirte diskret. Der er over 54 millioner profiler, der venter p\u00e5 dig p\u00e5 AshleyMadison.com, og det er gratis. Find one night stands og udenoms\u00e6gteskabelige aff\u00e6rer nu!<\/p>\n<p>Med over 54 millioner medlemmer tilbyder AshleyMadison.com et sikkert tilflugtssted for dem, der leder efter k\u00e6rlighed online. Gratis at deltage i og se kampe, brugere kan ogs\u00e5 gennemse webstedets omfattende liste over kategorier, herunder cougars, MILF&#8217;er, swingerpar, swingere og endda sugardaddies. Medlemmer kan ogs\u00e5 s\u00f8ge efter potentielle matches efter alder, placering, h\u00f8jde, v\u00e6gt, etnicitet og seksuel orientering. Hvis du er interesseret i diskrete anliggender, er der ingen strenge knyttet, n\u00e5r du bruger webstedets premium-tjenester.<\/p>\n<h3>Fr\u00e6k<\/h3>\n<p>BeNaughty er en online dating service, der tilbyder grundl\u00e6ggende funktioner gratis. Hjemmesiden er designet til at hj\u00e6lpe voksne, der leder efter afslappet sex, med at m\u00f8de hinanden. Appen indeholder muligheden for at chatte, gennemse profiler og sende beskeder til andre brugere. Brugere skal give et foto, n\u00e5r de tilmelder sig, selvom der ikke er noget krav om at uploade yderligere billeder. Webstedet tilbyder ikke avancerede matchningsmuligheder, men giver brugerne mulighed for at filtrere potentielle partnere efter alder, k\u00f8n, placering, forholdsstatus, seksuel orientering og interesser.<\/p>\n<p>BeNaughty er tilg\u00e6ngelig p\u00e5 engelsk, fransk, tysk, italiensk, spansk, portugisisk, russisk, japansk og kinesisk. Du kan v\u00e6lge, om du vil kommunikere via sms, telefonopkald eller videochat, og du beh\u00f8ver aldrig bekymre dig om at blive fanget. Der er heller ingen gr\u00e6nse for, hvor mange gange du kan logge ind, s\u00e5 du kan komme tilbage, n\u00e5r du vil tjekke de seneste fortegnelser.<\/p>\n<p>Du beh\u00f8ver kun at betale for premium-funktioner, hvis du vil have dem. Der kr\u00e6ves ingen penge for at komme i gang, og der er ingen strenge knyttet. Du kan finde nogen i aften!<\/p>\n<h3>Voksen Ven Finder<\/h3>\n<p>AdultFriendFinder er det f\u00f8rende voksne sociale netv\u00e6rk til at finde afslappede m\u00f8der, venner med fordele, svingende par og diskrete anliggender. AFF er en app, der hj\u00e6lper brugerne med at m\u00f8de nye venner og elskere.<\/p>\n<p>Brugere kan gennemse profiler af andre medlemmer og sende beskeder til hinanden, hvis de kan lide det, de ser. N\u00e5r nogen har accepterer din besked, kan du arrangere et tidspunkt og et sted at m\u00f8des. Du kan ogs\u00e5 tilf\u00f8je et profilbillede, skrive om dig selv og uploade billeder. Hvis du er interesseret i at m\u00f8des med andre, er AFF en fantastisk m\u00e5de at komme i gang p\u00e5!<\/p>\n<p>Medlemmer kan gennemse tusindvis af andre medlemmers fotos, l\u00e6se hinandens profiloplysninger, skrive personlige noter og endda sende et blink til nogen, de kan lide. Du kan s\u00f8ge efter venner, tilslutninger, afslappede m\u00f8der og endda langsigtede forhold. Der er mange m\u00e5der at oprette forbindelse til og interagere med andre, herunder chatrum, opslagstavler, telefonsexlinjer, webcam-shows og meget mere.<\/p>\n","protected":false},"excerpt":{"rendered":"<p>Er du klar til at begynde at date? \u00d8nsker du at finde en tilslutning online og stoppe med at spilde tid? Se ikke <\/p>\n","protected":false},"author":1,"featured_media":0,"parent":0,"menu_order":0,"comment_status":"closed","ping_status":"closed","template":"","meta":[],"yoast_head":"<!-- This site is optimized with the Yoast SEO plugin v19.2 - https:\/\/yoast.com\/wordpress\/plugins\/seo\/ -->\n<title>Gratis lokale tilslutninger - Tilslutning k\u00e6rlighed<\/title>\n<meta name=\"robots\" content=\"index, follow, max-snippet:-1, max-image-preview:large, max-video-preview:-1\" \/>\n<link rel=\"canonical\" href=\"https:\/\/bardelconvent.com\/da\/\" \/>\n<meta property=\"og:locale\" content=\"da_DK\" \/>\n<meta property=\"og:type\" content=\"article\" \/>\n<meta property=\"og:title\" content=\"Gratis lokale tilslutninger - Tilslutning k\u00e6rlighed\" \/>\n<meta property=\"og:description\" content=\"Er du klar til at begynde at date? \u00d8nsker du at finde en tilslutning online og stoppe med at spilde tid? Se ikke\" \/>\n<meta property=\"og:url\" content=\"https:\/\/bardelconvent.com\/da\/\" \/>\n<meta property=\"og:site_name\" content=\"Tilslutning k\u00e6rlighed\" \/>\n<meta property=\"og:image\" content=\"http:\/\/bardelconvent.com\/wp-content\/uploads\/2022\/07\/local-sex-hookup-websites-1024x668.jpeg\" \/>\n<meta name=\"author\" content=\"Dating Expert\" \/>\n<meta name=\"twitter:card\" content=\"summary_large_image\" \/>\n<meta name=\"twitter:label1\" content=\"Estimeret l\u00e6setid\" \/>\n\t<meta name=\"twitter:data1\" content=\"5 minutter\" \/>\n<script type=\"application\/ld+json\" class=\"yoast-schema-graph\">{\"@context\":\"https:\/\/schema.org\",\"@graph\":[{\"@type\":\"WebSite\",\"@id\":\"http:\/\/bardelconvent.com\/de\/#website\",\"url\":\"http:\/\/bardelconvent.com\/de\/\",\"name\":\"Tilslutning k\u00e6rlighed\",\"description\":\"Dating &amp; Forhold\",\"potentialAction\":[{\"@type\":\"SearchAction\",\"target\":{\"@type\":\"EntryPoint\",\"urlTemplate\":\"http:\/\/bardelconvent.com\/de\/?s={search_term_string}\"},\"query-input\":\"required name=search_term_string\"}],\"inLanguage\":\"da-DK\"},{\"@type\":\"ImageObject\",\"inLanguage\":\"da-DK\",\"@id\":\"https:\/\/bardelconvent.com\/da\/#primaryimage\",\"url\":\"https:\/\/bardelconvent.com\/wp-content\/uploads\/2022\/07\/local-sex-hookup-websites.jpeg\",\"contentUrl\":\"https:\/\/bardelconvent.com\/wp-content\/uploads\/2022\/07\/local-sex-hookup-websites.jpeg\",\"width\":2299,\"height\":1500},{\"@type\":\"WebPage\",\"@id\":\"https:\/\/bardelconvent.com\/da\/#webpage\",\"url\":\"https:\/\/bardelconvent.com\/da\/\",\"name\":\"Gratis lokale tilslutninger - Tilslutning k\u00e6rlighed\",\"isPartOf\":{\"@id\":\"http:\/\/bardelconvent.com\/de\/#website\"},\"primaryImageOfPage\":{\"@id\":\"https:\/\/bardelconvent.com\/da\/#primaryimage\"},\"datePublished\":\"2022-07-08T10:54:38+00:00\",\"dateModified\":\"2022-07-08T10:54:38+00:00\",\"breadcrumb\":{\"@id\":\"https:\/\/bardelconvent.com\/da\/#breadcrumb\"},\"inLanguage\":\"da-DK\",\"potentialAction\":[{\"@type\":\"ReadAction\",\"target\":[\"https:\/\/bardelconvent.com\/da\/\"]}]},{\"@type\":\"BreadcrumbList\",\"@id\":\"https:\/\/bardelconvent.com\/da\/#breadcrumb\",\"itemListElement\":[{\"@type\":\"ListItem\",\"position\":1,\"name\":\"Hjem\",\"item\":\"https:\/\/bardelconvent.com\/da\/\"},{\"@type\":\"ListItem\",\"position\":2,\"name\":\"Gratis lokale tilslutninger\"}]}]}<\/script>\n<!-- \/ Yoast SEO plugin. -->","yoast_head_json":{"title":"Gratis lokale tilslutninger - Tilslutning k\u00e6rlighed","robots":{"index":"index","follow":"follow","max-snippet":"max-snippet:-1","max-image-preview":"max-image-preview:large","max-video-preview":"max-video-preview:-1"},"canonical":"https:\/\/bardelconvent.com\/da\/","og_locale":"da_DK","og_type":"article","og_title":"Gratis lokale tilslutninger - Tilslutning k\u00e6rlighed","og_description":"Er du klar til at begynde at date? \u00d8nsker du at finde en tilslutning online og stoppe med at spilde tid? Se ikke","og_url":"https:\/\/bardelconvent.com\/da\/","og_site_name":"Tilslutning k\u00e6rlighed","og_image":[{"url":"http:\/\/bardelconvent.com\/wp-content\/uploads\/2022\/07\/local-sex-hookup-websites-1024x668.jpeg"}],"author":"Dating Expert","twitter_card":"summary_large_image","twitter_misc":{"Estimeret l\u00e6setid":"5 minutter"},"schema":{"@context":"https:\/\/schema.org","@graph":[{"@type":"WebSite","@id":"http:\/\/bardelconvent.com\/de\/#website","url":"http:\/\/bardelconvent.com\/de\/","name":"Tilslutning k\u00e6rlighed","description":"Dating &amp; Forhold","potentialAction":[{"@type":"SearchAction","target":{"@type":"EntryPoint","urlTemplate":"http:\/\/bardelconvent.com\/de\/?s={search_term_string}"},"query-input":"required name=search_term_string"}],"inLanguage":"da-DK"},{"@type":"ImageObject","inLanguage":"da-DK","@id":"https:\/\/bardelconvent.com\/da\/#primaryimage","url":"https:\/\/bardelconvent.com\/wp-content\/uploads\/2022\/07\/local-sex-hookup-websites.jpeg","contentUrl":"https:\/\/bardelconvent.com\/wp-content\/uploads\/2022\/07\/local-sex-hookup-websites.jpeg","width":2299,"height":1500},{"@type":"WebPage","@id":"https:\/\/bardelconvent.com\/da\/#webpage","url":"https:\/\/bardelconvent.com\/da\/","name":"Gratis lokale tilslutninger - Tilslutning k\u00e6rlighed","isPartOf":{"@id":"http:\/\/bardelconvent.com\/de\/#website"},"primaryImageOfPage":{"@id":"https:\/\/bardelconvent.com\/da\/#primaryimage"},"datePublished":"2022-07-08T10:54:38+00:00","dateModified":"2022-07-08T10:54:38+00:00","breadcrumb":{"@id":"https:\/\/bardelconvent.com\/da\/#breadcrumb"},"inLanguage":"da-DK","potentialAction":[{"@type":"ReadAction","target":["https:\/\/bardelconvent.com\/da\/"]}]},{"@type":"BreadcrumbList","@id":"https:\/\/bardelconvent.com\/da\/#breadcrumb","itemListElement":[{"@type":"ListItem","position":1,"name":"Hjem","item":"https:\/\/bardelconvent.com\/da\/"},{"@type":"ListItem","position":2,"name":"Gratis lokale tilslutninger"}]}]}},"_links":{"self":[{"href":"https:\/\/bardelconvent.com\/da\/wp-json\/wp\/v2\/pages\/221"}],"collection":[{"href":"https:\/\/bardelconvent.com\/da\/wp-json\/wp\/v2\/pages"}],"about":[{"href":"https:\/\/bardelconvent.com\/da\/wp-json\/wp\/v2\/types\/page"}],"author":[{"embeddable":true,"href":"https:\/\/bardelconvent.com\/da\/wp-json\/wp\/v2\/users\/1"}],"replies":[{"embeddable":true,"href":"https:\/\/bardelconvent.com\/da\/wp-json\/wp\/v2\/comments?post=221"}],"version-history":[{"count":0,"href":"https:\/\/bardelconvent.com\/da\/wp-json\/wp\/v2\/pages\/221\/revisions"}],"wp:attachment":[{"href":"https:\/\/bardelconvent.com\/da\/wp-json\/wp\/v2\/media?parent=221"}],"curies":[{"name":"wp","href":"https:\/\/api.w.org\/{rel}","templated":true}]}}