{"id":216,"date":"2022-07-08T11:54:38","date_gmt":"2022-07-08T10:54:38","guid":{"rendered":"http:\/\/bardelconvent.com\/kostenlose-lokale-hookups\/"},"modified":"2022-09-08T14:59:20","modified_gmt":"2022-09-08T13:59:20","slug":"kostenlose-lokale-hookups","status":"publish","type":"page","link":"https:\/\/bardelconvent.com\/de\/","title":{"rendered":"Kostenlose lokale Hookups"},"content":{"rendered":"<p>Bist du bereit, mit dem Dating zu beginnen? M\u00f6chten Sie eine Verbindung online finden und aufh\u00f6ren, Zeit zu verschwenden?<\/p>\n<p>Suchen Sie nicht weiter!<\/p>\n<p>Genau deshalb ist die Verwendung der Hookup-App eine gro\u00dfartige Idee &#8211; die Dating-Plattform hat bereits die ganze harte Arbeit f\u00fcr Sie erledigt und <a href=\"https:\/\/www.sextchat.net\/de\/jerk-off-with-strangers\/\">live jerking<\/a>. Jeder auf dieser Plattform m\u00f6chte Spa\u00df haben und sich legen lassen. Sie sind bereits auf One-Night-Stands, NSA-Seitenspr\u00fcnge und so weiter vorbereitet. Es bleibt nichts mehr zu tun, au\u00dfer Ihren Lieblingskandidaten auszuw\u00e4hlen und mit dem Chatten zu beginnen. Keine Notwendigkeit mehr, jemanden zu \u00fcberzeugen. Wie toll ist das denn?<\/p>\n<p><img loading=\"lazy\" class=\"aligncenter size-large wp-image-65\" src=\"http:\/\/bardelconvent.com\/wp-content\/uploads\/2022\/07\/local-sex-hookup-websites-1024x668.jpeg\" alt=\"\" width=\"640\" height=\"418\" srcset=\"https:\/\/bardelconvent.com\/wp-content\/uploads\/2022\/07\/local-sex-hookup-websites-1024x668.jpeg 1024w, https:\/\/bardelconvent.com\/wp-content\/uploads\/2022\/07\/local-sex-hookup-websites-300x196.jpeg 300w, https:\/\/bardelconvent.com\/wp-content\/uploads\/2022\/07\/local-sex-hookup-websites-768x501.jpeg 768w, https:\/\/bardelconvent.com\/wp-content\/uploads\/2022\/07\/local-sex-hookup-websites-1536x1002.jpeg 1536w, https:\/\/bardelconvent.com\/wp-content\/uploads\/2022\/07\/local-sex-hookup-websites-2048x1336.jpeg 2048w\" sizes=\"(max-width: 640px) 100vw, 640px\" \/><\/p>\n<h2>Treffen Sie lokale Singles in Ihrer N\u00e4he<\/h2>\n<p>Wenn Sie nach einer Website suchen, die Ihren Bed\u00fcrfnissen entspricht, sollten Sie sich die Bewertungen dar\u00fcber ansehen. Sie sollten auch in Betracht ziehen, den Standort der Website zu \u00fcberpr\u00fcfen, denn wenn sie sich in einem anderen Land als Ihrem befindet, haben Sie es m\u00f6glicherweise mit gef\u00e4lschten Profilen zu tun. Wenn Sie der Meinung sind, dass das Profil verd\u00e4chtig aussieht und <a href=\"https:\/\/www.free-adult-cams.com\/de\/kostenlose-cam2cam\/\">cam2cam sex<\/a>, sollten Sie die Verwendung vermeiden. Eine andere Sache, die Sie tun k\u00f6nnen, ist, die Mitglieder der Plattform zu fragen, ob sie wirklich auf ihr aktiv sind.<\/p>\n<p>Die meisten lokalen Anschlussplattformen sind legitim und real. Die meisten Websites haben echte Benutzer, was bedeutet, dass Sie die Chance haben, jemanden zu finden, der Sie tats\u00e4chlich treffen m\u00f6chte.<\/p>\n<p>Sie m\u00fcssen sich keine Sorgen machen, Ihre Zeit mit gef\u00e4lschten Profilen und <a href=\"https:\/\/www.nsadating.net\/de\/kostenlose-sexspiele-auf-ios\/\">sexspiele kostenlos<\/a>. Wenn die Plattform keine Adresse oder Kontaktinformationen bereitstellt, sollten Sie sie wahrscheinlich vermeiden.<\/p>\n<p>Andernfalls k\u00f6nnten Sie am Ende jemanden treffen, der nicht daran interessiert ist, Sie zu treffen.<\/p>\n<h3>OneNightFriend.com<\/h3>\n<p>One Night Friend ist eine Online-Dating-Website, die es Benutzern erm\u00f6glicht, Menschen in der N\u00e4he zu treffen. Personen, die daran interessiert sind, jemanden in der N\u00e4he zu treffen, k\u00f6nnen dem System beitreten und ein Profil erstellen. Nach dem Erstellen eines Profils k\u00f6nnen Benutzer ausw\u00e4hlen, ob sie Nachrichten von anderen Mitgliedern erhalten m\u00f6chten oder nicht. Wenn ein Benutzer Nachrichten empfangen m\u00f6chte, muss er sein Geschlecht und seine Altersgruppe angeben. Benutzer k\u00f6nnen auch ihren Standort und ihre Interessen angeben. Mitglieder k\u00f6nnen Profile anderer Benutzer anzeigen und ihnen Nachrichten senden. Benutzer k\u00f6nnen auch sehen, ob sich andere Mitglieder in ihrer N\u00e4he befinden.<\/p>\n<p>Die Registrierung ist einfach. Sie m\u00fcssen nur ein kurzes Formular auf der Website ausf\u00fcllen und absenden. Keine Kreditkarte erforderlich! Die Registrierung ist kostenlos und es gibt keine versteckten Geb\u00fchren. Sobald Sie sich registriert haben, erhalten Sie Zugriff auf alle Funktionen der Website, einschlie\u00dflich Chatrooms, private Nachrichten, Videoanrufe, Fotoalben, Profilbearbeitung und viele andere.<\/p>\n<p>Es gibt auch mehrere M\u00f6glichkeiten, sicher mit anderen Mitgliedern der <a href=\"https:\/\/www.fuck-buddies.net\/de\/kostenlose-android-sexspiele\/\">sexspiele Android<\/a>. Sie k\u00f6nnen Textnachrichten, Sprachanrufe, Videoanrufe und Instant Messenger verwenden.<\/p>\n<h3>Ashley Madison<\/h3>\n<p>AshleyMadison.com ist eine diskrete Sex-Dating-Site f\u00fcr Singles! Diese aufregende Dating-Site wurde 2001 ins Leben gerufen und bietet unz\u00e4hlige M\u00f6glichkeiten, diskret zu flirten. Es gibt \u00fcber 54 Millionen Profile, die auf AshleyMadison.com auf Sie warten, und es ist kostenlos. Finden Sie jetzt One-Night-Stands und au\u00dfereheliche Aff\u00e4ren!<\/p>\n<p>Mit \u00fcber 54 Millionen Mitgliedern bietet AshleyMadison.com einen sicheren Hafen f\u00fcr diejenigen, die online nach Liebe suchen. Benutzer k\u00f6nnen kostenlos beitreten und Spiele ansehen, und k\u00f6nnen auch die umfangreiche Liste der Kategorien der Website durchsuchen, darunter Pumas, MILFs, Swingerpaare, Swinger und sogar Sugar Daddies. Mitglieder k\u00f6nnen auch nach potenziellen \u00dcbereinstimmungen nach Alter, Standort, Gr\u00f6\u00dfe, Gewicht, ethnischer Zugeh\u00f6rigkeit und sexueller Orientierung suchen. Wenn Sie an diskreten Angelegenheiten interessiert sind, gibt es keine Bedingungen, wenn Sie die Premium-Dienste der Website nutzen.<\/p>\n<h3>BeNaughty<\/h3>\n<p>BeNaughty ist ein Online-Dating-Service, der grundlegende Funktionen kostenlos anbietet. Die Website soll Erwachsenen helfen, die auf der Suche nach Gelegenheitssex sind, sich zu treffen. Die App bietet die M\u00f6glichkeit, zu chatten, Profile zu durchsuchen und Nachrichten an andere Benutzer zu senden. Benutzer m\u00fcssen bei der Anmeldung ein Foto angeben, obwohl es nicht erforderlich ist, zus\u00e4tzliche Bilder hochzuladen. Die Website bietet keine erweiterten Matching-Optionen, erm\u00f6glicht es Benutzern jedoch, potenzielle Partner nach Alter, Geschlecht, Standort, Beziehungsstatus, sexueller Orientierung und Interessen zu filtern.<\/p>\n<p>BeNaughty ist in Englisch, Franz\u00f6sisch, Deutsch, Italienisch, Spanisch, Portugiesisch, Russisch, Japanisch und Chinesisch verf\u00fcgbar. Sie k\u00f6nnen w\u00e4hlen, ob Sie per SMS, Telefonanruf oder Video-Chat kommunizieren m\u00f6chten, und Sie m\u00fcssen sich keine Sorgen machen, erwischt zu werden. Es gibt auch keine Begrenzung, wie oft Sie sich anmelden k\u00f6nnen, so dass Sie wiederkommen k\u00f6nnen <a href=\"http:\/\/www.fuck-buddies.net\/de\/diskrete-gay-dating\/\">gaysex sites<\/a>, wann immer Sie die neuesten Angebote sehen m\u00f6chten.<\/p>\n<p>Sie m\u00fcssen nur f\u00fcr Premium-Funktionen bezahlen, wenn Sie sie m\u00f6chten. Es ist kein Geld erforderlich, um loszulegen, und es gibt keine Bedingungen. Sie k\u00f6nnen heute Abend jemanden finden!<\/p>\n<h3>Suche nach Freunden f\u00fcr Erwachsene<\/h3>\n<p>AdultFriendFinder ist das f\u00fchrende soziale Netzwerk f\u00fcr Erwachsene, um zuf\u00e4llige Begegnungen, Freunde mit Vorteilen, schwingende Paare und diskrete Angelegenheiten zu finden. AFF ist eine App, die Benutzern hilft, neue Freunde und Liebhaber zu treffen.<\/p>\n<p>Benutzer k\u00f6nnen Profile anderer Mitglieder durchsuchen und sich gegenseitig Nachrichten senden, wenn ihnen gef\u00e4llt, was sie sehen. Sobald jemand Ihre Nachricht akzeptiert, k\u00f6nnen Sie eine Zeit und einen Ort f\u00fcr ein Treffen vereinbaren. Sie k\u00f6nnen auch ein Profilbild hinzuf\u00fcgen, \u00fcber sich selbst schreiben und Fotos hochladen. Wenn Sie daran interessiert sind, sich mit anderen zu treffen, ist AFF eine gro\u00dfartige M\u00f6glichkeit, um loszulegen!<\/p>\n<p>Mitglieder k\u00f6nnen Tausende von Fotos anderer Mitglieder durchsuchen, die Profilinformationen des anderen lesen, pers\u00f6nliche Notizen schreiben und sogar jemandem ein Augenzwinkern senden, den sie m\u00f6gen. Sie k\u00f6nnen nach Freunden, Verbindungen, zuf\u00e4lligen Begegnungen und sogar langfristigen Beziehungen suchen. Es gibt viele M\u00f6glichkeiten, sich mit anderen zu verbinden und mit ihnen zu interagieren, einschlie\u00dflich Chatrooms, Message Boards, Telefonsexlinien, Webcam-Shows und mehr.<\/p>\n","protected":false},"excerpt":{"rendered":"<p>Bist du bereit, mit dem Dating zu beginnen? M\u00f6chten Sie eine Verbindung online finden und aufh\u00f6ren, Zeit zu verschwenden? Suchen Sie nicht weiter! <\/p>\n","protected":false},"author":1,"featured_media":0,"parent":0,"menu_order":0,"comment_status":"closed","ping_status":"closed","template":"","meta":[],"yoast_head":"<!-- This site is optimized with the Yoast SEO plugin v19.2 - https:\/\/yoast.com\/wordpress\/plugins\/seo\/ -->\n<title>Kostenlose lokale Hookups - Hookup Liebe<\/title>\n<meta name=\"robots\" content=\"index, follow, max-snippet:-1, max-image-preview:large, max-video-preview:-1\" \/>\n<link rel=\"canonical\" href=\"https:\/\/bardelconvent.com\/de\/\" \/>\n<meta property=\"og:locale\" content=\"de_DE\" \/>\n<meta property=\"og:type\" content=\"article\" \/>\n<meta property=\"og:title\" content=\"Kostenlose lokale Hookups - Hookup Liebe\" \/>\n<meta property=\"og:description\" content=\"Bist du bereit, mit dem Dating zu beginnen? M\u00f6chten Sie eine Verbindung online finden und aufh\u00f6ren, Zeit zu verschwenden? Suchen Sie nicht weiter!\" \/>\n<meta property=\"og:url\" content=\"https:\/\/bardelconvent.com\/de\/\" \/>\n<meta property=\"og:site_name\" content=\"Hookup Liebe\" \/>\n<meta property=\"article:modified_time\" content=\"2022-09-08T13:59:20+00:00\" \/>\n<meta property=\"og:image\" content=\"http:\/\/bardelconvent.com\/wp-content\/uploads\/2022\/07\/local-sex-hookup-websites-1024x668.jpeg\" \/>\n<meta name=\"author\" content=\"Dating Expert\" \/>\n<meta name=\"twitter:card\" content=\"summary_large_image\" \/>\n<meta name=\"twitter:label1\" content=\"Gesch\u00e4tzte Lesezeit\" \/>\n\t<meta name=\"twitter:data1\" content=\"5\u00a0Minuten\" \/>\n<script type=\"application\/ld+json\" class=\"yoast-schema-graph\">{\"@context\":\"https:\/\/schema.org\",\"@graph\":[{\"@type\":\"WebSite\",\"@id\":\"https:\/\/bardelconvent.com\/#website\",\"url\":\"https:\/\/bardelconvent.com\/\",\"name\":\"Hookup Liebe\",\"description\":\"Dating &amp; Beziehungen\",\"potentialAction\":[{\"@type\":\"SearchAction\",\"target\":{\"@type\":\"EntryPoint\",\"urlTemplate\":\"https:\/\/bardelconvent.com\/?s={search_term_string}\"},\"query-input\":\"required name=search_term_string\"}],\"inLanguage\":\"de\"},{\"@type\":\"ImageObject\",\"inLanguage\":\"de\",\"@id\":\"https:\/\/bardelconvent.com\/de\/#primaryimage\",\"url\":\"https:\/\/bardelconvent.com\/wp-content\/uploads\/2022\/07\/local-sex-hookup-websites.jpeg\",\"contentUrl\":\"https:\/\/bardelconvent.com\/wp-content\/uploads\/2022\/07\/local-sex-hookup-websites.jpeg\",\"width\":2299,\"height\":1500},{\"@type\":\"WebPage\",\"@id\":\"https:\/\/bardelconvent.com\/de\/#webpage\",\"url\":\"https:\/\/bardelconvent.com\/de\/\",\"name\":\"Kostenlose lokale Hookups - Hookup Liebe\",\"isPartOf\":{\"@id\":\"https:\/\/bardelconvent.com\/#website\"},\"primaryImageOfPage\":{\"@id\":\"https:\/\/bardelconvent.com\/de\/#primaryimage\"},\"datePublished\":\"2022-07-08T10:54:38+00:00\",\"dateModified\":\"2022-09-08T13:59:20+00:00\",\"breadcrumb\":{\"@id\":\"https:\/\/bardelconvent.com\/de\/#breadcrumb\"},\"inLanguage\":\"de\",\"potentialAction\":[{\"@type\":\"ReadAction\",\"target\":[\"https:\/\/bardelconvent.com\/de\/\"]}]},{\"@type\":\"BreadcrumbList\",\"@id\":\"https:\/\/bardelconvent.com\/de\/#breadcrumb\",\"itemListElement\":[{\"@type\":\"ListItem\",\"position\":1,\"name\":\"Heim\",\"item\":\"https:\/\/bardelconvent.com\/de\/\"},{\"@type\":\"ListItem\",\"position\":2,\"name\":\"Kostenlose lokale Hookups\"}]}]}<\/script>\n<!-- \/ Yoast SEO plugin. -->","yoast_head_json":{"title":"Kostenlose lokale Hookups - Hookup Liebe","robots":{"index":"index","follow":"follow","max-snippet":"max-snippet:-1","max-image-preview":"max-image-preview:large","max-video-preview":"max-video-preview:-1"},"canonical":"https:\/\/bardelconvent.com\/de\/","og_locale":"de_DE","og_type":"article","og_title":"Kostenlose lokale Hookups - Hookup Liebe","og_description":"Bist du bereit, mit dem Dating zu beginnen? M\u00f6chten Sie eine Verbindung online finden und aufh\u00f6ren, Zeit zu verschwenden? Suchen Sie nicht weiter!","og_url":"https:\/\/bardelconvent.com\/de\/","og_site_name":"Hookup Liebe","article_modified_time":"2022-09-08T13:59:20+00:00","og_image":[{"url":"http:\/\/bardelconvent.com\/wp-content\/uploads\/2022\/07\/local-sex-hookup-websites-1024x668.jpeg"}],"author":"Dating Expert","twitter_card":"summary_large_image","twitter_misc":{"Gesch\u00e4tzte Lesezeit":"5\u00a0Minuten"},"schema":{"@context":"https:\/\/schema.org","@graph":[{"@type":"WebSite","@id":"https:\/\/bardelconvent.com\/#website","url":"https:\/\/bardelconvent.com\/","name":"Hookup Liebe","description":"Dating &amp; Beziehungen","potentialAction":[{"@type":"SearchAction","target":{"@type":"EntryPoint","urlTemplate":"https:\/\/bardelconvent.com\/?s={search_term_string}"},"query-input":"required name=search_term_string"}],"inLanguage":"de"},{"@type":"ImageObject","inLanguage":"de","@id":"https:\/\/bardelconvent.com\/de\/#primaryimage","url":"https:\/\/bardelconvent.com\/wp-content\/uploads\/2022\/07\/local-sex-hookup-websites.jpeg","contentUrl":"https:\/\/bardelconvent.com\/wp-content\/uploads\/2022\/07\/local-sex-hookup-websites.jpeg","width":2299,"height":1500},{"@type":"WebPage","@id":"https:\/\/bardelconvent.com\/de\/#webpage","url":"https:\/\/bardelconvent.com\/de\/","name":"Kostenlose lokale Hookups - Hookup Liebe","isPartOf":{"@id":"https:\/\/bardelconvent.com\/#website"},"primaryImageOfPage":{"@id":"https:\/\/bardelconvent.com\/de\/#primaryimage"},"datePublished":"2022-07-08T10:54:38+00:00","dateModified":"2022-09-08T13:59:20+00:00","breadcrumb":{"@id":"https:\/\/bardelconvent.com\/de\/#breadcrumb"},"inLanguage":"de","potentialAction":[{"@type":"ReadAction","target":["https:\/\/bardelconvent.com\/de\/"]}]},{"@type":"BreadcrumbList","@id":"https:\/\/bardelconvent.com\/de\/#breadcrumb","itemListElement":[{"@type":"ListItem","position":1,"name":"Heim","item":"https:\/\/bardelconvent.com\/de\/"},{"@type":"ListItem","position":2,"name":"Kostenlose lokale Hookups"}]}]}},"_links":{"self":[{"href":"https:\/\/bardelconvent.com\/de\/wp-json\/wp\/v2\/pages\/216"}],"collection":[{"href":"https:\/\/bardelconvent.com\/de\/wp-json\/wp\/v2\/pages"}],"about":[{"href":"https:\/\/bardelconvent.com\/de\/wp-json\/wp\/v2\/types\/page"}],"author":[{"embeddable":true,"href":"https:\/\/bardelconvent.com\/de\/wp-json\/wp\/v2\/users\/1"}],"replies":[{"embeddable":true,"href":"https:\/\/bardelconvent.com\/de\/wp-json\/wp\/v2\/comments?post=216"}],"version-history":[{"count":2,"href":"https:\/\/bardelconvent.com\/de\/wp-json\/wp\/v2\/pages\/216\/revisions"}],"predecessor-version":[{"id":276,"href":"https:\/\/bardelconvent.com\/de\/wp-json\/wp\/v2\/pages\/216\/revisions\/276"}],"wp:attachment":[{"href":"https:\/\/bardelconvent.com\/de\/wp-json\/wp\/v2\/media?parent=216"}],"curies":[{"name":"wp","href":"https:\/\/api.w.org\/{rel}","templated":true}]}}