{"id":230,"date":"2022-07-08T11:59:57","date_gmt":"2022-07-08T10:59:57","guid":{"rendered":"http:\/\/bardelconvent.com\/por-que-las-aplicaciones-de-citas-en-linea-podrian-funcionar-para-usted\/"},"modified":"2022-08-15T18:01:28","modified_gmt":"2022-08-15T17:01:28","slug":"por-que-las-aplicaciones-de-citas-en-linea-podrian-funcionar-para-usted","status":"publish","type":"page","link":"https:\/\/bardelconvent.com\/es\/por-que-las-aplicaciones-de-citas-en-linea-podrian-funcionar-para-usted\/","title":{"rendered":"Por qu\u00e9 las aplicaciones de citas en l\u00ednea podr\u00edan funcionar para usted"},"content":{"rendered":"<p>Internet nos permite conectarnos con personas de todo el mundo. Nos brinda la oportunidad de llegar a personas con las que normalmente no interactuar\u00edamos. Podemos comunicarnos con ellos cara a cara, compartir nuestros pensamientos y sentimientos, e incluso enamorarnos. Cuando confiamos en nuestros c\u00edrculos sociales, nuestras opciones <a href=\"https:\/\/www.nsa-hookup.net\/es\/juegos-de-sexo-gratis-sin-tarjeta-de-credito\/\">juegos de sexo gratis<\/a> son bastante limitadas. Pero si aprovechamos Internet para nuestro beneficio, podemos tener experiencias incre\u00edbles que no podr\u00edamos haber imaginado antes.<\/p>\n<p>Cuando est\u00e9 buscando una conexi\u00f3n local, siempre salga en una cita p\u00fablica y evite reunirse con ellos en un entorno privado. Si conoces a alguien en un restaurante, bar o cualquier otro lugar con mucha gente alrededor, entonces ser\u00e1 m\u00e1s f\u00e1cil de detectar si intentan hacer trampa. Aseg\u00farese de que todos conozcan sus planes antes de irse. Adem\u00e1s, mant\u00e9n tu tel\u00e9fono encendido y protegido mientras est\u00e1s fuera en la cita. Nunca se sabe cu\u00e1ndo podr\u00eda suceder algo, y necesitas mantenerte a salvo.<\/p>\n<h2>Qu\u00e9 aprender sobre las aplicaciones de citas<\/h2>\n<p>Aprender\u00e1s mucho sobre ti mismo y tu <a href=\"http:\/\/bardelconvent.com\/es\/aplicaciones-de-conexion-confiables-para-encontrar-sexo\/\">propia personalidad<\/a> cuando te unas a la escena moderna de las citas. Las aplicaciones de citas como Tinder y Bumble est\u00e1n creciendo en popularidad todos los d\u00edas. Estas aplicaciones le permiten conectarse con otros solteros cercanos e incluso emparejarse con socios compatibles. Hay muchos tipos diferentes de membres\u00edas disponibles, incluyendo gratuitas, pagas, premium y oro. Las membres\u00edas Gold brindan a <a href=\"https:\/\/www.fuck-buddies.net\/es\/los-mejores-juegos-porno-en-steam\/\">los mejores juegos porno<\/a> a funciones exclusivas, como deslizamientos ilimitados, coincidencias ilimitadas y descuentos especiales.<\/p>\n<p>Tambi\u00e9n puede usar la funci\u00f3n de b\u00fasqueda para <a href=\"https:\/\/www.hookup-now.com\/es\/juegos-sexuales-no-te-registras\/\">juegos de sexo gratis<\/a> similares a usted. A continuaci\u00f3n, puede conocerlos e intercambiar mensajes. Hay una alta probabilidad de que encuentres a alguien que quiera pasar tiempo contigo.<\/p>\n<h3>Bumble &#8211; Una de las opciones m\u00e1s populares<\/h3>\n<p>Bumble fue dise\u00f1ado para ayudar a las mujeres a dar el primer paso. Es una <a href=\"http:\/\/bardelconvent.com\/es\/funcionan-las-citas-a-ciegas\/\">aplicaci\u00f3n para mujeres<\/a> que buscan acostarse. Puede navegar a trav\u00e9s de los perfiles de hombres solteros y elegir su favorito. Si te gusta lo que ves, env\u00edales un mensaje. Si responden positivamente, entonces puedes iniciar una conversaci\u00f3n. Despu\u00e9s de eso, tendr\u00e1s que esperar hasta que tu hombre te env\u00ede un gui\u00f1o. Si lo hace, \u00a1entonces est\u00e1s listo para irte!<\/p>\n<h2>\u00bfQu\u00e9 hacer a continuaci\u00f3n?<\/h2>\n<p>Si no est\u00e1 seguro de si alguien est\u00e1 interesado en usted, intente invitarlo a salir en una cita. Tendr\u00e1s una mejor idea de qu\u00e9 tipo de persona son y si te gustar\u00eda volver a verlas. Si ya eres amigo, preg\u00fantales sobre sus intereses y pasatiempos. \u00a1Tal vez incluso podr\u00edan ir a una cita doble juntos!<\/p>\n","protected":false},"excerpt":{"rendered":"<p>Internet nos permite conectarnos con personas de todo el mundo. Nos brinda la oportunidad de llegar a personas con las que normalmente no <\/p>\n","protected":false},"author":1,"featured_media":110,"parent":0,"menu_order":0,"comment_status":"closed","ping_status":"closed","template":"","meta":[],"yoast_head":"<!-- This site is optimized with the Yoast SEO plugin v19.2 - https:\/\/yoast.com\/wordpress\/plugins\/seo\/ -->\n<title>Por qu\u00e9 las aplicaciones de citas en l\u00ednea podr\u00edan funcionar para usted - Amor de conexi\u00f3n<\/title>\n<meta name=\"robots\" content=\"index, follow, max-snippet:-1, max-image-preview:large, max-video-preview:-1\" \/>\n<link rel=\"canonical\" href=\"https:\/\/bardelconvent.com\/es\/por-que-las-aplicaciones-de-citas-en-linea-podrian-funcionar-para-usted\/\" \/>\n<meta property=\"og:locale\" content=\"es_ES\" \/>\n<meta property=\"og:type\" content=\"article\" \/>\n<meta property=\"og:title\" content=\"Por qu\u00e9 las aplicaciones de citas en l\u00ednea podr\u00edan funcionar para usted - Amor de conexi\u00f3n\" \/>\n<meta property=\"og:description\" content=\"Internet nos permite conectarnos con personas de todo el mundo. Nos brinda la oportunidad de llegar a personas con las que normalmente no\" \/>\n<meta property=\"og:url\" content=\"https:\/\/bardelconvent.com\/es\/por-que-las-aplicaciones-de-citas-en-linea-podrian-funcionar-para-usted\/\" \/>\n<meta property=\"og:site_name\" content=\"Amor de conexi\u00f3n\" \/>\n<meta property=\"article:modified_time\" content=\"2022-08-15T17:01:28+00:00\" \/>\n<meta property=\"og:image\" content=\"http:\/\/bardelconvent.com\/wp-content\/uploads\/2022\/07\/casual-chat-rooms.jpeg\" \/>\n\t<meta property=\"og:image:width\" content=\"2248\" \/>\n\t<meta property=\"og:image:height\" content=\"1500\" \/>\n\t<meta property=\"og:image:type\" content=\"image\/jpeg\" \/>\n<meta name=\"author\" content=\"Dating Expert\" \/>\n<meta name=\"twitter:card\" content=\"summary_large_image\" \/>\n<meta name=\"twitter:label1\" content=\"Tiempo de lectura\" \/>\n\t<meta name=\"twitter:data1\" content=\"2 minutos\" \/>\n<script type=\"application\/ld+json\" class=\"yoast-schema-graph\">{\"@context\":\"https:\/\/schema.org\",\"@graph\":[{\"@type\":\"WebSite\",\"@id\":\"https:\/\/bardelconvent.com\/#website\",\"url\":\"https:\/\/bardelconvent.com\/\",\"name\":\"Amor de conexi\u00f3n\",\"description\":\"Citas y relaciones\",\"potentialAction\":[{\"@type\":\"SearchAction\",\"target\":{\"@type\":\"EntryPoint\",\"urlTemplate\":\"https:\/\/bardelconvent.com\/?s={search_term_string}\"},\"query-input\":\"required name=search_term_string\"}],\"inLanguage\":\"es\"},{\"@type\":\"ImageObject\",\"inLanguage\":\"es\",\"@id\":\"https:\/\/bardelconvent.com\/es\/por-que-las-aplicaciones-de-citas-en-linea-podrian-funcionar-para-usted\/#primaryimage\",\"url\":\"https:\/\/bardelconvent.com\/wp-content\/uploads\/2022\/07\/casual-chat-rooms.jpeg\",\"contentUrl\":\"https:\/\/bardelconvent.com\/wp-content\/uploads\/2022\/07\/casual-chat-rooms.jpeg\",\"width\":2248,\"height\":1500},{\"@type\":\"WebPage\",\"@id\":\"https:\/\/bardelconvent.com\/es\/por-que-las-aplicaciones-de-citas-en-linea-podrian-funcionar-para-usted\/#webpage\",\"url\":\"https:\/\/bardelconvent.com\/es\/por-que-las-aplicaciones-de-citas-en-linea-podrian-funcionar-para-usted\/\",\"name\":\"Por qu\u00e9 las aplicaciones de citas en l\u00ednea podr\u00edan funcionar para usted - Amor de conexi\u00f3n\",\"isPartOf\":{\"@id\":\"https:\/\/bardelconvent.com\/#website\"},\"primaryImageOfPage\":{\"@id\":\"https:\/\/bardelconvent.com\/es\/por-que-las-aplicaciones-de-citas-en-linea-podrian-funcionar-para-usted\/#primaryimage\"},\"datePublished\":\"2022-07-08T10:59:57+00:00\",\"dateModified\":\"2022-08-15T17:01:28+00:00\",\"breadcrumb\":{\"@id\":\"https:\/\/bardelconvent.com\/es\/por-que-las-aplicaciones-de-citas-en-linea-podrian-funcionar-para-usted\/#breadcrumb\"},\"inLanguage\":\"es\",\"potentialAction\":[{\"@type\":\"ReadAction\",\"target\":[\"https:\/\/bardelconvent.com\/es\/por-que-las-aplicaciones-de-citas-en-linea-podrian-funcionar-para-usted\/\"]}]},{\"@type\":\"BreadcrumbList\",\"@id\":\"https:\/\/bardelconvent.com\/es\/por-que-las-aplicaciones-de-citas-en-linea-podrian-funcionar-para-usted\/#breadcrumb\",\"itemListElement\":[{\"@type\":\"ListItem\",\"position\":1,\"name\":\"Hogar\",\"item\":\"http:\/\/bardelconvent.com\/es\/\"},{\"@type\":\"ListItem\",\"position\":2,\"name\":\"Por qu\u00e9 las aplicaciones de citas en l\u00ednea podr\u00edan funcionar para usted\"}]}]}<\/script>\n<!-- \/ Yoast SEO plugin. -->","yoast_head_json":{"title":"Por qu\u00e9 las aplicaciones de citas en l\u00ednea podr\u00edan funcionar para usted - Amor de conexi\u00f3n","robots":{"index":"index","follow":"follow","max-snippet":"max-snippet:-1","max-image-preview":"max-image-preview:large","max-video-preview":"max-video-preview:-1"},"canonical":"https:\/\/bardelconvent.com\/es\/por-que-las-aplicaciones-de-citas-en-linea-podrian-funcionar-para-usted\/","og_locale":"es_ES","og_type":"article","og_title":"Por qu\u00e9 las aplicaciones de citas en l\u00ednea podr\u00edan funcionar para usted - Amor de conexi\u00f3n","og_description":"Internet nos permite conectarnos con personas de todo el mundo. Nos brinda la oportunidad de llegar a personas con las que normalmente no","og_url":"https:\/\/bardelconvent.com\/es\/por-que-las-aplicaciones-de-citas-en-linea-podrian-funcionar-para-usted\/","og_site_name":"Amor de conexi\u00f3n","article_modified_time":"2022-08-15T17:01:28+00:00","og_image":[{"width":2248,"height":1500,"url":"http:\/\/bardelconvent.com\/wp-content\/uploads\/2022\/07\/casual-chat-rooms.jpeg","type":"image\/jpeg"}],"author":"Dating Expert","twitter_card":"summary_large_image","twitter_misc":{"Tiempo de lectura":"2 minutos"},"schema":{"@context":"https:\/\/schema.org","@graph":[{"@type":"WebSite","@id":"https:\/\/bardelconvent.com\/#website","url":"https:\/\/bardelconvent.com\/","name":"Amor de conexi\u00f3n","description":"Citas y relaciones","potentialAction":[{"@type":"SearchAction","target":{"@type":"EntryPoint","urlTemplate":"https:\/\/bardelconvent.com\/?s={search_term_string}"},"query-input":"required name=search_term_string"}],"inLanguage":"es"},{"@type":"ImageObject","inLanguage":"es","@id":"https:\/\/bardelconvent.com\/es\/por-que-las-aplicaciones-de-citas-en-linea-podrian-funcionar-para-usted\/#primaryimage","url":"https:\/\/bardelconvent.com\/wp-content\/uploads\/2022\/07\/casual-chat-rooms.jpeg","contentUrl":"https:\/\/bardelconvent.com\/wp-content\/uploads\/2022\/07\/casual-chat-rooms.jpeg","width":2248,"height":1500},{"@type":"WebPage","@id":"https:\/\/bardelconvent.com\/es\/por-que-las-aplicaciones-de-citas-en-linea-podrian-funcionar-para-usted\/#webpage","url":"https:\/\/bardelconvent.com\/es\/por-que-las-aplicaciones-de-citas-en-linea-podrian-funcionar-para-usted\/","name":"Por qu\u00e9 las aplicaciones de citas en l\u00ednea podr\u00edan funcionar para usted - Amor de conexi\u00f3n","isPartOf":{"@id":"https:\/\/bardelconvent.com\/#website"},"primaryImageOfPage":{"@id":"https:\/\/bardelconvent.com\/es\/por-que-las-aplicaciones-de-citas-en-linea-podrian-funcionar-para-usted\/#primaryimage"},"datePublished":"2022-07-08T10:59:57+00:00","dateModified":"2022-08-15T17:01:28+00:00","breadcrumb":{"@id":"https:\/\/bardelconvent.com\/es\/por-que-las-aplicaciones-de-citas-en-linea-podrian-funcionar-para-usted\/#breadcrumb"},"inLanguage":"es","potentialAction":[{"@type":"ReadAction","target":["https:\/\/bardelconvent.com\/es\/por-que-las-aplicaciones-de-citas-en-linea-podrian-funcionar-para-usted\/"]}]},{"@type":"BreadcrumbList","@id":"https:\/\/bardelconvent.com\/es\/por-que-las-aplicaciones-de-citas-en-linea-podrian-funcionar-para-usted\/#breadcrumb","itemListElement":[{"@type":"ListItem","position":1,"name":"Hogar","item":"http:\/\/bardelconvent.com\/es\/"},{"@type":"ListItem","position":2,"name":"Por qu\u00e9 las aplicaciones de citas en l\u00ednea podr\u00edan funcionar para usted"}]}]}},"_links":{"self":[{"href":"https:\/\/bardelconvent.com\/es\/wp-json\/wp\/v2\/pages\/230"}],"collection":[{"href":"https:\/\/bardelconvent.com\/es\/wp-json\/wp\/v2\/pages"}],"about":[{"href":"https:\/\/bardelconvent.com\/es\/wp-json\/wp\/v2\/types\/page"}],"author":[{"embeddable":true,"href":"https:\/\/bardelconvent.com\/es\/wp-json\/wp\/v2\/users\/1"}],"replies":[{"embeddable":true,"href":"https:\/\/bardelconvent.com\/es\/wp-json\/wp\/v2\/comments?post=230"}],"version-history":[{"count":1,"href":"https:\/\/bardelconvent.com\/es\/wp-json\/wp\/v2\/pages\/230\/revisions"}],"predecessor-version":[{"id":258,"href":"https:\/\/bardelconvent.com\/es\/wp-json\/wp\/v2\/pages\/230\/revisions\/258"}],"wp:featuredmedia":[{"embeddable":true,"href":"https:\/\/bardelconvent.com\/es\/wp-json\/wp\/v2\/media\/110"}],"wp:attachment":[{"href":"https:\/\/bardelconvent.com\/es\/wp-json\/wp\/v2\/media?parent=230"}],"curies":[{"name":"wp","href":"https:\/\/api.w.org\/{rel}","templated":true}]}}