{"id":233,"date":"2022-07-08T11:54:38","date_gmt":"2022-07-08T10:54:38","guid":{"rendered":"http:\/\/bardelconvent.com\/encuentros-locales-gratuitos\/"},"modified":"2022-08-15T12:55:57","modified_gmt":"2022-08-15T11:55:57","slug":"encuentros-locales-gratuitos","status":"publish","type":"page","link":"https:\/\/bardelconvent.com\/es\/","title":{"rendered":"Encuentros locales gratuitos"},"content":{"rendered":"<p>\u00bfEst\u00e1s listo para comenzar a salir? \u00bfQuieres encontrar una conexi\u00f3n en l\u00ednea y dejar de perder el tiempo?<\/p>\n<p>\u00a1No busques m\u00e1s!<\/p>\n<p>Es exactamente por eso que usar la aplicaci\u00f3n de conexi\u00f3n es una gran idea: la <a href=\"https:\/\/www.sites-de-encontros.com\">site para sexo<\/a> ya ha hecho todo el trabajo duro por ti. Todos en esta plataforma buscan divertirse y acostarse. Ya est\u00e1n preparados para aventuras de una noche, aventuras de la NSA, etc. No queda nada que hacer excepto elegir a tu candidato favorito y comenzar a chatear. Ya no hay necesidad de persuadir a nadie. \u00bfQu\u00e9 tan impresionante es eso?<\/p>\n<p><img loading=\"lazy\" class=\"aligncenter size-large wp-image-65\" src=\"http:\/\/bardelconvent.com\/wp-content\/uploads\/2022\/07\/local-sex-hookup-websites-1024x668.jpeg\" alt=\"\" width=\"640\" height=\"418\" srcset=\"https:\/\/bardelconvent.com\/wp-content\/uploads\/2022\/07\/local-sex-hookup-websites-1024x668.jpeg 1024w, https:\/\/bardelconvent.com\/wp-content\/uploads\/2022\/07\/local-sex-hookup-websites-300x196.jpeg 300w, https:\/\/bardelconvent.com\/wp-content\/uploads\/2022\/07\/local-sex-hookup-websites-768x501.jpeg 768w, https:\/\/bardelconvent.com\/wp-content\/uploads\/2022\/07\/local-sex-hookup-websites-1536x1002.jpeg 1536w, https:\/\/bardelconvent.com\/wp-content\/uploads\/2022\/07\/local-sex-hookup-websites-2048x1336.jpeg 2048w\" sizes=\"(max-width: 640px) 100vw, 640px\" \/><\/p>\n<h2>Conozca a solteros locales en su \u00e1rea<\/h2>\n<p>Cuando busque un sitio que satisfaga sus necesidades, aseg\u00farese de consultar las rese\u00f1as sobre ellos. Tambi\u00e9n debe considerar verificar la ubicaci\u00f3n del sitio web, ya que si se encuentra en un pa\u00eds que no sea el suyo, entonces puede estar tratando con perfiles falsos. Si cree que el perfil parece sospechoso, es posible que desee evitar su uso. Otra cosa que puedes hacer es preguntar a los miembros de la plataforma si son realmente activos en ella.<\/p>\n<p>La mayor\u00eda de las plataformas de conexi\u00f3n locales son leg\u00edtimas y reales. La mayor\u00eda de los sitios tienen usuarios reales, lo que significa que tendr\u00e1 la oportunidad de encontrar a alguien que realmente quiera conocerlo.<\/p>\n<p>No tendr\u00e1 que preocuparse por perder el tiempo con perfiles falsos y spammers. Si la plataforma no proporciona ninguna direcci\u00f3n o informaci\u00f3n de contacto, entonces probablemente deber\u00eda evitar usarla.<\/p>\n<p>De lo contrario, podr\u00edas terminar conociendo a alguien que no est\u00e1 interesado en conocerte.<\/p>\n<h3>OneNightFriend.com<\/h3>\n<p>One Night Friend es un sitio web de citas en l\u00ednea que <a href=\"http:\/\/www.sites-de-sexo.com\">Sites-De-Sexo.com<\/a> permite a los usuarios conocer gente cercana. Las personas interesadas en conocer a alguien cercano pueden unirse al sistema y crear un perfil. Despu\u00e9s de crear un perfil, los usuarios pueden elegir si desean recibir mensajes de otros miembros o no. Si un usuario desea recibir mensajes, debe indicar su sexo y rango de edad. Los usuarios tambi\u00e9n pueden especificar su ubicaci\u00f3n e intereses. Los miembros pueden ver los perfiles de otros usuarios y enviarles mensajes. Los usuarios tambi\u00e9n pueden ver si hay otros miembros cerca de ellos.<\/p>\n<p>El registro es simple. Solo necesita completar un breve formulario en el sitio web y enviarlo. \u00a1No se requiere tarjeta de cr\u00e9dito! El registro es gratuito y no hay tarifas ocultas. Una vez que se registra, obtiene acceso a todas las funciones del sitio, incluidas salas de chat, mensajes privados, videollamadas, \u00e1lbumes de fotos, edici\u00f3n de perfiles y muchos otros.<\/p>\n<p>Tambi\u00e9n hay varias formas de comunicarse de forma segura con otros miembros del sitio. Puede usar mensajes de texto, llamadas de voz, videollamadas y mensajer\u00eda instant\u00e1nea.<\/p>\n<h3>Ashley Madison<\/h3>\n<p>AshleyMadison.com es un discreto <a href=\"http:\/\/www.citas-con-mujeres.com\">cita sexo gratis<\/a> sexuales para solteros! Lanzado en 2001, este emocionante sitio de citas ofrece toneladas de posibilidades para coquetear discretamente. Hay m\u00e1s de 54 millones de perfiles esper\u00e1ndote en AshleyMadison.com, y es gratis. \u00a1Encuentra aventuras de una noche y asuntos extramatrimoniales ahora!<\/p>\n<p>Con m\u00e1s de 54 millones de miembros, AshleyMadison.com ofrece un refugio seguro para aquellos que buscan amor en l\u00ednea. Gratis para unirse y ver partidos, los usuarios tambi\u00e9n pueden navegar a trav\u00e9s de la extensa lista de categor\u00edas del sitio, incluidos pumas, MILF, parejas swinger, swingers e incluso sugar daddies. Los miembros tambi\u00e9n pueden buscar posibles coincidencias por edad, ubicaci\u00f3n, altura, peso, etnia y orientaci\u00f3n sexual. Si est\u00e1 interesado en asuntos discretos, no hay condiciones al usar los servicios premium del sitio.<\/p>\n<h3>Travieso<\/h3>\n<p>BeNaughty es un servicio de <a href=\"http:\/\/www.paginas-de-sexo.com\/\">sexo gratis pagina<\/a> en l\u00ednea que ofrece funciones b\u00e1sicas de forma gratuita. El sitio web est\u00e1 dise\u00f1ado para ayudar a los adultos que buscan sexo casual a conocerse. La aplicaci\u00f3n incluye la capacidad de chatear, explorar perfiles y enviar mensajes a otros usuarios. Los usuarios deben proporcionar una foto al registrarse, aunque no es necesario cargar im\u00e1genes adicionales. El sitio no ofrece opciones avanzadas de coincidencia, pero permite a los usuarios filtrar parejas potenciales por edad, g\u00e9nero, ubicaci\u00f3n, estado de relaci\u00f3n, orientaci\u00f3n sexual e intereses.<\/p>\n<p>BeNaughty est\u00e1 disponible en ingl\u00e9s, franc\u00e9s, alem\u00e1n, italiano, espa\u00f1ol, portugu\u00e9s, ruso, japon\u00e9s y chino. Puede elegir si desea comunicarse a trav\u00e9s de mensajes de texto, llamadas telef\u00f3nicas o video chat, y nunca tendr\u00e1 que preocuparse por ser atrapado. Tampoco hay l\u00edmite para la cantidad de veces que puede iniciar sesi\u00f3n, por lo que puede volver cuando desee consultar los \u00faltimos listados.<\/p>\n<p>Solo necesita pagar por las funciones premium si las desea. No se requiere dinero para comenzar, y no hay condiciones. \u00a1Puedes encontrar a alguien esta noche!<\/p>\n<h3>Buscador de amigos adultos<\/h3>\n<p>AdultFriendFinder es la principal red social para adultos para encontrar encuentros casuales, amigos con beneficios, parejas que se balancean y asuntos discretos. AFF es una aplicaci\u00f3n que ayuda a los usuarios a conocer nuevos amigos y amantes.<\/p>\n<p>Los usuarios pueden navegar por los perfiles de otros miembros y enviarse mensajes entre s\u00ed si les gusta lo que ven. Una vez que alguien acepte tu mensaje, puedes organizar una hora y un lugar para reunirte. Tambi\u00e9n puede agregar una foto de perfil, escribir sobre usted y cargar fotos. Si est\u00e1 interesado en reunirse con otros, \u00a1AFF es una excelente manera de comenzar!<\/p>\n<p>Los miembros pueden navegar a trav\u00e9s de miles de fotos de otros miembros, leer la informaci\u00f3n de perfil de los dem\u00e1s, escribir notas personales e incluso enviar un gui\u00f1o a alguien que les guste. Puede buscar amigos, conexiones, encuentros casuales e incluso relaciones a largo plazo. Hay muchas maneras de conectarse e interactuar con otros, incluidas salas de chat, tableros de mensajes, l\u00edneas de sexo telef\u00f3nico, programas de c\u00e1mara web y m\u00e1s.<\/p>\n","protected":false},"excerpt":{"rendered":"<p>\u00bfEst\u00e1s listo para comenzar a salir? \u00bfQuieres encontrar una conexi\u00f3n en l\u00ednea y dejar de perder el tiempo? \u00a1No busques m\u00e1s! Es exactamente <\/p>\n","protected":false},"author":1,"featured_media":0,"parent":0,"menu_order":0,"comment_status":"closed","ping_status":"closed","template":"","meta":[],"yoast_head":"<!-- This site is optimized with the Yoast SEO plugin v19.2 - https:\/\/yoast.com\/wordpress\/plugins\/seo\/ -->\n<title>Encuentros locales gratuitos - Amor de conexi\u00f3n<\/title>\n<meta name=\"robots\" content=\"index, follow, max-snippet:-1, max-image-preview:large, max-video-preview:-1\" \/>\n<link rel=\"canonical\" href=\"https:\/\/bardelconvent.com\/es\/\" \/>\n<meta property=\"og:locale\" content=\"es_ES\" \/>\n<meta property=\"og:type\" content=\"article\" \/>\n<meta property=\"og:title\" content=\"Encuentros locales gratuitos - Amor de conexi\u00f3n\" \/>\n<meta property=\"og:description\" content=\"\u00bfEst\u00e1s listo para comenzar a salir? \u00bfQuieres encontrar una conexi\u00f3n en l\u00ednea y dejar de perder el tiempo? \u00a1No busques m\u00e1s! Es exactamente\" \/>\n<meta property=\"og:url\" content=\"https:\/\/bardelconvent.com\/es\/\" \/>\n<meta property=\"og:site_name\" content=\"Amor de conexi\u00f3n\" \/>\n<meta property=\"article:modified_time\" content=\"2022-08-15T11:55:57+00:00\" \/>\n<meta property=\"og:image\" content=\"http:\/\/bardelconvent.com\/wp-content\/uploads\/2022\/07\/local-sex-hookup-websites-1024x668.jpeg\" \/>\n<meta name=\"author\" content=\"Dating Expert\" \/>\n<meta name=\"twitter:card\" content=\"summary_large_image\" \/>\n<meta name=\"twitter:label1\" content=\"Tiempo de lectura\" \/>\n\t<meta name=\"twitter:data1\" content=\"5 minutos\" \/>\n<script type=\"application\/ld+json\" class=\"yoast-schema-graph\">{\"@context\":\"https:\/\/schema.org\",\"@graph\":[{\"@type\":\"WebSite\",\"@id\":\"http:\/\/bardelconvent.com\/de\/#website\",\"url\":\"http:\/\/bardelconvent.com\/de\/\",\"name\":\"Amor de conexi\u00f3n\",\"description\":\"Citas y relaciones\",\"potentialAction\":[{\"@type\":\"SearchAction\",\"target\":{\"@type\":\"EntryPoint\",\"urlTemplate\":\"http:\/\/bardelconvent.com\/de\/?s={search_term_string}\"},\"query-input\":\"required name=search_term_string\"}],\"inLanguage\":\"es\"},{\"@type\":\"ImageObject\",\"inLanguage\":\"es\",\"@id\":\"https:\/\/bardelconvent.com\/es\/#primaryimage\",\"url\":\"https:\/\/bardelconvent.com\/wp-content\/uploads\/2022\/07\/local-sex-hookup-websites.jpeg\",\"contentUrl\":\"https:\/\/bardelconvent.com\/wp-content\/uploads\/2022\/07\/local-sex-hookup-websites.jpeg\",\"width\":2299,\"height\":1500},{\"@type\":\"WebPage\",\"@id\":\"https:\/\/bardelconvent.com\/es\/#webpage\",\"url\":\"https:\/\/bardelconvent.com\/es\/\",\"name\":\"Encuentros locales gratuitos - Amor de conexi\u00f3n\",\"isPartOf\":{\"@id\":\"http:\/\/bardelconvent.com\/de\/#website\"},\"primaryImageOfPage\":{\"@id\":\"https:\/\/bardelconvent.com\/es\/#primaryimage\"},\"datePublished\":\"2022-07-08T10:54:38+00:00\",\"dateModified\":\"2022-08-15T11:55:57+00:00\",\"breadcrumb\":{\"@id\":\"https:\/\/bardelconvent.com\/es\/#breadcrumb\"},\"inLanguage\":\"es\",\"potentialAction\":[{\"@type\":\"ReadAction\",\"target\":[\"https:\/\/bardelconvent.com\/es\/\"]}]},{\"@type\":\"BreadcrumbList\",\"@id\":\"https:\/\/bardelconvent.com\/es\/#breadcrumb\",\"itemListElement\":[{\"@type\":\"ListItem\",\"position\":1,\"name\":\"Hogar\",\"item\":\"https:\/\/bardelconvent.com\/es\/\"},{\"@type\":\"ListItem\",\"position\":2,\"name\":\"Encuentros locales gratuitos\"}]}]}<\/script>\n<!-- \/ Yoast SEO plugin. -->","yoast_head_json":{"title":"Encuentros locales gratuitos - Amor de conexi\u00f3n","robots":{"index":"index","follow":"follow","max-snippet":"max-snippet:-1","max-image-preview":"max-image-preview:large","max-video-preview":"max-video-preview:-1"},"canonical":"https:\/\/bardelconvent.com\/es\/","og_locale":"es_ES","og_type":"article","og_title":"Encuentros locales gratuitos - Amor de conexi\u00f3n","og_description":"\u00bfEst\u00e1s listo para comenzar a salir? \u00bfQuieres encontrar una conexi\u00f3n en l\u00ednea y dejar de perder el tiempo? \u00a1No busques m\u00e1s! Es exactamente","og_url":"https:\/\/bardelconvent.com\/es\/","og_site_name":"Amor de conexi\u00f3n","article_modified_time":"2022-08-15T11:55:57+00:00","og_image":[{"url":"http:\/\/bardelconvent.com\/wp-content\/uploads\/2022\/07\/local-sex-hookup-websites-1024x668.jpeg"}],"author":"Dating Expert","twitter_card":"summary_large_image","twitter_misc":{"Tiempo de lectura":"5 minutos"},"schema":{"@context":"https:\/\/schema.org","@graph":[{"@type":"WebSite","@id":"http:\/\/bardelconvent.com\/de\/#website","url":"http:\/\/bardelconvent.com\/de\/","name":"Amor de conexi\u00f3n","description":"Citas y relaciones","potentialAction":[{"@type":"SearchAction","target":{"@type":"EntryPoint","urlTemplate":"http:\/\/bardelconvent.com\/de\/?s={search_term_string}"},"query-input":"required name=search_term_string"}],"inLanguage":"es"},{"@type":"ImageObject","inLanguage":"es","@id":"https:\/\/bardelconvent.com\/es\/#primaryimage","url":"https:\/\/bardelconvent.com\/wp-content\/uploads\/2022\/07\/local-sex-hookup-websites.jpeg","contentUrl":"https:\/\/bardelconvent.com\/wp-content\/uploads\/2022\/07\/local-sex-hookup-websites.jpeg","width":2299,"height":1500},{"@type":"WebPage","@id":"https:\/\/bardelconvent.com\/es\/#webpage","url":"https:\/\/bardelconvent.com\/es\/","name":"Encuentros locales gratuitos - Amor de conexi\u00f3n","isPartOf":{"@id":"http:\/\/bardelconvent.com\/de\/#website"},"primaryImageOfPage":{"@id":"https:\/\/bardelconvent.com\/es\/#primaryimage"},"datePublished":"2022-07-08T10:54:38+00:00","dateModified":"2022-08-15T11:55:57+00:00","breadcrumb":{"@id":"https:\/\/bardelconvent.com\/es\/#breadcrumb"},"inLanguage":"es","potentialAction":[{"@type":"ReadAction","target":["https:\/\/bardelconvent.com\/es\/"]}]},{"@type":"BreadcrumbList","@id":"https:\/\/bardelconvent.com\/es\/#breadcrumb","itemListElement":[{"@type":"ListItem","position":1,"name":"Hogar","item":"https:\/\/bardelconvent.com\/es\/"},{"@type":"ListItem","position":2,"name":"Encuentros locales gratuitos"}]}]}},"_links":{"self":[{"href":"https:\/\/bardelconvent.com\/es\/wp-json\/wp\/v2\/pages\/233"}],"collection":[{"href":"https:\/\/bardelconvent.com\/es\/wp-json\/wp\/v2\/pages"}],"about":[{"href":"https:\/\/bardelconvent.com\/es\/wp-json\/wp\/v2\/types\/page"}],"author":[{"embeddable":true,"href":"https:\/\/bardelconvent.com\/es\/wp-json\/wp\/v2\/users\/1"}],"replies":[{"embeddable":true,"href":"https:\/\/bardelconvent.com\/es\/wp-json\/wp\/v2\/comments?post=233"}],"version-history":[{"count":1,"href":"https:\/\/bardelconvent.com\/es\/wp-json\/wp\/v2\/pages\/233\/revisions"}],"predecessor-version":[{"id":251,"href":"https:\/\/bardelconvent.com\/es\/wp-json\/wp\/v2\/pages\/233\/revisions\/251"}],"wp:attachment":[{"href":"https:\/\/bardelconvent.com\/es\/wp-json\/wp\/v2\/media?parent=233"}],"curies":[{"name":"wp","href":"https:\/\/api.w.org\/{rel}","templated":true}]}}