{"id":235,"date":"2022-07-08T12:05:25","date_gmt":"2022-07-08T11:05:25","guid":{"rendered":"http:\/\/bardelconvent.com\/sitios-web-de-chat-sexual-gratuitos\/"},"modified":"2022-08-15T17:58:42","modified_gmt":"2022-08-15T16:58:42","slug":"sitios-web-de-chat-sexual-gratuitos","status":"publish","type":"page","link":"https:\/\/bardelconvent.com\/es\/sitios-web-de-chat-sexual-gratuitos\/","title":{"rendered":"Sitios web de chat sexual gratuitos"},"content":{"rendered":"<p>La mayor\u00eda de la gente te dir\u00e1 que vayas de bar en bar o que uses aplicaciones de conexi\u00f3n locales. Pero esas opciones no son muy efectivas. Podr\u00eda gastar mucho dinero y tiempo saliendo todas las noches, o simplemente podr\u00eda usar uno de los muchos sitios web de conexi\u00f3n locales disponibles en la actualidad. Estos sitios ofrecen las mismas caracter\u00edsticas que otros <a href=\"https:\/\/www.fuck-buddies.net\/es\/juegos-sexuales-gratuitos-para-android\/\">juegos sexuales Android<\/a>, pero tambi\u00e9n tienen miles de miembros que buscan diversi\u00f3n. \u00a1As\u00ed que deja de usar sitios mediocres y prueba uno de estos servicios!<\/p>\n<p>Parece que el principal problema con los <a href=\"http:\/\/bardelconvent.com\/es\/por-que-las-aplicaciones-de-citas-en-linea-podrian-funcionar-para-usted\/\">sitios de citas en l\u00ednea<\/a> es que no son muy efectivos. Puedes ver por qu\u00e9: ofrecen muchas oportunidades, pero tambi\u00e9n muchos problemas.<\/p>\n<ul>\n<li>En primer lugar, el hecho de que no pueda ver lo que otros usuarios est\u00e1n haciendo en el sitio significa que nunca sabr\u00e1 si alguien m\u00e1s est\u00e1 interesado en usted.<\/li>\n<li>En segundo lugar, si vas a conocer gente en la vida real, debes prestar atenci\u00f3n a su apariencia y comportamiento, de lo contrario puedes decepcionarte cuando realmente los conoces.<\/li>\n<li>En tercer lugar, <a href=\"http:\/\/bardelconvent.com\/es\/funcionan-las-citas-a-ciegas\/\">los sitios de citas en l\u00ednea a menudo est\u00e1n llenos de perfiles falsos<\/a>. Si vas a conocer a una chica a trav\u00e9s de una plataforma en l\u00ednea, debes revisar su perfil cuidadosamente antes de darle tu n\u00famero de tel\u00e9fono. Finalmente, muchos sitios de citas en l\u00ednea son solo estafas. Prometen mucho, pero no entregan nada. Entonces, para resumir, las citas en l\u00ednea son una gran idea, pero no perfectas.<\/li>\n<\/ul>\n<h2>Salas de chat sexuales<\/h2>\n<p>Los sitios de chat sexual son sitios web donde las personas se conocen en l\u00ednea <a href=\"https:\/\/www.sextchat.net\/es\/sitios-de-voyeur-cams-en-vivo\/\">voyeur cams<\/a> para discutir temas sexuales. Hay muchos tipos diferentes de sitios de chat sexual, incluidos sitios de nicho como BBW o BDSM. Algunos de estos sitios permiten a los miembros cargar fotos y videos de s\u00ed mismos, mientras que otros requieren que los usuarios env\u00eden mensajes a trav\u00e9s de programas de texto o mensajer\u00eda instant\u00e1nea.<\/p>\n<ul>\n<li>Muchos sitios de chat sexual ofrecen chats de video en vivo, lo que permite a los miembros verse por c\u00e1mara web.<\/li>\n<li>Los sitios de chat sexual son un excelente lugar para conocer gente nueva.<\/li>\n<li>Buena opci\u00f3n para conectarse<\/li>\n<\/ul>\n<p>\u00bfEst\u00e1s buscando diversi\u00f3n esta noche? \u00bfEst\u00e1s cansado de estar solo? Entonces, \u00bfpor qu\u00e9 no probar salas de chat sexuales donde puedes conocer gente nueva de todo el mundo? Estamos seguros de que aqu\u00ed encontrar\u00e1s a alguien especial.<\/p>\n<p>Estas aplicaciones tienen miles de miembros de todo el mundo, incluidos Estados Unidos, Reino Unido, Canad\u00e1, Australia, Nueva Zelanda, Europa, Asia y \u00c1frica. Entonces, si est\u00e1 buscando un lugar para conectarse con otros, \u00fanase a nosotros ahora.<\/p>\n<p>Hay muchos beneficios al usar este sitio. En primer lugar, es completamente gratuito <a href=\"https:\/\/www.local-fuck.net\/pt-pt\/jogos-pornograficos-sem-inscricao\/\">jogos pornogr\u00e1ficos<\/a>, por lo que no hay nada que perder. En segundo lugar, puede elegir si desea usar una c\u00e1mara web o solo chats basados en texto. Si prefiere usar una c\u00e1mara web, puede hacerlo simplemente haciendo clic en el bot\u00f3n \u00abvideo chat\u00bb. Esto abrir\u00e1 una ventana donde puedes ver a tu pareja en vivo. Puedes hablar con ellos, hacerles preguntas e incluso compartir fotos con ellos.<\/p>\n<p>Entonces, \u00bfa qu\u00e9 est\u00e1s esperando? \u00a1\u00danete ahora y comienza a conocer nuevos amigos!<\/p>\n","protected":false},"excerpt":{"rendered":"<p>La mayor\u00eda de la gente te dir\u00e1 que vayas de bar en bar o que uses aplicaciones de conexi\u00f3n locales. Pero esas opciones <\/p>\n","protected":false},"author":1,"featured_media":120,"parent":0,"menu_order":0,"comment_status":"closed","ping_status":"closed","template":"","meta":[],"yoast_head":"<!-- This site is optimized with the Yoast SEO plugin v19.2 - https:\/\/yoast.com\/wordpress\/plugins\/seo\/ -->\n<title>Sitios web de chat sexual gratuitos - Amor de conexi\u00f3n<\/title>\n<meta name=\"robots\" content=\"index, follow, max-snippet:-1, max-image-preview:large, max-video-preview:-1\" \/>\n<link rel=\"canonical\" href=\"https:\/\/bardelconvent.com\/es\/sitios-web-de-chat-sexual-gratuitos\/\" \/>\n<meta property=\"og:locale\" content=\"es_ES\" \/>\n<meta property=\"og:type\" content=\"article\" \/>\n<meta property=\"og:title\" content=\"Sitios web de chat sexual gratuitos - Amor de conexi\u00f3n\" \/>\n<meta property=\"og:description\" content=\"La mayor\u00eda de la gente te dir\u00e1 que vayas de bar en bar o que uses aplicaciones de conexi\u00f3n locales. Pero esas opciones\" \/>\n<meta property=\"og:url\" content=\"https:\/\/bardelconvent.com\/es\/sitios-web-de-chat-sexual-gratuitos\/\" \/>\n<meta property=\"og:site_name\" content=\"Amor de conexi\u00f3n\" \/>\n<meta property=\"article:modified_time\" content=\"2022-08-15T16:58:42+00:00\" \/>\n<meta property=\"og:image\" content=\"https:\/\/bardelconvent.com\/wp-content\/uploads\/2022\/07\/join-now.jpeg\" \/>\n\t<meta property=\"og:image:width\" content=\"2250\" \/>\n\t<meta property=\"og:image:height\" content=\"1500\" \/>\n\t<meta property=\"og:image:type\" content=\"image\/jpeg\" \/>\n<meta name=\"author\" content=\"Dating Expert\" \/>\n<meta name=\"twitter:card\" content=\"summary_large_image\" \/>\n<meta name=\"twitter:label1\" content=\"Tiempo de lectura\" \/>\n\t<meta name=\"twitter:data1\" content=\"3 minutos\" \/>\n<script type=\"application\/ld+json\" class=\"yoast-schema-graph\">{\"@context\":\"https:\/\/schema.org\",\"@graph\":[{\"@type\":\"WebSite\",\"@id\":\"https:\/\/bardelconvent.com\/#website\",\"url\":\"https:\/\/bardelconvent.com\/\",\"name\":\"Amor de conexi\u00f3n\",\"description\":\"Citas y relaciones\",\"potentialAction\":[{\"@type\":\"SearchAction\",\"target\":{\"@type\":\"EntryPoint\",\"urlTemplate\":\"https:\/\/bardelconvent.com\/?s={search_term_string}\"},\"query-input\":\"required name=search_term_string\"}],\"inLanguage\":\"es\"},{\"@type\":\"ImageObject\",\"inLanguage\":\"es\",\"@id\":\"https:\/\/bardelconvent.com\/es\/sitios-web-de-chat-sexual-gratuitos\/#primaryimage\",\"url\":\"https:\/\/bardelconvent.com\/wp-content\/uploads\/2022\/07\/join-now.jpeg\",\"contentUrl\":\"https:\/\/bardelconvent.com\/wp-content\/uploads\/2022\/07\/join-now.jpeg\",\"width\":2250,\"height\":1500},{\"@type\":\"WebPage\",\"@id\":\"https:\/\/bardelconvent.com\/es\/sitios-web-de-chat-sexual-gratuitos\/#webpage\",\"url\":\"https:\/\/bardelconvent.com\/es\/sitios-web-de-chat-sexual-gratuitos\/\",\"name\":\"Sitios web de chat sexual gratuitos - Amor de conexi\u00f3n\",\"isPartOf\":{\"@id\":\"https:\/\/bardelconvent.com\/#website\"},\"primaryImageOfPage\":{\"@id\":\"https:\/\/bardelconvent.com\/es\/sitios-web-de-chat-sexual-gratuitos\/#primaryimage\"},\"datePublished\":\"2022-07-08T11:05:25+00:00\",\"dateModified\":\"2022-08-15T16:58:42+00:00\",\"breadcrumb\":{\"@id\":\"https:\/\/bardelconvent.com\/es\/sitios-web-de-chat-sexual-gratuitos\/#breadcrumb\"},\"inLanguage\":\"es\",\"potentialAction\":[{\"@type\":\"ReadAction\",\"target\":[\"https:\/\/bardelconvent.com\/es\/sitios-web-de-chat-sexual-gratuitos\/\"]}]},{\"@type\":\"BreadcrumbList\",\"@id\":\"https:\/\/bardelconvent.com\/es\/sitios-web-de-chat-sexual-gratuitos\/#breadcrumb\",\"itemListElement\":[{\"@type\":\"ListItem\",\"position\":1,\"name\":\"Hogar\",\"item\":\"http:\/\/bardelconvent.com\/es\/\"},{\"@type\":\"ListItem\",\"position\":2,\"name\":\"Sitios web de chat sexual gratuitos\"}]}]}<\/script>\n<!-- \/ Yoast SEO plugin. -->","yoast_head_json":{"title":"Sitios web de chat sexual gratuitos - Amor de conexi\u00f3n","robots":{"index":"index","follow":"follow","max-snippet":"max-snippet:-1","max-image-preview":"max-image-preview:large","max-video-preview":"max-video-preview:-1"},"canonical":"https:\/\/bardelconvent.com\/es\/sitios-web-de-chat-sexual-gratuitos\/","og_locale":"es_ES","og_type":"article","og_title":"Sitios web de chat sexual gratuitos - Amor de conexi\u00f3n","og_description":"La mayor\u00eda de la gente te dir\u00e1 que vayas de bar en bar o que uses aplicaciones de conexi\u00f3n locales. Pero esas opciones","og_url":"https:\/\/bardelconvent.com\/es\/sitios-web-de-chat-sexual-gratuitos\/","og_site_name":"Amor de conexi\u00f3n","article_modified_time":"2022-08-15T16:58:42+00:00","og_image":[{"width":2250,"height":1500,"url":"https:\/\/bardelconvent.com\/wp-content\/uploads\/2022\/07\/join-now.jpeg","type":"image\/jpeg"}],"author":"Dating Expert","twitter_card":"summary_large_image","twitter_misc":{"Tiempo de lectura":"3 minutos"},"schema":{"@context":"https:\/\/schema.org","@graph":[{"@type":"WebSite","@id":"https:\/\/bardelconvent.com\/#website","url":"https:\/\/bardelconvent.com\/","name":"Amor de conexi\u00f3n","description":"Citas y relaciones","potentialAction":[{"@type":"SearchAction","target":{"@type":"EntryPoint","urlTemplate":"https:\/\/bardelconvent.com\/?s={search_term_string}"},"query-input":"required name=search_term_string"}],"inLanguage":"es"},{"@type":"ImageObject","inLanguage":"es","@id":"https:\/\/bardelconvent.com\/es\/sitios-web-de-chat-sexual-gratuitos\/#primaryimage","url":"https:\/\/bardelconvent.com\/wp-content\/uploads\/2022\/07\/join-now.jpeg","contentUrl":"https:\/\/bardelconvent.com\/wp-content\/uploads\/2022\/07\/join-now.jpeg","width":2250,"height":1500},{"@type":"WebPage","@id":"https:\/\/bardelconvent.com\/es\/sitios-web-de-chat-sexual-gratuitos\/#webpage","url":"https:\/\/bardelconvent.com\/es\/sitios-web-de-chat-sexual-gratuitos\/","name":"Sitios web de chat sexual gratuitos - Amor de conexi\u00f3n","isPartOf":{"@id":"https:\/\/bardelconvent.com\/#website"},"primaryImageOfPage":{"@id":"https:\/\/bardelconvent.com\/es\/sitios-web-de-chat-sexual-gratuitos\/#primaryimage"},"datePublished":"2022-07-08T11:05:25+00:00","dateModified":"2022-08-15T16:58:42+00:00","breadcrumb":{"@id":"https:\/\/bardelconvent.com\/es\/sitios-web-de-chat-sexual-gratuitos\/#breadcrumb"},"inLanguage":"es","potentialAction":[{"@type":"ReadAction","target":["https:\/\/bardelconvent.com\/es\/sitios-web-de-chat-sexual-gratuitos\/"]}]},{"@type":"BreadcrumbList","@id":"https:\/\/bardelconvent.com\/es\/sitios-web-de-chat-sexual-gratuitos\/#breadcrumb","itemListElement":[{"@type":"ListItem","position":1,"name":"Hogar","item":"http:\/\/bardelconvent.com\/es\/"},{"@type":"ListItem","position":2,"name":"Sitios web de chat sexual gratuitos"}]}]}},"_links":{"self":[{"href":"https:\/\/bardelconvent.com\/es\/wp-json\/wp\/v2\/pages\/235"}],"collection":[{"href":"https:\/\/bardelconvent.com\/es\/wp-json\/wp\/v2\/pages"}],"about":[{"href":"https:\/\/bardelconvent.com\/es\/wp-json\/wp\/v2\/types\/page"}],"author":[{"embeddable":true,"href":"https:\/\/bardelconvent.com\/es\/wp-json\/wp\/v2\/users\/1"}],"replies":[{"embeddable":true,"href":"https:\/\/bardelconvent.com\/es\/wp-json\/wp\/v2\/comments?post=235"}],"version-history":[{"count":1,"href":"https:\/\/bardelconvent.com\/es\/wp-json\/wp\/v2\/pages\/235\/revisions"}],"predecessor-version":[{"id":253,"href":"https:\/\/bardelconvent.com\/es\/wp-json\/wp\/v2\/pages\/235\/revisions\/253"}],"wp:featuredmedia":[{"embeddable":true,"href":"https:\/\/bardelconvent.com\/es\/wp-json\/wp\/v2\/media\/120"}],"wp:attachment":[{"href":"https:\/\/bardelconvent.com\/es\/wp-json\/wp\/v2\/media?parent=235"}],"curies":[{"name":"wp","href":"https:\/\/api.w.org\/{rel}","templated":true}]}}