{"id":231,"date":"2022-07-08T11:54:38","date_gmt":"2022-07-08T10:54:38","guid":{"rendered":"http:\/\/bardelconvent.com\/ilmaiset-paikalliset-kytkennat\/"},"modified":"2022-07-08T11:54:38","modified_gmt":"2022-07-08T10:54:38","slug":"ilmaiset-paikalliset-kytkennat","status":"publish","type":"page","link":"https:\/\/bardelconvent.com\/fi\/","title":{"rendered":"Ilmaiset paikalliset kytkenn\u00e4t"},"content":{"rendered":"<p>Oletko valmis aloittamaan seurustelun? Haluatko l\u00f6yt\u00e4\u00e4 yhteyden verkosta ja lopettaa ajan tuhlaamisen?<\/p>\n<p>\u00c4l\u00e4 etsi en\u00e4\u00e4!<\/p>\n<p>Juuri siksi kytkent\u00e4sovelluksen k\u00e4ytt\u00f6 on hieno idea &#8211; treffialusta on jo tehnyt kaiken kovan ty\u00f6n puolestasi. Kaikki t\u00e4ll\u00e4 alustalla haluavat pit\u00e4\u00e4 hauskaa ja saada makaamaan. He ovat jo valmistautuneet yhden y\u00f6n juttuihin, NSA:n heittoihin ja niin edelleen. Ei ole en\u00e4\u00e4 mit\u00e4\u00e4n tekemist\u00e4, paitsi valita suosikkiehdokkaasi ja aloittaa keskustelu. En\u00e4\u00e4 ei tarvitse suostutella ket\u00e4\u00e4n. Kuinka mahtavaa se on?<\/p>\n<p><img loading=\"lazy\" class=\"aligncenter size-large wp-image-65\" src=\"http:\/\/bardelconvent.com\/wp-content\/uploads\/2022\/07\/local-sex-hookup-websites-1024x668.jpeg\" alt=\"\" width=\"640\" height=\"418\" srcset=\"https:\/\/bardelconvent.com\/wp-content\/uploads\/2022\/07\/local-sex-hookup-websites-1024x668.jpeg 1024w, https:\/\/bardelconvent.com\/wp-content\/uploads\/2022\/07\/local-sex-hookup-websites-300x196.jpeg 300w, https:\/\/bardelconvent.com\/wp-content\/uploads\/2022\/07\/local-sex-hookup-websites-768x501.jpeg 768w, https:\/\/bardelconvent.com\/wp-content\/uploads\/2022\/07\/local-sex-hookup-websites-1536x1002.jpeg 1536w, https:\/\/bardelconvent.com\/wp-content\/uploads\/2022\/07\/local-sex-hookup-websites-2048x1336.jpeg 2048w\" sizes=\"(max-width: 640px) 100vw, 640px\" \/><\/p>\n<h2>Tapaa paikallisia sinkkuja alueellasi<\/h2>\n<p>Kun etsit tarpeitasi vastaavaa sivustoa, muista tarkistaa niist\u00e4 tehdyt arvostelut. Sinun tulisi my\u00f6s harkita verkkosivuston sijainnin tarkistamista, koska jos se sijaitsee muussa maassa kuin sinun, saatat olla tekemisiss\u00e4 v\u00e4\u00e4rennettyjen profiilien kanssa. Jos uskot, ett\u00e4 profiili n\u00e4ytt\u00e4\u00e4 ep\u00e4ilytt\u00e4v\u00e4lt\u00e4, sinun kannattaa ehk\u00e4 v\u00e4ltt\u00e4\u00e4 sen k\u00e4ytt\u00f6\u00e4. Toinen asia, jonka voit tehd\u00e4, on kysy\u00e4 alustan j\u00e4senilt\u00e4, ovatko he todella aktiivisia siin\u00e4.<\/p>\n<p>Useimmat paikalliset kytkent\u00e4alustat ovat laillisia ja todellisia. Useimmilla sivustoilla on todellisia k\u00e4ytt\u00e4ji\u00e4, mik\u00e4 tarkoittaa, ett\u00e4 sinulla on mahdollisuus l\u00f6yt\u00e4\u00e4 joku, joka todella haluaa tavata sinut.<\/p>\n<p>Sinun ei tarvitse huolehtia ajanhukkaamisesta v\u00e4\u00e4rennettyjen profiilien ja roskapostittajien kanssa. Jos alusta ei anna osoite- tai yhteystietoja, sinun pit\u00e4isi todenn\u00e4k\u00f6isesti v\u00e4ltt\u00e4\u00e4 sen k\u00e4ytt\u00f6\u00e4.<\/p>\n<p>Muuten saatat p\u00e4\u00e4ty\u00e4 tapaamaan jonkun, joka ei ole kiinnostunut tapaamaan sinua.<\/p>\n<h3>OneNightFriend.com<\/h3>\n<p>One Night Friend on online-treffisivusto, jonka avulla k\u00e4ytt\u00e4j\u00e4t voivat tavata l\u00e4hell\u00e4 olevia ihmisi\u00e4. Ihmiset, jotka ovat kiinnostuneita tapaamaan jonkun l\u00e4hell\u00e4 olevan henkil\u00f6n, voivat liitty\u00e4 j\u00e4rjestelm\u00e4\u00e4n ja luoda profiilin. Profiilin luomisen j\u00e4lkeen k\u00e4ytt\u00e4j\u00e4t voivat valita, haluavatko he vastaanottaa viestej\u00e4 muilta j\u00e4senilt\u00e4 vai eiv\u00e4t. Jos k\u00e4ytt\u00e4j\u00e4 haluaa vastaanottaa viestej\u00e4, h\u00e4nen on ilmoitettava sukupuolensa ja ik\u00e4ryhm\u00e4ns\u00e4. K\u00e4ytt\u00e4j\u00e4t voivat my\u00f6s m\u00e4\u00e4ritt\u00e4\u00e4 sijaintinsa ja kiinnostuksensa. J\u00e4senet voivat tarkastella muiden k\u00e4ytt\u00e4jien profiileja ja l\u00e4hett\u00e4\u00e4 heille viestej\u00e4. K\u00e4ytt\u00e4j\u00e4t voivat my\u00f6s n\u00e4hd\u00e4, onko heid\u00e4n l\u00e4hell\u00e4\u00e4n muita j\u00e4seni\u00e4.<\/p>\n<p>Rekister\u00f6ityminen on helppoa. Sinun tarvitsee vain t\u00e4ytt\u00e4\u00e4 lyhyt lomake verkkosivustolla ja l\u00e4hett\u00e4\u00e4 se. Luottokorttia ei tarvita! Rekister\u00f6ityminen on ilmaista, eik\u00e4 piilotettuja maksuja ole. Kun olet rekister\u00f6itynyt, saat p\u00e4\u00e4syn kaikkiin sivuston ominaisuuksiin, mukaan lukien chat-huoneet, yksityisviestit, videopuhelut, valokuva-albumit, profiilin muokkaus ja monet muut.<\/p>\n<p>On my\u00f6s useita tapoja kommunikoida turvallisesti muiden sivuston j\u00e4senten kanssa. Voit k\u00e4ytt\u00e4\u00e4 tekstiviestej\u00e4, \u00e4\u00e4nipuheluita, videopuheluita ja pikaviestej\u00e4.<\/p>\n<h3>Ashley Madison<\/h3>\n<p>AshleyMadison.com on huomaamaton seksitreffisivusto sinkuille! Vuonna 2001 lanseerattu j\u00e4nnitt\u00e4v\u00e4 treffisivusto tarjoaa tonnia mahdollisuuksia flirttailla huomaamattomasti. AshleyMadison.com sinua odottaa yli 54 miljoonaa profiilia, ja se on ilmainen. L\u00f6yd\u00e4 nyt yhden y\u00f6n juttuja ja avioliiton ulkopuolisia asioita!<\/p>\n<p>Yli 54 miljoonalla j\u00e4senell\u00e4 AshleyMadison.com tarjoaa turvapaikan niille, jotka etsiv\u00e4t rakkautta verkosta. K\u00e4ytt\u00e4j\u00e4t voivat vapaasti liitty\u00e4 ja katsella otteluita, ja he voivat my\u00f6s selata sivuston laajaa luetteloa luokista, mukaan lukien puumat, MILF: t, swinger-parit, swingerit ja jopa sokeri-is\u00e4t. J\u00e4senet voivat my\u00f6s etsi\u00e4 mahdollisia osumia i\u00e4n, sijainnin, pituuden, painon, etnisen alkuper\u00e4n ja seksuaalisen suuntautumisen mukaan. Jos olet kiinnostunut huomaamattomista asioista, sivuston premium-palveluita k\u00e4ytett\u00e4ess\u00e4 ei ole liitetty ehtoja.<\/p>\n<h3>BeNaughty<\/h3>\n<p>BeNaughty on online-treffipalvelu, joka tarjoaa perusominaisuuksia ilmaiseksi. Sivusto on suunniteltu auttamaan rentoa seksi\u00e4 etsivi\u00e4 aikuisia kohtaamaan toisensa. Sovellus sis\u00e4lt\u00e4\u00e4 mahdollisuuden keskustella, selata profiileja ja l\u00e4hett\u00e4\u00e4 viestej\u00e4 muille k\u00e4ytt\u00e4jille. K\u00e4ytt\u00e4jien on annettava valokuva rekister\u00f6ityess\u00e4\u00e4n, vaikka lis\u00e4kuvia ei tarvitse ladata. Sivusto ei tarjoa edistyneit\u00e4 vastaavuusvaihtoehtoja, mutta antaa k\u00e4ytt\u00e4jille mahdollisuuden suodattaa potentiaalisia kumppaneita i\u00e4n, sukupuolen, sijainnin, suhteen tilan, seksuaalisen suuntautumisen ja kiinnostuksen kohteiden mukaan.<\/p>\n<p>BeNaughty on saatavilla englanniksi, ranskaksi, saksaksi, italiaksi, espanjaksi, portugaliksi, ven\u00e4j\u00e4ksi, japaniksi ja kiinaksi. Voit valita, kommunikoitko tekstiviestill\u00e4, puhelulla vai videopuhelulla, eik\u00e4 sinun tarvitse koskaan huolehtia kiinni j\u00e4\u00e4misest\u00e4. My\u00f6sk\u00e4\u00e4n kirjautumiskertojen m\u00e4\u00e4r\u00e4\u00e4 ei ole rajoitettu, joten voit palata takaisin aina, kun haluat tutustua uusimpiin listauksiin.<\/p>\n<p>Sinun on maksettava premium-ominaisuuksista vain, jos haluat niit\u00e4. Aloittamiseen ei tarvita rahaa, eik\u00e4 siihen ole liitetty ehtoja. L\u00f6yd\u00e4t jonkun t\u00e4n\u00e4 iltana!<\/p>\n<h3>Aikuisten yst\u00e4v\u00e4haku<\/h3>\n<p>AdultFriendFinder on johtava aikuisten sosiaalinen verkosto, joka l\u00f6yt\u00e4\u00e4 satunnaisia kohtaamisia, yst\u00e4vi\u00e4, joilla on etuja, heiluvia pariskuntia ja huomaamattomia asioita. AFF on sovellus, joka auttaa k\u00e4ytt\u00e4ji\u00e4 tapaamaan uusia yst\u00e4vi\u00e4 ja yst\u00e4vi\u00e4.<\/p>\n<p>K\u00e4ytt\u00e4j\u00e4t voivat selata muiden j\u00e4senten profiileja ja l\u00e4hett\u00e4\u00e4 viestej\u00e4 toisilleen, jos he pit\u00e4v\u00e4t n\u00e4kem\u00e4st\u00e4\u00e4n. Kun joku hyv\u00e4ksyy viestisi, voit j\u00e4rjest\u00e4\u00e4 tapaamisajan ja -paikan. Voit my\u00f6s lis\u00e4t\u00e4 profiilikuvan, kirjoittaa itsest\u00e4si ja ladata kuvia. Jos olet kiinnostunut tapaamaan muita, AFF on loistava tapa aloittaa!<\/p>\n<p>J\u00e4senet voivat selata tuhansien muiden j\u00e4senten valokuvia, lukea toistensa profiilitietoja, kirjoittaa henkil\u00f6kohtaisia muistiinpanoja ja jopa l\u00e4hett\u00e4\u00e4 silm\u00e4niskun jollekulle, josta he pit\u00e4v\u00e4t. Voit etsi\u00e4 yst\u00e4vi\u00e4, kytkent\u00f6j\u00e4, satunnaisia kohtaamisia ja jopa pitk\u00e4aikaisia suhteita. On monia tapoja olla yhteydess\u00e4 muihin ja olla vuorovaikutuksessa muiden kanssa, mukaan lukien chat-huoneet, ilmoitustaulut, puhelinseksilinjat, verkkokameraohjelmat ja paljon muuta.<\/p>\n","protected":false},"excerpt":{"rendered":"<p>Oletko valmis aloittamaan seurustelun? Haluatko l\u00f6yt\u00e4\u00e4 yhteyden verkosta ja lopettaa ajan tuhlaamisen? \u00c4l\u00e4 etsi en\u00e4\u00e4! Juuri siksi kytkent\u00e4sovelluksen k\u00e4ytt\u00f6 on hieno idea &#8211; <\/p>\n","protected":false},"author":1,"featured_media":0,"parent":0,"menu_order":0,"comment_status":"closed","ping_status":"closed","template":"","meta":[],"yoast_head":"<!-- This site is optimized with the Yoast SEO plugin v19.2 - https:\/\/yoast.com\/wordpress\/plugins\/seo\/ -->\n<title>Ilmaiset paikalliset kytkenn\u00e4t - Hookup-rakkaus<\/title>\n<meta name=\"robots\" content=\"index, follow, max-snippet:-1, max-image-preview:large, max-video-preview:-1\" \/>\n<link rel=\"canonical\" href=\"https:\/\/bardelconvent.com\/fi\/\" \/>\n<meta property=\"og:locale\" content=\"fi_FI\" \/>\n<meta property=\"og:type\" content=\"article\" \/>\n<meta property=\"og:title\" content=\"Ilmaiset paikalliset kytkenn\u00e4t - Hookup-rakkaus\" \/>\n<meta property=\"og:description\" content=\"Oletko valmis aloittamaan seurustelun? Haluatko l\u00f6yt\u00e4\u00e4 yhteyden verkosta ja lopettaa ajan tuhlaamisen? \u00c4l\u00e4 etsi en\u00e4\u00e4! Juuri siksi kytkent\u00e4sovelluksen k\u00e4ytt\u00f6 on hieno idea &#8211;\" \/>\n<meta property=\"og:url\" content=\"https:\/\/bardelconvent.com\/fi\/\" \/>\n<meta property=\"og:site_name\" content=\"Hookup-rakkaus\" \/>\n<meta property=\"og:image\" content=\"http:\/\/bardelconvent.com\/wp-content\/uploads\/2022\/07\/local-sex-hookup-websites-1024x668.jpeg\" \/>\n<meta name=\"author\" content=\"Dating Expert\" \/>\n<meta name=\"twitter:card\" content=\"summary_large_image\" \/>\n<meta name=\"twitter:label1\" content=\"Arvioitu lukuaika\" \/>\n\t<meta name=\"twitter:data1\" content=\"4 minuuttia\" \/>\n<script type=\"application\/ld+json\" class=\"yoast-schema-graph\">{\"@context\":\"https:\/\/schema.org\",\"@graph\":[{\"@type\":\"WebSite\",\"@id\":\"https:\/\/bardelconvent.com\/#website\",\"url\":\"https:\/\/bardelconvent.com\/\",\"name\":\"Hookup-rakkaus\",\"description\":\"Treffit ja ihmissuhteet\",\"potentialAction\":[{\"@type\":\"SearchAction\",\"target\":{\"@type\":\"EntryPoint\",\"urlTemplate\":\"https:\/\/bardelconvent.com\/?s={search_term_string}\"},\"query-input\":\"required name=search_term_string\"}],\"inLanguage\":\"fi\"},{\"@type\":\"ImageObject\",\"inLanguage\":\"fi\",\"@id\":\"https:\/\/bardelconvent.com\/fi\/#primaryimage\",\"url\":\"https:\/\/bardelconvent.com\/wp-content\/uploads\/2022\/07\/local-sex-hookup-websites.jpeg\",\"contentUrl\":\"https:\/\/bardelconvent.com\/wp-content\/uploads\/2022\/07\/local-sex-hookup-websites.jpeg\",\"width\":2299,\"height\":1500},{\"@type\":\"WebPage\",\"@id\":\"https:\/\/bardelconvent.com\/fi\/#webpage\",\"url\":\"https:\/\/bardelconvent.com\/fi\/\",\"name\":\"Ilmaiset paikalliset kytkenn\u00e4t - Hookup-rakkaus\",\"isPartOf\":{\"@id\":\"https:\/\/bardelconvent.com\/#website\"},\"primaryImageOfPage\":{\"@id\":\"https:\/\/bardelconvent.com\/fi\/#primaryimage\"},\"datePublished\":\"2022-07-08T10:54:38+00:00\",\"dateModified\":\"2022-07-08T10:54:38+00:00\",\"breadcrumb\":{\"@id\":\"https:\/\/bardelconvent.com\/fi\/#breadcrumb\"},\"inLanguage\":\"fi\",\"potentialAction\":[{\"@type\":\"ReadAction\",\"target\":[\"https:\/\/bardelconvent.com\/fi\/\"]}]},{\"@type\":\"BreadcrumbList\",\"@id\":\"https:\/\/bardelconvent.com\/fi\/#breadcrumb\",\"itemListElement\":[{\"@type\":\"ListItem\",\"position\":1,\"name\":\"Koti\",\"item\":\"https:\/\/bardelconvent.com\/fi\/\"},{\"@type\":\"ListItem\",\"position\":2,\"name\":\"Ilmaiset paikalliset kytkenn\u00e4t\"}]}]}<\/script>\n<!-- \/ Yoast SEO plugin. -->","yoast_head_json":{"title":"Ilmaiset paikalliset kytkenn\u00e4t - Hookup-rakkaus","robots":{"index":"index","follow":"follow","max-snippet":"max-snippet:-1","max-image-preview":"max-image-preview:large","max-video-preview":"max-video-preview:-1"},"canonical":"https:\/\/bardelconvent.com\/fi\/","og_locale":"fi_FI","og_type":"article","og_title":"Ilmaiset paikalliset kytkenn\u00e4t - Hookup-rakkaus","og_description":"Oletko valmis aloittamaan seurustelun? Haluatko l\u00f6yt\u00e4\u00e4 yhteyden verkosta ja lopettaa ajan tuhlaamisen? \u00c4l\u00e4 etsi en\u00e4\u00e4! Juuri siksi kytkent\u00e4sovelluksen k\u00e4ytt\u00f6 on hieno idea &#8211;","og_url":"https:\/\/bardelconvent.com\/fi\/","og_site_name":"Hookup-rakkaus","og_image":[{"url":"http:\/\/bardelconvent.com\/wp-content\/uploads\/2022\/07\/local-sex-hookup-websites-1024x668.jpeg"}],"author":"Dating Expert","twitter_card":"summary_large_image","twitter_misc":{"Arvioitu lukuaika":"4 minuuttia"},"schema":{"@context":"https:\/\/schema.org","@graph":[{"@type":"WebSite","@id":"https:\/\/bardelconvent.com\/#website","url":"https:\/\/bardelconvent.com\/","name":"Hookup-rakkaus","description":"Treffit ja ihmissuhteet","potentialAction":[{"@type":"SearchAction","target":{"@type":"EntryPoint","urlTemplate":"https:\/\/bardelconvent.com\/?s={search_term_string}"},"query-input":"required name=search_term_string"}],"inLanguage":"fi"},{"@type":"ImageObject","inLanguage":"fi","@id":"https:\/\/bardelconvent.com\/fi\/#primaryimage","url":"https:\/\/bardelconvent.com\/wp-content\/uploads\/2022\/07\/local-sex-hookup-websites.jpeg","contentUrl":"https:\/\/bardelconvent.com\/wp-content\/uploads\/2022\/07\/local-sex-hookup-websites.jpeg","width":2299,"height":1500},{"@type":"WebPage","@id":"https:\/\/bardelconvent.com\/fi\/#webpage","url":"https:\/\/bardelconvent.com\/fi\/","name":"Ilmaiset paikalliset kytkenn\u00e4t - Hookup-rakkaus","isPartOf":{"@id":"https:\/\/bardelconvent.com\/#website"},"primaryImageOfPage":{"@id":"https:\/\/bardelconvent.com\/fi\/#primaryimage"},"datePublished":"2022-07-08T10:54:38+00:00","dateModified":"2022-07-08T10:54:38+00:00","breadcrumb":{"@id":"https:\/\/bardelconvent.com\/fi\/#breadcrumb"},"inLanguage":"fi","potentialAction":[{"@type":"ReadAction","target":["https:\/\/bardelconvent.com\/fi\/"]}]},{"@type":"BreadcrumbList","@id":"https:\/\/bardelconvent.com\/fi\/#breadcrumb","itemListElement":[{"@type":"ListItem","position":1,"name":"Koti","item":"https:\/\/bardelconvent.com\/fi\/"},{"@type":"ListItem","position":2,"name":"Ilmaiset paikalliset kytkenn\u00e4t"}]}]}},"_links":{"self":[{"href":"https:\/\/bardelconvent.com\/fi\/wp-json\/wp\/v2\/pages\/231"}],"collection":[{"href":"https:\/\/bardelconvent.com\/fi\/wp-json\/wp\/v2\/pages"}],"about":[{"href":"https:\/\/bardelconvent.com\/fi\/wp-json\/wp\/v2\/types\/page"}],"author":[{"embeddable":true,"href":"https:\/\/bardelconvent.com\/fi\/wp-json\/wp\/v2\/users\/1"}],"replies":[{"embeddable":true,"href":"https:\/\/bardelconvent.com\/fi\/wp-json\/wp\/v2\/comments?post=231"}],"version-history":[{"count":0,"href":"https:\/\/bardelconvent.com\/fi\/wp-json\/wp\/v2\/pages\/231\/revisions"}],"wp:attachment":[{"href":"https:\/\/bardelconvent.com\/fi\/wp-json\/wp\/v2\/media?parent=231"}],"curies":[{"name":"wp","href":"https:\/\/api.w.org\/{rel}","templated":true}]}}