{"id":232,"date":"2022-07-08T12:05:25","date_gmt":"2022-07-08T11:05:25","guid":{"rendered":"http:\/\/bardelconvent.com\/ilmaiset-seksikeskustelusivustot\/"},"modified":"2022-07-08T12:05:25","modified_gmt":"2022-07-08T11:05:25","slug":"ilmaiset-seksikeskustelusivustot","status":"publish","type":"page","link":"https:\/\/bardelconvent.com\/fi\/ilmaiset-seksikeskustelusivustot\/","title":{"rendered":"Ilmaiset seksikeskustelusivustot"},"content":{"rendered":"<p>Useimmat ihmiset k\u00e4skev\u00e4t sinua menem\u00e4\u00e4n baarihyppelyyn tai k\u00e4ytt\u00e4m\u00e4\u00e4n paikallisia kytkent\u00e4sovelluksia. Mutta n\u00e4m\u00e4 vaihtoehdot eiv\u00e4t ole kovin tehokkaita. Voit k\u00e4ytt\u00e4\u00e4 paljon rahaa ja aikaa menem\u00e4ll\u00e4 ulos joka ilta, tai voit vain k\u00e4ytt\u00e4\u00e4 yht\u00e4 monista nyky\u00e4\u00e4n saatavilla olevista paikallisista kytkent\u00e4sivustoista. N\u00e4m\u00e4 sivustot tarjoavat samat ominaisuudet kuin muut treffisivustot, mutta niill\u00e4 on my\u00f6s tuhansia j\u00e4seni\u00e4, jotka etsiv\u00e4t hauskaa. Joten lopeta huonompien sivustojen k\u00e4ytt\u00f6 ja kokeile jotakin n\u00e4ist\u00e4 palveluista!<\/p>\n<p>N\u00e4ytt\u00e4\u00e4 silt\u00e4, ett\u00e4 <a href=\"http:\/\/bardelconvent.com\/fi\/miksi-online-treffisovellukset-voisivat-toimia-sinulle\/\">online-treffisivustojen<\/a> suurin ongelma on, ett\u00e4 ne eiv\u00e4t ole kovin tehokkaita. Voit n\u00e4hd\u00e4 miksi &#8211; ne tarjoavat paljon mahdollisuuksia, mutta my\u00f6s paljon ongelmia.<\/p>\n<ul>\n<li>Ensinn\u00e4kin se, ett\u00e4 et n\u00e4e, mit\u00e4 muut k\u00e4ytt\u00e4j\u00e4t tekev\u00e4t sivustolla, tarkoittaa, ett\u00e4 et koskaan tied\u00e4, onko joku muu kiinnostunut sinusta.<\/li>\n<li>Toiseksi, jos aiot tavata ihmisi\u00e4 tosiel\u00e4m\u00e4ss\u00e4, sinun on kiinnitett\u00e4v\u00e4 huomiota heid\u00e4n ulkon\u00e4k\u00f6\u00f6ns\u00e4 ja k\u00e4ytt\u00e4ytymiseens\u00e4, muuten saatat petty\u00e4, kun todella tapaat heid\u00e4t.<\/li>\n<li>Kolmanneksi <a href=\"http:\/\/bardelconvent.com\/fi\/toimiiko-sokea-treffit\/\">online-treffisivustot ovat usein t\u00e4ynn\u00e4 v\u00e4\u00e4rennettyj\u00e4 profiileja<\/a>. Jos aiot tavata tyt\u00f6n online-alustan kautta, sinun tulee tarkistaa h\u00e4nen profiilinsa huolellisesti ennen kuin annat h\u00e4nelle puhelinnumerosi. Lopuksi monet online-treffisivustot ovat vain huijauksia. He lupaavat paljon, mutta eiv\u00e4t anna mit\u00e4\u00e4n. Joten yhteenvetona voidaan todeta, ett\u00e4 online-treffit ovat hieno idea, mutta eiv\u00e4t t\u00e4ydellinen.<\/li>\n<\/ul>\n<h2>Seksikeskusteluhuoneet<\/h2>\n<p>Seksikeskustelusivustot ovat verkkosivustoja, joissa ihmiset tapaavat toisiaan verkossa keskustellakseen seksuaalisista aiheista. Seksikeskustelusivustoja on monia erilaisia, mukaan lukien kapeat sivustot, kuten BBW tai BDSM. Jotkut n\u00e4ist\u00e4 sivustoista antavat j\u00e4senille mahdollisuuden ladata kuvia ja videoita itsest\u00e4\u00e4n, kun taas toiset vaativat k\u00e4ytt\u00e4ji\u00e4 l\u00e4hett\u00e4m\u00e4\u00e4n viestej\u00e4 tekstiviestien tai pikaviestiohjelmien kautta.<\/p>\n<ul>\n<li>Monet seksikeskustelusivustot tarjoavat live-videopuheluita, joiden avulla j\u00e4senet voivat n\u00e4hd\u00e4 toisensa verkkokamerassa.<\/li>\n<li>Seksikeskustelusivustot ovat erinomainen paikka tavata uusia ihmisi\u00e4.<\/li>\n<li>Hyv\u00e4 valinta kytkemiseen<\/li>\n<\/ul>\n<p>Etsitk\u00f6 hauskaa t\u00e4n\u00e4 iltana? Oletko kyll\u00e4stynyt olemaan yksin? Miksi et sitten kokeilisi seksikeskusteluhuoneita, joissa voit tavata uusia ihmisi\u00e4 ymp\u00e4ri maailmaa! Olemme varmoja, ett\u00e4 l\u00f6yd\u00e4t t\u00e4\u00e4lt\u00e4 jonkun erityisen.<\/p>\n<p>N\u00e4ill\u00e4 sovelluksilla on tuhansia j\u00e4seni\u00e4 kaikkialta maailmasta, mukaan lukien Yhdysvallat, Iso-Britannia, Kanada, Australia, Uusi-Seelanti, Eurooppa, Aasia ja Afrikka. Joten jos etsit paikkaa, jossa voit olla yhteydess\u00e4 muihin, tule mukaan nyt.<\/p>\n<p>T\u00e4m\u00e4n sivuston k\u00e4ytt\u00e4misell\u00e4 on monia etuja. Ensinn\u00e4kin se on t\u00e4ysin ilmainen, joten ei ole mit\u00e4\u00e4n menetett\u00e4v\u00e4\u00e4. Toiseksi voit valita, haluatko k\u00e4ytt\u00e4\u00e4 verkkokameraa vai vain tekstipohjaisia keskusteluja. Jos haluat k\u00e4ytt\u00e4\u00e4 verkkokameraa, voit tehd\u00e4 sen napsauttamalla &#8221;videokeskustelu&#8221; -painiketta. T\u00e4m\u00e4 avaa ikkunan, jossa voit n\u00e4hd\u00e4 kumppanisi liven\u00e4. Voit puhua heid\u00e4n kanssaan, kysy\u00e4 heilt\u00e4 kysymyksi\u00e4 ja jopa jakaa kuvia heid\u00e4n kanssaan.<\/p>\n<p>Mit\u00e4 oikein odotat? Liity nyt ja aloita uusien yst\u00e4vien tapaaminen!<\/p>\n","protected":false},"excerpt":{"rendered":"<p>Useimmat ihmiset k\u00e4skev\u00e4t sinua menem\u00e4\u00e4n baarihyppelyyn tai k\u00e4ytt\u00e4m\u00e4\u00e4n paikallisia kytkent\u00e4sovelluksia. Mutta n\u00e4m\u00e4 vaihtoehdot eiv\u00e4t ole kovin tehokkaita. Voit k\u00e4ytt\u00e4\u00e4 paljon rahaa ja aikaa <\/p>\n","protected":false},"author":1,"featured_media":115,"parent":0,"menu_order":0,"comment_status":"closed","ping_status":"closed","template":"","meta":[],"yoast_head":"<!-- This site is optimized with the Yoast SEO plugin v19.2 - https:\/\/yoast.com\/wordpress\/plugins\/seo\/ -->\n<title>Ilmaiset seksikeskustelusivustot - Hookup-rakkaus<\/title>\n<meta name=\"robots\" content=\"index, follow, max-snippet:-1, max-image-preview:large, max-video-preview:-1\" \/>\n<link rel=\"canonical\" href=\"https:\/\/bardelconvent.com\/fi\/ilmaiset-seksikeskustelusivustot\/\" \/>\n<meta property=\"og:locale\" content=\"fi_FI\" \/>\n<meta property=\"og:type\" content=\"article\" \/>\n<meta property=\"og:title\" content=\"Ilmaiset seksikeskustelusivustot - Hookup-rakkaus\" \/>\n<meta property=\"og:description\" content=\"Useimmat ihmiset k\u00e4skev\u00e4t sinua menem\u00e4\u00e4n baarihyppelyyn tai k\u00e4ytt\u00e4m\u00e4\u00e4n paikallisia kytkent\u00e4sovelluksia. Mutta n\u00e4m\u00e4 vaihtoehdot eiv\u00e4t ole kovin tehokkaita. Voit k\u00e4ytt\u00e4\u00e4 paljon rahaa ja aikaa\" \/>\n<meta property=\"og:url\" content=\"https:\/\/bardelconvent.com\/fi\/ilmaiset-seksikeskustelusivustot\/\" \/>\n<meta property=\"og:site_name\" content=\"Hookup-rakkaus\" \/>\n<meta property=\"og:image\" content=\"https:\/\/bardelconvent.com\/wp-content\/uploads\/2022\/07\/join-now.jpeg\" \/>\n\t<meta property=\"og:image:width\" content=\"2250\" \/>\n\t<meta property=\"og:image:height\" content=\"1500\" \/>\n\t<meta property=\"og:image:type\" content=\"image\/jpeg\" \/>\n<meta name=\"author\" content=\"Dating Expert\" \/>\n<meta name=\"twitter:card\" content=\"summary_large_image\" \/>\n<meta name=\"twitter:label1\" content=\"Arvioitu lukuaika\" \/>\n\t<meta name=\"twitter:data1\" content=\"2 minuuttia\" \/>\n<script type=\"application\/ld+json\" class=\"yoast-schema-graph\">{\"@context\":\"https:\/\/schema.org\",\"@graph\":[{\"@type\":\"WebSite\",\"@id\":\"https:\/\/bardelconvent.com\/#website\",\"url\":\"https:\/\/bardelconvent.com\/\",\"name\":\"Hookup-rakkaus\",\"description\":\"Treffit ja ihmissuhteet\",\"potentialAction\":[{\"@type\":\"SearchAction\",\"target\":{\"@type\":\"EntryPoint\",\"urlTemplate\":\"https:\/\/bardelconvent.com\/?s={search_term_string}\"},\"query-input\":\"required name=search_term_string\"}],\"inLanguage\":\"fi\"},{\"@type\":\"ImageObject\",\"inLanguage\":\"fi\",\"@id\":\"https:\/\/bardelconvent.com\/fi\/ilmaiset-seksikeskustelusivustot\/#primaryimage\",\"url\":\"https:\/\/bardelconvent.com\/wp-content\/uploads\/2022\/07\/join-now.jpeg\",\"contentUrl\":\"https:\/\/bardelconvent.com\/wp-content\/uploads\/2022\/07\/join-now.jpeg\",\"width\":2250,\"height\":1500},{\"@type\":\"WebPage\",\"@id\":\"https:\/\/bardelconvent.com\/fi\/ilmaiset-seksikeskustelusivustot\/#webpage\",\"url\":\"https:\/\/bardelconvent.com\/fi\/ilmaiset-seksikeskustelusivustot\/\",\"name\":\"Ilmaiset seksikeskustelusivustot - Hookup-rakkaus\",\"isPartOf\":{\"@id\":\"https:\/\/bardelconvent.com\/#website\"},\"primaryImageOfPage\":{\"@id\":\"https:\/\/bardelconvent.com\/fi\/ilmaiset-seksikeskustelusivustot\/#primaryimage\"},\"datePublished\":\"2022-07-08T11:05:25+00:00\",\"dateModified\":\"2022-07-08T11:05:25+00:00\",\"breadcrumb\":{\"@id\":\"https:\/\/bardelconvent.com\/fi\/ilmaiset-seksikeskustelusivustot\/#breadcrumb\"},\"inLanguage\":\"fi\",\"potentialAction\":[{\"@type\":\"ReadAction\",\"target\":[\"https:\/\/bardelconvent.com\/fi\/ilmaiset-seksikeskustelusivustot\/\"]}]},{\"@type\":\"BreadcrumbList\",\"@id\":\"https:\/\/bardelconvent.com\/fi\/ilmaiset-seksikeskustelusivustot\/#breadcrumb\",\"itemListElement\":[{\"@type\":\"ListItem\",\"position\":1,\"name\":\"Koti\",\"item\":\"https:\/\/bardelconvent.com\/fi\/\"},{\"@type\":\"ListItem\",\"position\":2,\"name\":\"Ilmaiset seksikeskustelusivustot\"}]}]}<\/script>\n<!-- \/ Yoast SEO plugin. -->","yoast_head_json":{"title":"Ilmaiset seksikeskustelusivustot - Hookup-rakkaus","robots":{"index":"index","follow":"follow","max-snippet":"max-snippet:-1","max-image-preview":"max-image-preview:large","max-video-preview":"max-video-preview:-1"},"canonical":"https:\/\/bardelconvent.com\/fi\/ilmaiset-seksikeskustelusivustot\/","og_locale":"fi_FI","og_type":"article","og_title":"Ilmaiset seksikeskustelusivustot - Hookup-rakkaus","og_description":"Useimmat ihmiset k\u00e4skev\u00e4t sinua menem\u00e4\u00e4n baarihyppelyyn tai k\u00e4ytt\u00e4m\u00e4\u00e4n paikallisia kytkent\u00e4sovelluksia. Mutta n\u00e4m\u00e4 vaihtoehdot eiv\u00e4t ole kovin tehokkaita. Voit k\u00e4ytt\u00e4\u00e4 paljon rahaa ja aikaa","og_url":"https:\/\/bardelconvent.com\/fi\/ilmaiset-seksikeskustelusivustot\/","og_site_name":"Hookup-rakkaus","og_image":[{"width":2250,"height":1500,"url":"https:\/\/bardelconvent.com\/wp-content\/uploads\/2022\/07\/join-now.jpeg","type":"image\/jpeg"}],"author":"Dating Expert","twitter_card":"summary_large_image","twitter_misc":{"Arvioitu lukuaika":"2 minuuttia"},"schema":{"@context":"https:\/\/schema.org","@graph":[{"@type":"WebSite","@id":"https:\/\/bardelconvent.com\/#website","url":"https:\/\/bardelconvent.com\/","name":"Hookup-rakkaus","description":"Treffit ja ihmissuhteet","potentialAction":[{"@type":"SearchAction","target":{"@type":"EntryPoint","urlTemplate":"https:\/\/bardelconvent.com\/?s={search_term_string}"},"query-input":"required name=search_term_string"}],"inLanguage":"fi"},{"@type":"ImageObject","inLanguage":"fi","@id":"https:\/\/bardelconvent.com\/fi\/ilmaiset-seksikeskustelusivustot\/#primaryimage","url":"https:\/\/bardelconvent.com\/wp-content\/uploads\/2022\/07\/join-now.jpeg","contentUrl":"https:\/\/bardelconvent.com\/wp-content\/uploads\/2022\/07\/join-now.jpeg","width":2250,"height":1500},{"@type":"WebPage","@id":"https:\/\/bardelconvent.com\/fi\/ilmaiset-seksikeskustelusivustot\/#webpage","url":"https:\/\/bardelconvent.com\/fi\/ilmaiset-seksikeskustelusivustot\/","name":"Ilmaiset seksikeskustelusivustot - Hookup-rakkaus","isPartOf":{"@id":"https:\/\/bardelconvent.com\/#website"},"primaryImageOfPage":{"@id":"https:\/\/bardelconvent.com\/fi\/ilmaiset-seksikeskustelusivustot\/#primaryimage"},"datePublished":"2022-07-08T11:05:25+00:00","dateModified":"2022-07-08T11:05:25+00:00","breadcrumb":{"@id":"https:\/\/bardelconvent.com\/fi\/ilmaiset-seksikeskustelusivustot\/#breadcrumb"},"inLanguage":"fi","potentialAction":[{"@type":"ReadAction","target":["https:\/\/bardelconvent.com\/fi\/ilmaiset-seksikeskustelusivustot\/"]}]},{"@type":"BreadcrumbList","@id":"https:\/\/bardelconvent.com\/fi\/ilmaiset-seksikeskustelusivustot\/#breadcrumb","itemListElement":[{"@type":"ListItem","position":1,"name":"Koti","item":"https:\/\/bardelconvent.com\/fi\/"},{"@type":"ListItem","position":2,"name":"Ilmaiset seksikeskustelusivustot"}]}]}},"_links":{"self":[{"href":"https:\/\/bardelconvent.com\/fi\/wp-json\/wp\/v2\/pages\/232"}],"collection":[{"href":"https:\/\/bardelconvent.com\/fi\/wp-json\/wp\/v2\/pages"}],"about":[{"href":"https:\/\/bardelconvent.com\/fi\/wp-json\/wp\/v2\/types\/page"}],"author":[{"embeddable":true,"href":"https:\/\/bardelconvent.com\/fi\/wp-json\/wp\/v2\/users\/1"}],"replies":[{"embeddable":true,"href":"https:\/\/bardelconvent.com\/fi\/wp-json\/wp\/v2\/comments?post=232"}],"version-history":[{"count":0,"href":"https:\/\/bardelconvent.com\/fi\/wp-json\/wp\/v2\/pages\/232\/revisions"}],"wp:featuredmedia":[{"embeddable":true,"href":"https:\/\/bardelconvent.com\/fi\/wp-json\/wp\/v2\/media\/115"}],"wp:attachment":[{"href":"https:\/\/bardelconvent.com\/fi\/wp-json\/wp\/v2\/media?parent=232"}],"curies":[{"name":"wp","href":"https:\/\/api.w.org\/{rel}","templated":true}]}}