{"id":237,"date":"2022-07-08T11:54:38","date_gmt":"2022-07-08T10:54:38","guid":{"rendered":"http:\/\/bardelconvent.com\/rencontres-locales-gratuites\/"},"modified":"2022-07-08T11:54:38","modified_gmt":"2022-07-08T10:54:38","slug":"rencontres-locales-gratuites","status":"publish","type":"page","link":"https:\/\/bardelconvent.com\/fr\/","title":{"rendered":"Rencontres locales gratuites"},"content":{"rendered":"<p>\u00cates-vous pr\u00eat \u00e0 commencer \u00e0 sortir ensemble? Vous voulez trouver une connexion en ligne et arr\u00eater de perdre du temps?<\/p>\n<p>Ne cherchez plus!<\/p>\n<p>C\u2019est exactement pourquoi l\u2019utilisation de l\u2019application de connexion est une excellente id\u00e9e &#8211; la plate-forme de rencontres a d\u00e9j\u00e0 fait tout le travail pour vous. Tout le monde sur cette plate-forme cherche \u00e0 s\u2019amuser et \u00e0 se faire poser. Ils sont d\u00e9j\u00e0 pr\u00e9par\u00e9s pour des aventures d\u2019un soir, des aventures de la NSA, et ainsi de suite. Il n\u2019y a plus rien \u00e0 faire \u00e0 part choisir votre candidat pr\u00e9f\u00e9r\u00e9 et commencer \u00e0 discuter. Plus besoin de persuader qui que ce soit. \u00c0 quel point est-ce g\u00e9nial?<\/p>\n<p><img loading=\"lazy\" class=\"aligncenter size-large wp-image-65\" src=\"http:\/\/bardelconvent.com\/wp-content\/uploads\/2022\/07\/local-sex-hookup-websites-1024x668.jpeg\" alt=\"\" width=\"640\" height=\"418\" srcset=\"https:\/\/bardelconvent.com\/wp-content\/uploads\/2022\/07\/local-sex-hookup-websites-1024x668.jpeg 1024w, https:\/\/bardelconvent.com\/wp-content\/uploads\/2022\/07\/local-sex-hookup-websites-300x196.jpeg 300w, https:\/\/bardelconvent.com\/wp-content\/uploads\/2022\/07\/local-sex-hookup-websites-768x501.jpeg 768w, https:\/\/bardelconvent.com\/wp-content\/uploads\/2022\/07\/local-sex-hookup-websites-1536x1002.jpeg 1536w, https:\/\/bardelconvent.com\/wp-content\/uploads\/2022\/07\/local-sex-hookup-websites-2048x1336.jpeg 2048w\" sizes=\"(max-width: 640px) 100vw, 640px\" \/><\/p>\n<h2>Rencontrez des c\u00e9libataires locaux dans votre r\u00e9gion<\/h2>\n<p>Lorsque vous recherchez un site pour r\u00e9pondre \u00e0 vos besoins, assurez-vous de consulter les critiques \u00e0 leur sujet. Vous devriez \u00e9galement envisager de v\u00e9rifier l\u2019emplacement du site Web, car s\u2019il est situ\u00e9 dans un pays autre que le v\u00f4tre, vous avez peut-\u00eatre affaire \u00e0 de faux profils. Si vous pensez que le profil semble suspect, vous voudrez peut-\u00eatre \u00e9viter de l\u2019utiliser. Une autre chose que vous pouvez faire est de demander aux membres de la plate-forme s\u2019ils y sont vraiment actifs.<\/p>\n<p>La plupart des plateformes de connexion locales sont l\u00e9gitimes et r\u00e9elles. La plupart des sites ont de vrais utilisateurs, ce qui signifie que vous aurez une chance de trouver quelqu\u2019un qui veut r\u00e9ellement vous rencontrer.<\/p>\n<p>Vous n\u2019aurez pas \u00e0 vous soucier de perdre votre temps avec de faux profils et des spammeurs. Si la plate-forme ne fournit aucune adresse ou informations de contact, vous devriez probablement \u00e9viter de l\u2019utiliser.<\/p>\n<p>Sinon, vous pourriez finir par rencontrer quelqu\u2019un qui n\u2019est pas int\u00e9ress\u00e9 \u00e0 vous rencontrer.<\/p>\n<h3>OneNightFriend.com<\/h3>\n<p>One Night Friend est un site de rencontres en ligne qui permet aux utilisateurs de rencontrer des personnes \u00e0 proximit\u00e9. Les personnes int\u00e9ress\u00e9es \u00e0 rencontrer quelqu\u2019un \u00e0 proximit\u00e9 peuvent rejoindre le syst\u00e8me et cr\u00e9er un profil. Apr\u00e8s avoir cr\u00e9\u00e9 un profil, les utilisateurs peuvent choisir s\u2019ils souhaitent recevoir des messages d\u2019autres membres ou non. Si un utilisateur souhaite recevoir des messages, il doit indiquer son sexe et sa tranche d\u2019\u00e2ge. Les utilisateurs peuvent \u00e9galement sp\u00e9cifier leur emplacement et leurs int\u00e9r\u00eats. Les membres peuvent afficher les profils d\u2019autres utilisateurs et leur envoyer des messages. Les utilisateurs peuvent \u00e9galement voir s\u2019il y a d\u2019autres membres pr\u00e8s d\u2019eux.<\/p>\n<p>L\u2019inscription est simple. Il vous suffit de remplir un court formulaire sur le site Web et de le soumettre. Aucune carte de cr\u00e9dit requise! L\u2019inscription est gratuite et il n\u2019y a pas de frais cach\u00e9s. Une fois inscrit, vous avez acc\u00e8s \u00e0 toutes les fonctionnalit\u00e9s du site, y compris les salles de discussion, la messagerie priv\u00e9e, les appels vid\u00e9o, les albums photo, l\u2019\u00e9dition de profil et bien d\u2019autres.<\/p>\n<p>Il existe \u00e9galement plusieurs fa\u00e7ons de communiquer en toute s\u00e9curit\u00e9 avec les autres membres du site. Vous pouvez utiliser des messages texte, des appels vocaux, des appels vid\u00e9o et la messagerie instantan\u00e9e.<\/p>\n<h3>Ashley Madison<\/h3>\n<p>AshleyMadison.com est un site de rencontre sexuelle discret pour les c\u00e9libataires! Lanc\u00e9 en 2001, ce site de rencontre passionnant offre des tonnes de possibilit\u00e9s pour flirter discr\u00e8tement. Plus de 54 millions de profils vous attendent sur AshleyMadison.com, et c\u2019est gratuit. Trouvez des aventures d\u2019un soir et des affaires extraconjugales maintenant!<\/p>\n<p>Avec plus de 54 millions de membres, AshleyMadison.com offre un refuge s\u00fbr pour ceux qui recherchent l\u2019amour en ligne. Gratuits pour rejoindre et voir les matchs, les utilisateurs peuvent \u00e9galement parcourir la longue liste de cat\u00e9gories du site, y compris les cougars, les MILF, les couples \u00e9changistes, les \u00e9changistes et m\u00eame les sugar daddies. Les membres peuvent \u00e9galement rechercher des correspondances potentielles par \u00e2ge, emplacement, taille, poids, origine ethnique et orientation sexuelle. Si vous \u00eates int\u00e9ress\u00e9 par des affaires discr\u00e8tes, il n\u2019y a aucune condition attach\u00e9e lors de l\u2019utilisation des services premium du site.<\/p>\n<h3>BeNaughty<\/h3>\n<p>BeNaughty est un service de rencontres en ligne qui offre gratuitement des fonctionnalit\u00e9s de base. Le site Web est con\u00e7u pour aider les adultes \u00e0 la recherche de relations sexuelles occasionnelles \u00e0 se rencontrer. L\u2019application inclut la possibilit\u00e9 de discuter, de parcourir les profils et d\u2019envoyer des messages \u00e0 d\u2019autres utilisateurs. Les utilisateurs doivent fournir une photo lors de leur inscription, bien qu\u2019il ne soit pas n\u00e9cessaire de t\u00e9l\u00e9charger des images suppl\u00e9mentaires. Le site n\u2019offre pas d\u2019options de correspondance avanc\u00e9es, mais permet aux utilisateurs de filtrer les partenaires potentiels par \u00e2ge, sexe, emplacement, statut relationnel, orientation sexuelle et int\u00e9r\u00eats.<\/p>\n<p>BeNaughty est disponible en anglais, Fran\u00e7ais, allemand, italien, espagnol, portugais, russe, japonais et chinois. Vous pouvez choisir de communiquer par SMS, appel t\u00e9l\u00e9phonique ou chat vid\u00e9o, et vous n\u2019aurez jamais \u00e0 vous soucier de vous faire prendre. Il n\u2019y a pas de limite au nombre de fois que vous pouvez vous connecter non plus, vous pouvez donc revenir chaque fois que vous souhaitez consulter les derni\u00e8res annonces.<\/p>\n<p>Vous n\u2019avez besoin de payer pour des fonctionnalit\u00e9s premium que si vous les voulez. Aucun argent n\u2019est n\u00e9cessaire pour commencer, et il n\u2019y a pas de conditions attach\u00e9es. Vous pouvez trouver quelqu\u2019un ce soir!<\/p>\n<h3>Recherche d\u2019amis adultes<\/h3>\n<p>AdultFriendFinder est le premier r\u00e9seau social pour adultes pour trouver des rencontres occasionnelles, des amis avec des avantages, des couples \u00e9changistes et des affaires discr\u00e8tes. AFF est une application qui aide les utilisateurs \u00e0 rencontrer de nouveaux amis et amants.<\/p>\n<p>Les utilisateurs peuvent parcourir les profils des autres membres et s\u2019envoyer des messages s\u2019ils aiment ce qu\u2019ils voient. Une fois que quelqu\u2019un accepte votre message, vous pouvez organiser un moment et un lieu pour vous rencontrer. Vous pouvez \u00e9galement ajouter une photo de profil, \u00e9crire sur vous-m\u00eame et t\u00e9l\u00e9charger des photos. Si vous \u00eates int\u00e9ress\u00e9 \u00e0 rencontrer d\u2019autres personnes, AFF est un excellent moyen de commencer!<\/p>\n<p>Les membres peuvent parcourir des milliers de photos d\u2019autres membres, lire les informations de profil des autres, \u00e9crire des notes personnelles et m\u00eame envoyer un clin d\u2019\u0153il \u00e0 quelqu\u2019un qu\u2019ils aiment. Vous pouvez rechercher des amis, des rencontres, des rencontres occasionnelles et m\u00eame des relations \u00e0 long terme. Il existe de nombreuses fa\u00e7ons de se connecter et d\u2019interagir avec les autres, y compris les salles de discussion, les babillards \u00e9lectroniques, les lignes de sexe par t\u00e9l\u00e9phone, les \u00e9missions de webcam, etc.<\/p>\n","protected":false},"excerpt":{"rendered":"<p>\u00cates-vous pr\u00eat \u00e0 commencer \u00e0 sortir ensemble? Vous voulez trouver une connexion en ligne et arr\u00eater de perdre du temps? Ne cherchez plus! <\/p>\n","protected":false},"author":1,"featured_media":0,"parent":0,"menu_order":0,"comment_status":"closed","ping_status":"closed","template":"","meta":[],"yoast_head":"<!-- This site is optimized with the Yoast SEO plugin v19.2 - https:\/\/yoast.com\/wordpress\/plugins\/seo\/ -->\n<title>Rencontres locales gratuites - Amour de connexion<\/title>\n<meta name=\"robots\" content=\"index, follow, max-snippet:-1, max-image-preview:large, max-video-preview:-1\" \/>\n<link rel=\"canonical\" href=\"https:\/\/bardelconvent.com\/fr\/\" \/>\n<meta property=\"og:locale\" content=\"fr_FR\" \/>\n<meta property=\"og:type\" content=\"article\" \/>\n<meta property=\"og:title\" content=\"Rencontres locales gratuites - Amour de connexion\" \/>\n<meta property=\"og:description\" content=\"\u00cates-vous pr\u00eat \u00e0 commencer \u00e0 sortir ensemble? Vous voulez trouver une connexion en ligne et arr\u00eater de perdre du temps? Ne cherchez plus!\" \/>\n<meta property=\"og:url\" content=\"https:\/\/bardelconvent.com\/fr\/\" \/>\n<meta property=\"og:site_name\" content=\"Amour de connexion\" \/>\n<meta property=\"og:image\" content=\"http:\/\/bardelconvent.com\/wp-content\/uploads\/2022\/07\/local-sex-hookup-websites-1024x668.jpeg\" \/>\n<meta name=\"author\" content=\"Dating Expert\" \/>\n<meta name=\"twitter:card\" content=\"summary_large_image\" \/>\n<meta name=\"twitter:label1\" content=\"Dur\u00e9e de lecture estim\u00e9e\" \/>\n\t<meta name=\"twitter:data1\" content=\"6 minutes\" \/>\n<script type=\"application\/ld+json\" class=\"yoast-schema-graph\">{\"@context\":\"https:\/\/schema.org\",\"@graph\":[{\"@type\":\"WebSite\",\"@id\":\"https:\/\/bardelconvent.com\/#website\",\"url\":\"https:\/\/bardelconvent.com\/\",\"name\":\"Amour de connexion\",\"description\":\"Rencontres et relations\",\"potentialAction\":[{\"@type\":\"SearchAction\",\"target\":{\"@type\":\"EntryPoint\",\"urlTemplate\":\"https:\/\/bardelconvent.com\/?s={search_term_string}\"},\"query-input\":\"required name=search_term_string\"}],\"inLanguage\":\"fr-FR\"},{\"@type\":\"ImageObject\",\"inLanguage\":\"fr-FR\",\"@id\":\"https:\/\/bardelconvent.com\/fr\/#primaryimage\",\"url\":\"https:\/\/bardelconvent.com\/wp-content\/uploads\/2022\/07\/local-sex-hookup-websites.jpeg\",\"contentUrl\":\"https:\/\/bardelconvent.com\/wp-content\/uploads\/2022\/07\/local-sex-hookup-websites.jpeg\",\"width\":2299,\"height\":1500},{\"@type\":\"WebPage\",\"@id\":\"https:\/\/bardelconvent.com\/fr\/#webpage\",\"url\":\"https:\/\/bardelconvent.com\/fr\/\",\"name\":\"Rencontres locales gratuites - Amour de connexion\",\"isPartOf\":{\"@id\":\"https:\/\/bardelconvent.com\/#website\"},\"primaryImageOfPage\":{\"@id\":\"https:\/\/bardelconvent.com\/fr\/#primaryimage\"},\"datePublished\":\"2022-07-08T10:54:38+00:00\",\"dateModified\":\"2022-07-08T10:54:38+00:00\",\"breadcrumb\":{\"@id\":\"https:\/\/bardelconvent.com\/fr\/#breadcrumb\"},\"inLanguage\":\"fr-FR\",\"potentialAction\":[{\"@type\":\"ReadAction\",\"target\":[\"https:\/\/bardelconvent.com\/fr\/\"]}]},{\"@type\":\"BreadcrumbList\",\"@id\":\"https:\/\/bardelconvent.com\/fr\/#breadcrumb\",\"itemListElement\":[{\"@type\":\"ListItem\",\"position\":1,\"name\":\"Domicile\",\"item\":\"http:\/\/bardelconvent.com\/fr\/\"},{\"@type\":\"ListItem\",\"position\":2,\"name\":\"Rencontres locales gratuites\"}]}]}<\/script>\n<!-- \/ Yoast SEO plugin. -->","yoast_head_json":{"title":"Rencontres locales gratuites - Amour de connexion","robots":{"index":"index","follow":"follow","max-snippet":"max-snippet:-1","max-image-preview":"max-image-preview:large","max-video-preview":"max-video-preview:-1"},"canonical":"https:\/\/bardelconvent.com\/fr\/","og_locale":"fr_FR","og_type":"article","og_title":"Rencontres locales gratuites - Amour de connexion","og_description":"\u00cates-vous pr\u00eat \u00e0 commencer \u00e0 sortir ensemble? Vous voulez trouver une connexion en ligne et arr\u00eater de perdre du temps? Ne cherchez plus!","og_url":"https:\/\/bardelconvent.com\/fr\/","og_site_name":"Amour de connexion","og_image":[{"url":"http:\/\/bardelconvent.com\/wp-content\/uploads\/2022\/07\/local-sex-hookup-websites-1024x668.jpeg"}],"author":"Dating Expert","twitter_card":"summary_large_image","twitter_misc":{"Dur\u00e9e de lecture estim\u00e9e":"6 minutes"},"schema":{"@context":"https:\/\/schema.org","@graph":[{"@type":"WebSite","@id":"https:\/\/bardelconvent.com\/#website","url":"https:\/\/bardelconvent.com\/","name":"Amour de connexion","description":"Rencontres et relations","potentialAction":[{"@type":"SearchAction","target":{"@type":"EntryPoint","urlTemplate":"https:\/\/bardelconvent.com\/?s={search_term_string}"},"query-input":"required name=search_term_string"}],"inLanguage":"fr-FR"},{"@type":"ImageObject","inLanguage":"fr-FR","@id":"https:\/\/bardelconvent.com\/fr\/#primaryimage","url":"https:\/\/bardelconvent.com\/wp-content\/uploads\/2022\/07\/local-sex-hookup-websites.jpeg","contentUrl":"https:\/\/bardelconvent.com\/wp-content\/uploads\/2022\/07\/local-sex-hookup-websites.jpeg","width":2299,"height":1500},{"@type":"WebPage","@id":"https:\/\/bardelconvent.com\/fr\/#webpage","url":"https:\/\/bardelconvent.com\/fr\/","name":"Rencontres locales gratuites - Amour de connexion","isPartOf":{"@id":"https:\/\/bardelconvent.com\/#website"},"primaryImageOfPage":{"@id":"https:\/\/bardelconvent.com\/fr\/#primaryimage"},"datePublished":"2022-07-08T10:54:38+00:00","dateModified":"2022-07-08T10:54:38+00:00","breadcrumb":{"@id":"https:\/\/bardelconvent.com\/fr\/#breadcrumb"},"inLanguage":"fr-FR","potentialAction":[{"@type":"ReadAction","target":["https:\/\/bardelconvent.com\/fr\/"]}]},{"@type":"BreadcrumbList","@id":"https:\/\/bardelconvent.com\/fr\/#breadcrumb","itemListElement":[{"@type":"ListItem","position":1,"name":"Domicile","item":"http:\/\/bardelconvent.com\/fr\/"},{"@type":"ListItem","position":2,"name":"Rencontres locales gratuites"}]}]}},"_links":{"self":[{"href":"https:\/\/bardelconvent.com\/fr\/wp-json\/wp\/v2\/pages\/237"}],"collection":[{"href":"https:\/\/bardelconvent.com\/fr\/wp-json\/wp\/v2\/pages"}],"about":[{"href":"https:\/\/bardelconvent.com\/fr\/wp-json\/wp\/v2\/types\/page"}],"author":[{"embeddable":true,"href":"https:\/\/bardelconvent.com\/fr\/wp-json\/wp\/v2\/users\/1"}],"replies":[{"embeddable":true,"href":"https:\/\/bardelconvent.com\/fr\/wp-json\/wp\/v2\/comments?post=237"}],"version-history":[{"count":0,"href":"https:\/\/bardelconvent.com\/fr\/wp-json\/wp\/v2\/pages\/237\/revisions"}],"wp:attachment":[{"href":"https:\/\/bardelconvent.com\/fr\/wp-json\/wp\/v2\/media?parent=237"}],"curies":[{"name":"wp","href":"https:\/\/api.w.org\/{rel}","templated":true}]}}