{"id":222,"date":"2022-07-08T11:54:38","date_gmt":"2022-07-08T10:54:38","guid":{"rendered":"http:\/\/bardelconvent.com\/darmowe-lokalne-polaczenia\/"},"modified":"2022-09-08T19:49:43","modified_gmt":"2022-09-08T18:49:43","slug":"darmowe-lokalne-polaczenia","status":"publish","type":"page","link":"https:\/\/bardelconvent.com\/pl\/","title":{"rendered":"Darmowe lokalne po\u0142\u0105czenia"},"content":{"rendered":"<p>Czy jeste\u015b gotowy, aby zacz\u0105\u0107 si\u0119 spotyka\u0107? Chcesz znale\u017a\u0107 po\u0142\u0105czenie online i przesta\u0107 marnowa\u0107 czas?<\/p>\n<p>Nie szukaj dalej!<\/p>\n<p>W\u0142a\u015bnie dlatego korzystanie z aplikacji do pod\u0142\u0105czania jest \u015bwietnym pomys\u0142em &#8211; platforma randkowa wykona\u0142a ju\u017c za Ciebie ca\u0142\u0105 ci\u0119\u017ck\u0105 prac\u0119. Wszyscy na tej platformie chc\u0105 si\u0119 dobrze bawi\u0107 i po\u0142o\u017cy\u0107. S\u0105 ju\u017c przygotowani na jedn\u0105 noc, ucieczki NSA i tak dalej. Nie pozostaje nic do zrobienia, z wyj\u0105tkiem wybrania ulubionego kandydata i rozpocz\u0119cia rozmowy. Nie trzeba ju\u017c nikogo przekonywa\u0107. Jak niesamowite to jest?<\/p>\n<p><img loading=\"lazy\" class=\"aligncenter size-large wp-image-65\" src=\"http:\/\/bardelconvent.com\/wp-content\/uploads\/2022\/07\/local-sex-hookup-websites-1024x668.jpeg\" alt=\"\" width=\"640\" height=\"418\" srcset=\"https:\/\/bardelconvent.com\/wp-content\/uploads\/2022\/07\/local-sex-hookup-websites-1024x668.jpeg 1024w, https:\/\/bardelconvent.com\/wp-content\/uploads\/2022\/07\/local-sex-hookup-websites-300x196.jpeg 300w, https:\/\/bardelconvent.com\/wp-content\/uploads\/2022\/07\/local-sex-hookup-websites-768x501.jpeg 768w, https:\/\/bardelconvent.com\/wp-content\/uploads\/2022\/07\/local-sex-hookup-websites-1536x1002.jpeg 1536w, https:\/\/bardelconvent.com\/wp-content\/uploads\/2022\/07\/local-sex-hookup-websites-2048x1336.jpeg 2048w\" sizes=\"(max-width: 640px) 100vw, 640px\" \/><\/p>\n<h2>Poznaj lokalnych singli w Twojej okolicy<\/h2>\n<p>Szukaj\u0105c witryny spe\u0142niaj\u0105cej Twoje potrzeby, sprawd\u017a opinie <a href=\"http:\/\/www.jerkingresources.com\/pl\/darmowe-lokalne-strony-z-dziwkami\/\">strony z dziwkami<\/a> na ich temat. Powiniene\u015b r\u00f3wnie\u017c rozwa\u017cy\u0107 sprawdzenie lokalizacji strony internetowej, poniewa\u017c je\u015bli znajduje si\u0119 ona w kraju innym ni\u017c Tw\u00f3j, mo\u017cesz mie\u0107 do czynienia z fa\u0142szywymi profilami. Je\u015bli uwa\u017casz, \u017ce profil wygl\u0105da podejrzanie, mo\u017cesz go unika\u0107. Kolejn\u0105 rzecz\u0105, kt\u00f3r\u0105 mo\u017cesz zrobi\u0107, to zapyta\u0107 cz\u0142onk\u00f3w platformy, czy s\u0105 na niej naprawd\u0119 aktywni.<\/p>\n<p>Wi\u0119kszo\u015b\u0107 lokalnych platform pod\u0142\u0105czeniowych jest legalna i prawdziwa. Wi\u0119kszo\u015b\u0107 witryn ma prawdziwych u\u017cytkownik\u00f3w, co oznacza, \u017ce b\u0119dziesz mia\u0142 szans\u0119 znale\u017a\u0107 kogo\u015b, kto naprawd\u0119 chce Ci\u0119 pozna\u0107.<\/p>\n<p>Nie musisz si\u0119 martwi\u0107 o marnowanie czasu na <a href=\"https:\/\/www.free-adult-cams.com\/pl\/najlepsze-darmowe-kamery-erotyczne\/\">kamery erotyczne<\/a> fa\u0142szywe profile i spamer\u00f3w. Je\u015bli platforma nie zawiera \u017cadnego adresu ani informacji kontaktowych, prawdopodobnie powiniene\u015b unika\u0107 korzystania z niej.<\/p>\n<p>W przeciwnym razie mo\u017cesz spotka\u0107 kogo\u015b, kto nie jest zainteresowany spotkaniem z Tob\u0105.<\/p>\n<h3>OneNightFriend.com<\/h3>\n<p>One Night Friend to internetowy serwis randkowy, kt\u00f3ry pozwala u\u017cytkownikom spotyka\u0107 si\u0119 z lud\u017ami w pobli\u017cu. Osoby zainteresowane spotkaniem z kim\u015b w pobli\u017cu mog\u0105 do\u0142\u0105czy\u0107 do systemu i utworzy\u0107 profil. Po utworzeniu profilu u\u017cytkownicy mog\u0105 wybra\u0107, czy chc\u0105 otrzymywa\u0107 wiadomo\u015bci od innych cz\u0142onk\u00f3w, czy nie. Je\u015bli u\u017cytkownik chce otrzymywa\u0107 wiadomo\u015bci, musi wskaza\u0107 swoj\u0105 p\u0142e\u0107 i przedzia\u0142 wiekowy. U\u017cytkownicy mog\u0105 r\u00f3wnie\u017c okre\u015bli\u0107 swoj\u0105 lokalizacj\u0119 i zainteresowania. Cz\u0142onkowie mog\u0105 przegl\u0105da\u0107 profile innych u\u017cytkownik\u00f3w i wysy\u0142a\u0107 im wiadomo\u015bci. U\u017cytkownicy mog\u0105 r\u00f3wnie\u017c sprawdzi\u0107, czy w pobli\u017cu znajduj\u0105 si\u0119 inni cz\u0142onkowie.<\/p>\n<p>Rejestracja jest prosta. Wystarczy wype\u0142ni\u0107 kr\u00f3tki formularz na stronie internetowej i przes\u0142a\u0107 go. Karta kredytowa nie jest wymagana! Rejestracja jest bezp\u0142atna i nie ma \u017cadnych ukrytych op\u0142at. Po zarejestrowaniu si\u0119 uzyskasz dost\u0119p do wszystkich funkcji witryny, w tym czat\u00f3w, prywatnych wiadomo\u015bci, po\u0142\u0105cze\u0144 wideo, album\u00f3w ze zdj\u0119ciami, edycji profilu i wielu innych.<\/p>\n<p>Istnieje r\u00f3wnie\u017c kilka sposob\u00f3w bezpiecznej komunikacji z innymi cz\u0142onkami <a href=\"http:\/\/www.gay-hookups.com\/pl\/anonimowy-seks-gejowski\/\">seks gejowski<\/a> witryny. Mo\u017cesz u\u017cywa\u0107 wiadomo\u015bci tekstowych, po\u0142\u0105cze\u0144 g\u0142osowych, po\u0142\u0105cze\u0144 wideo i komunikator\u00f3w internetowych.<\/p>\n<h3>Ashley Madison<\/h3>\n<p>AshleyMadison.com to dyskretny serwis randkowy dla singli! Uruchomiony w 2001 roku, ten ekscytuj\u0105cy serwis randkowy oferuje mn\u00f3stwo mo\u017cliwo\u015bci dyskretnego flirtowania. Na AshleyMadison.com czeka na Ciebie ponad 54 miliony profili i jest to bezp\u0142atne. Znajd\u017a teraz jedn\u0105 noc i romanse pozama\u0142\u017ce\u0144skie!<\/p>\n<p>Z ponad 54 milionami cz\u0142onk\u00f3w, AshleyMadison.com oferuje bezpieczn\u0105 przysta\u0144 dla tych, kt\u00f3rzy szukaj\u0105 mi\u0142o\u015bci online. Za darmo do\u0142\u0105czaj\u0105 i ogl\u0105daj\u0105 mecze, u\u017cytkownicy mog\u0105 r\u00f3wnie\u017c przegl\u0105da\u0107 obszern\u0105 list\u0119 kategorii witryny, w tym kuguary, MILF, pary swingers\u00f3w, swingers\u00f3w, a nawet tatusi\u00f3w cukru. Cz\u0142onkowie mog\u0105 r\u00f3wnie\u017c wyszukiwa\u0107 potencjalne dopasowania wed\u0142ug wieku, lokalizacji, wzrostu, wagi, pochodzenia etnicznego i orientacji seksualnej. Je\u015bli interesuj\u0105 Ci\u0119 dyskretne sprawy, nie ma \u017cadnych zobowi\u0105za\u0144 podczas korzystania z us\u0142ug premium witryny.<\/p>\n<h3>Niegrzeczny<\/h3>\n<p>BeNaughty to internetowy serwis randkowy, kt\u00f3ry oferuje podstawowe funkcje za darmo. Strona internetowa <a href=\"https:\/\/www.thedatingadvisor.com\/pl\/100-darmowe-serwisy-randkowe-sugar-momma\/\">jak znale\u017a\u0107 sugar daddy<\/a> ma na celu pom\u00f3c doros\u0142ym szukaj\u0105cym przypadkowego seksu spotka\u0107 si\u0119 ze sob\u0105. Aplikacja zawiera mo\u017cliwo\u015b\u0107 czatowania, przegl\u0105dania profili i wysy\u0142ania wiadomo\u015bci do innych u\u017cytkownik\u00f3w. U\u017cytkownicy musz\u0105 dostarczy\u0107 zdj\u0119cie podczas rejestracji, chocia\u017c nie ma wymogu przesy\u0142ania \u017cadnych dodatkowych obraz\u00f3w. Witryna nie oferuje zaawansowanych opcji dopasowywania, ale pozwala u\u017cytkownikom filtrowa\u0107 potencjalnych partner\u00f3w wed\u0142ug wieku, p\u0142ci, lokalizacji, statusu zwi\u0105zku, orientacji seksualnej i zainteresowa\u0144.<\/p>\n<p>BeNaughty jest dost\u0119pny w j\u0119zyku angielskim, francuskim, niemieckim, w\u0142oskim, hiszpa\u0144skim, portugalskim, rosyjskim, japo\u0144skim i chi\u0144skim. Mo\u017cesz wybra\u0107, czy chcesz komunikowa\u0107 si\u0119 za po\u015brednictwem wiadomo\u015bci tekstowych, rozmowy telefonicznej czy czatu wideo, a nigdy nie b\u0119dziesz musia\u0142 si\u0119 martwi\u0107, \u017ce zostaniesz z\u0142apany. Nie ma ogranicze\u0144 co do tego, ile razy mo\u017cesz si\u0119 zalogowa\u0107, wi\u0119c mo\u017cesz wr\u00f3ci\u0107, gdy chcesz sprawdzi\u0107 najnowsze aukcje.<\/p>\n<p>Musisz zap\u0142aci\u0107 za funkcje premium tylko wtedy, gdy chcesz. Na pocz\u0105tek nie s\u0105 wymagane \u017cadne pieni\u0105dze i nie ma \u017cadnych zobowi\u0105za\u0144. Mo\u017cesz znale\u017a\u0107 kogo\u015b dzi\u015b wieczorem!<\/p>\n<h3>Wyszukiwarka znajomych dla doros\u0142ych<\/h3>\n<p>AdultFriendFinder to wiod\u0105ca sie\u0107 spo\u0142eczno\u015bciowa dla doros\u0142ych do znajdowania przypadkowych spotka\u0144, przyjaci\u00f3\u0142 z korzy\u015bciami, swinguj\u0105cych par i dyskretnych romans\u00f3w. AFF to aplikacja, kt\u00f3ra pomaga u\u017cytkownikom poznawa\u0107 nowych przyjaci\u00f3\u0142 i kochank\u00f3w.<\/p>\n<p>U\u017cytkownicy mog\u0105 przegl\u0105da\u0107 profile innych cz\u0142onk\u00f3w i wysy\u0142a\u0107 do siebie wiadomo\u015bci, je\u015bli podoba im si\u0119 to, co widz\u0105. Gdy kto\u015b zaakceptuje Twoj\u0105 wiadomo\u015b\u0107, mo\u017cesz um\u00f3wi\u0107 si\u0119 na spotkanie i czas. Mo\u017cesz tak\u017ce doda\u0107 zdj\u0119cie profilowe, napisa\u0107 o sobie i przes\u0142a\u0107 zdj\u0119cia. Je\u015bli jeste\u015b zainteresowany spotkaniem z innymi, AFF to \u015bwietny spos\u00f3b na rozpocz\u0119cie!<\/p>\n<p>Cz\u0142onkowie mog\u0105 przegl\u0105da\u0107 tysi\u0105ce zdj\u0119\u0107 innych cz\u0142onk\u00f3w, czyta\u0107 informacje profilowe innych cz\u0142onk\u00f3w, pisa\u0107 osobiste notatki, a nawet wysy\u0142a\u0107 mrugni\u0119cie do kogo\u015b, kogo lubi\u0105. Mo\u017cesz szuka\u0107 przyjaci\u00f3\u0142, po\u0142\u0105cze\u0144, przypadkowych spotka\u0144, a nawet d\u0142ugoterminowych relacji. Istnieje wiele sposob\u00f3w \u0142\u0105czenia si\u0119 i interakcji z innymi, w tym pokoje rozm\u00f3w, fora dyskusyjne, linie telefoniczne, pokazy kamer internetowych i inne.<\/p>\n","protected":false},"excerpt":{"rendered":"<p>Czy jeste\u015b gotowy, aby zacz\u0105\u0107 si\u0119 spotyka\u0107? Chcesz znale\u017a\u0107 po\u0142\u0105czenie online i przesta\u0107 marnowa\u0107 czas? Nie szukaj dalej! W\u0142a\u015bnie dlatego korzystanie z aplikacji <\/p>\n","protected":false},"author":1,"featured_media":0,"parent":0,"menu_order":0,"comment_status":"closed","ping_status":"closed","template":"","meta":[],"yoast_head":"<!-- This site is optimized with the Yoast SEO plugin v19.2 - https:\/\/yoast.com\/wordpress\/plugins\/seo\/ -->\n<title>- Mi\u0142o\u015b\u0107 do pod\u0142\u0105czania Darmowe lokalne po\u0142\u0105czenia<\/title>\n<meta name=\"robots\" content=\"index, follow, max-snippet:-1, max-image-preview:large, max-video-preview:-1\" \/>\n<link rel=\"canonical\" href=\"https:\/\/bardelconvent.com\/pl\/\" \/>\n<meta property=\"og:locale\" content=\"pl_PL\" \/>\n<meta property=\"og:type\" content=\"article\" \/>\n<meta property=\"og:title\" content=\"- Mi\u0142o\u015b\u0107 do pod\u0142\u0105czania Darmowe lokalne po\u0142\u0105czenia\" \/>\n<meta property=\"og:description\" content=\"Czy jeste\u015b gotowy, aby zacz\u0105\u0107 si\u0119 spotyka\u0107? Chcesz znale\u017a\u0107 po\u0142\u0105czenie online i przesta\u0107 marnowa\u0107 czas? Nie szukaj dalej! W\u0142a\u015bnie dlatego korzystanie z aplikacji\" \/>\n<meta property=\"og:url\" content=\"https:\/\/bardelconvent.com\/pl\/\" \/>\n<meta property=\"og:site_name\" content=\"Mi\u0142o\u015b\u0107 do pod\u0142\u0105czania\" \/>\n<meta property=\"article:modified_time\" content=\"2022-09-08T18:49:43+00:00\" \/>\n<meta property=\"og:image\" content=\"http:\/\/bardelconvent.com\/wp-content\/uploads\/2022\/07\/local-sex-hookup-websites-1024x668.jpeg\" \/>\n<meta name=\"author\" content=\"Dating Expert\" \/>\n<meta name=\"twitter:card\" content=\"summary_large_image\" \/>\n<meta name=\"twitter:label1\" content=\"Szacowany czas czytania\" \/>\n\t<meta name=\"twitter:data1\" content=\"5 minut\" \/>\n<script type=\"application\/ld+json\" class=\"yoast-schema-graph\">{\"@context\":\"https:\/\/schema.org\",\"@graph\":[{\"@type\":\"WebSite\",\"@id\":\"https:\/\/bardelconvent.com\/#website\",\"url\":\"https:\/\/bardelconvent.com\/\",\"name\":\"Mi\u0142o\u015b\u0107 do pod\u0142\u0105czania\",\"description\":\"Randki i zwi\u0105zki\",\"potentialAction\":[{\"@type\":\"SearchAction\",\"target\":{\"@type\":\"EntryPoint\",\"urlTemplate\":\"https:\/\/bardelconvent.com\/?s={search_term_string}\"},\"query-input\":\"required name=search_term_string\"}],\"inLanguage\":\"pl-PL\"},{\"@type\":\"ImageObject\",\"inLanguage\":\"pl-PL\",\"@id\":\"https:\/\/bardelconvent.com\/pl\/#primaryimage\",\"url\":\"https:\/\/bardelconvent.com\/wp-content\/uploads\/2022\/07\/local-sex-hookup-websites.jpeg\",\"contentUrl\":\"https:\/\/bardelconvent.com\/wp-content\/uploads\/2022\/07\/local-sex-hookup-websites.jpeg\",\"width\":2299,\"height\":1500},{\"@type\":\"WebPage\",\"@id\":\"https:\/\/bardelconvent.com\/pl\/#webpage\",\"url\":\"https:\/\/bardelconvent.com\/pl\/\",\"name\":\"- Mi\u0142o\u015b\u0107 do pod\u0142\u0105czania Darmowe lokalne po\u0142\u0105czenia\",\"isPartOf\":{\"@id\":\"https:\/\/bardelconvent.com\/#website\"},\"primaryImageOfPage\":{\"@id\":\"https:\/\/bardelconvent.com\/pl\/#primaryimage\"},\"datePublished\":\"2022-07-08T10:54:38+00:00\",\"dateModified\":\"2022-09-08T18:49:43+00:00\",\"breadcrumb\":{\"@id\":\"https:\/\/bardelconvent.com\/pl\/#breadcrumb\"},\"inLanguage\":\"pl-PL\",\"potentialAction\":[{\"@type\":\"ReadAction\",\"target\":[\"https:\/\/bardelconvent.com\/pl\/\"]}]},{\"@type\":\"BreadcrumbList\",\"@id\":\"https:\/\/bardelconvent.com\/pl\/#breadcrumb\",\"itemListElement\":[{\"@type\":\"ListItem\",\"position\":1,\"name\":\"Dom\",\"item\":\"https:\/\/bardelconvent.com\/pl\/\"},{\"@type\":\"ListItem\",\"position\":2,\"name\":\"Darmowe lokalne po\u0142\u0105czenia\"}]}]}<\/script>\n<!-- \/ Yoast SEO plugin. -->","yoast_head_json":{"title":"- Mi\u0142o\u015b\u0107 do pod\u0142\u0105czania Darmowe lokalne po\u0142\u0105czenia","robots":{"index":"index","follow":"follow","max-snippet":"max-snippet:-1","max-image-preview":"max-image-preview:large","max-video-preview":"max-video-preview:-1"},"canonical":"https:\/\/bardelconvent.com\/pl\/","og_locale":"pl_PL","og_type":"article","og_title":"- Mi\u0142o\u015b\u0107 do pod\u0142\u0105czania Darmowe lokalne po\u0142\u0105czenia","og_description":"Czy jeste\u015b gotowy, aby zacz\u0105\u0107 si\u0119 spotyka\u0107? Chcesz znale\u017a\u0107 po\u0142\u0105czenie online i przesta\u0107 marnowa\u0107 czas? Nie szukaj dalej! W\u0142a\u015bnie dlatego korzystanie z aplikacji","og_url":"https:\/\/bardelconvent.com\/pl\/","og_site_name":"Mi\u0142o\u015b\u0107 do pod\u0142\u0105czania","article_modified_time":"2022-09-08T18:49:43+00:00","og_image":[{"url":"http:\/\/bardelconvent.com\/wp-content\/uploads\/2022\/07\/local-sex-hookup-websites-1024x668.jpeg"}],"author":"Dating Expert","twitter_card":"summary_large_image","twitter_misc":{"Szacowany czas czytania":"5 minut"},"schema":{"@context":"https:\/\/schema.org","@graph":[{"@type":"WebSite","@id":"https:\/\/bardelconvent.com\/#website","url":"https:\/\/bardelconvent.com\/","name":"Mi\u0142o\u015b\u0107 do pod\u0142\u0105czania","description":"Randki i zwi\u0105zki","potentialAction":[{"@type":"SearchAction","target":{"@type":"EntryPoint","urlTemplate":"https:\/\/bardelconvent.com\/?s={search_term_string}"},"query-input":"required name=search_term_string"}],"inLanguage":"pl-PL"},{"@type":"ImageObject","inLanguage":"pl-PL","@id":"https:\/\/bardelconvent.com\/pl\/#primaryimage","url":"https:\/\/bardelconvent.com\/wp-content\/uploads\/2022\/07\/local-sex-hookup-websites.jpeg","contentUrl":"https:\/\/bardelconvent.com\/wp-content\/uploads\/2022\/07\/local-sex-hookup-websites.jpeg","width":2299,"height":1500},{"@type":"WebPage","@id":"https:\/\/bardelconvent.com\/pl\/#webpage","url":"https:\/\/bardelconvent.com\/pl\/","name":"- Mi\u0142o\u015b\u0107 do pod\u0142\u0105czania Darmowe lokalne po\u0142\u0105czenia","isPartOf":{"@id":"https:\/\/bardelconvent.com\/#website"},"primaryImageOfPage":{"@id":"https:\/\/bardelconvent.com\/pl\/#primaryimage"},"datePublished":"2022-07-08T10:54:38+00:00","dateModified":"2022-09-08T18:49:43+00:00","breadcrumb":{"@id":"https:\/\/bardelconvent.com\/pl\/#breadcrumb"},"inLanguage":"pl-PL","potentialAction":[{"@type":"ReadAction","target":["https:\/\/bardelconvent.com\/pl\/"]}]},{"@type":"BreadcrumbList","@id":"https:\/\/bardelconvent.com\/pl\/#breadcrumb","itemListElement":[{"@type":"ListItem","position":1,"name":"Dom","item":"https:\/\/bardelconvent.com\/pl\/"},{"@type":"ListItem","position":2,"name":"Darmowe lokalne po\u0142\u0105czenia"}]}]}},"_links":{"self":[{"href":"https:\/\/bardelconvent.com\/pl\/wp-json\/wp\/v2\/pages\/222"}],"collection":[{"href":"https:\/\/bardelconvent.com\/pl\/wp-json\/wp\/v2\/pages"}],"about":[{"href":"https:\/\/bardelconvent.com\/pl\/wp-json\/wp\/v2\/types\/page"}],"author":[{"embeddable":true,"href":"https:\/\/bardelconvent.com\/pl\/wp-json\/wp\/v2\/users\/1"}],"replies":[{"embeddable":true,"href":"https:\/\/bardelconvent.com\/pl\/wp-json\/wp\/v2\/comments?post=222"}],"version-history":[{"count":1,"href":"https:\/\/bardelconvent.com\/pl\/wp-json\/wp\/v2\/pages\/222\/revisions"}],"predecessor-version":[{"id":278,"href":"https:\/\/bardelconvent.com\/pl\/wp-json\/wp\/v2\/pages\/222\/revisions\/278"}],"wp:attachment":[{"href":"https:\/\/bardelconvent.com\/pl\/wp-json\/wp\/v2\/media?parent=222"}],"curies":[{"name":"wp","href":"https:\/\/api.w.org\/{rel}","templated":true}]}}