{"id":227,"date":"2022-07-08T11:54:38","date_gmt":"2022-07-08T10:54:38","guid":{"rendered":"http:\/\/bardelconvent.com\/ligacoes-locais-gratuitas\/"},"modified":"2022-07-08T11:54:38","modified_gmt":"2022-07-08T10:54:38","slug":"ligacoes-locais-gratuitas","status":"publish","type":"page","link":"https:\/\/bardelconvent.com\/pt-pt\/","title":{"rendered":"Liga\u00e7\u00f5es locais gratuitas"},"content":{"rendered":"<p>Est\u00e1 pronto para come\u00e7ar a namorar? Quer encontrar uma liga\u00e7\u00e3o on-line e parar de perder tempo?<\/p>\n<p>N\u00e3o procure mais!<\/p>\n<p>\u00c9 exatamente por isso que usar a app de encontros \u00e9 uma \u00f3tima ideia &#8211; a plataforma de encontros j\u00e1 fez todo o trabalho \u00e1rduo para si. Todos nesta plataforma querem divertir-se e dar uma queca. Eles j\u00e1 est\u00e3o preparados para uma noite de encontros, flings NSA, e assim por diante. N\u00e3o h\u00e1 mais nada a fazer a n\u00e3o ser escolher o seu candidato favorito e come\u00e7ar a conversar. N\u00e3o precisa mais persuadir ningu\u00e9m. N\u00e3o \u00e9 fant\u00e1stico?<\/p>\n<p><img loading=\"lazy\" class=\"aligncenter size-large wp-image-65\" src=\"http:\/\/bardelconvent.com\/wp-content\/uploads\/2022\/07\/local-sex-hookup-websites-1024x668.jpeg\" alt=\"\" width=\"640\" height=\"418\" srcset=\"https:\/\/bardelconvent.com\/wp-content\/uploads\/2022\/07\/local-sex-hookup-websites-1024x668.jpeg 1024w, https:\/\/bardelconvent.com\/wp-content\/uploads\/2022\/07\/local-sex-hookup-websites-300x196.jpeg 300w, https:\/\/bardelconvent.com\/wp-content\/uploads\/2022\/07\/local-sex-hookup-websites-768x501.jpeg 768w, https:\/\/bardelconvent.com\/wp-content\/uploads\/2022\/07\/local-sex-hookup-websites-1536x1002.jpeg 1536w, https:\/\/bardelconvent.com\/wp-content\/uploads\/2022\/07\/local-sex-hookup-websites-2048x1336.jpeg 2048w\" sizes=\"(max-width: 640px) 100vw, 640px\" \/><\/p>\n<h2>Conhe\u00e7a os singles locais na sua \u00e1rea<\/h2>\n<p>Ao procurar um site para atender \u00e0s suas necessidades, certifique-se de consultar as avalia\u00e7\u00f5es sobre elas. Voc\u00ea tamb\u00e9m deve considerar verificar a localiza\u00e7\u00e3o do site, porque se ele est\u00e1 localizado em um pa\u00eds que n\u00e3o o seu, ent\u00e3o voc\u00ea pode estar lidando com perfis falsos. Se achas que o perfil parece suspeito, ent\u00e3o talvez queiras evitar us\u00e1-lo. Outra coisa que pode fazer \u00e9 perguntar aos membros da plataforma se eles s\u00e3o realmente ativos nela.<\/p>\n<p>A maioria das plataformas locais de liga\u00e7\u00e3o s\u00e3o leg\u00edtimas e reais. A maioria dos sites tem utilizadores reais, o que significa que voc\u00ea ter\u00e1 a chance de encontrar algu\u00e9m que realmente quer conhec\u00ea-lo.<\/p>\n<p>N\u00e3o precisas de te preocupar em perder o teu tempo com perfis falsos e spammers. Se a plataforma n\u00e3o fornecer qualquer endere\u00e7o ou informa\u00e7\u00f5es de contacto, ent\u00e3o provavelmente deve evitar us\u00e1-lo.<\/p>\n<p>Caso contr\u00e1rio, podes acabar por conhecer algu\u00e9m que n\u00e3o est\u00e1 interessado em conhecer-te.<\/p>\n<h3>OneNightFriend.com<\/h3>\n<p>One Night Friend \u00e9 um site de encontros online que permite aos utilizadores conhecer pessoas pr\u00f3ximas. As pessoas interessadas em conhecer algu\u00e9m pr\u00f3ximo podem juntar-se ao sistema e criar um perfil. Depois de criar um perfil, os utilizadores podem escolher se querem receber mensagens de outros membros ou n\u00e3o. Se um utilizador quiser receber mensagens, deve indicar o seu sexo e faixa et\u00e1ria. Os utilizadores tamb\u00e9m podem especificar a sua localiza\u00e7\u00e3o e interesses. Os membros podem ver perfis de outros utilizadores e enviar-lhes mensagens. Os utilizadores tamb\u00e9m podem ver se h\u00e1 outros membros perto deles.<\/p>\n<p>O registo \u00e9 simples. Basta preencher um formul\u00e1rio curto no site e submet\u00ea-lo. N\u00e3o \u00e9 necess\u00e1rio cart\u00e3o de cr\u00e9dito! As inscri\u00e7\u00f5es s\u00e3o gratuitas e n\u00e3o h\u00e1 taxas escondidas. Assim que se registar, obt\u00e9m acesso a todas as funcionalidades do site, incluindo salas de chat, mensagens privadas, chamadas de v\u00eddeo, \u00e1lbuns de fotografias, edi\u00e7\u00e3o de perfis, entre muitas outras.<\/p>\n<p>Existem tamb\u00e9m v\u00e1rias formas de comunicar de forma segura com outros membros do site. Pode utilizar mensagens de texto, chamadas de voz, chamadas de v\u00eddeo e mensageiro instant\u00e2neo.<\/p>\n<h3>Ashley Madison<\/h3>\n<p>AshleyMadison.com \u00e9 um site de encontros sexuais discreto para solteiros! Lan\u00e7ado em 2001, este emocionante site de encontros oferece toneladas de possibilidades de namoriscar discretamente. H\u00e1 mais de 54 milh\u00f5es de perfis \u00e0 sua espera no AshleyMadison.com, e \u00e9 gr\u00e1tis. Encontre uma noite de encontros e assuntos extramarais agora!<\/p>\n<p>Com mais de 54 milh\u00f5es de membros, AshleyMadison.com oferece um ref\u00fagio seguro para quem procura amor online. Livre para participar e ver jogos, os utilizadores tamb\u00e9m podem navegar atrav\u00e9s da extensa lista de categorias do site, incluindo cougars, MILFs, casais swinger, swingers e at\u00e9 pais a\u00e7ucareiros. Os membros tamb\u00e9m podem procurar potenciais partidas por idade, localiza\u00e7\u00e3o, altura, peso, etnia e orienta\u00e7\u00e3o sexual. Se estiver interessado em assuntos discretos, n\u00e3o h\u00e1 compromissos ligados ao utilizar os servi\u00e7os premium do site.<\/p>\n<h3>BeNaughty<\/h3>\n<p>BeNaughty \u00e9 um servi\u00e7o de encontros online que oferece funcionalidades b\u00e1sicas gratuitamente. O site \u00e9 projetado para ajudar adultos que procuram sexo casual se encontram. A aplica\u00e7\u00e3o inclui a capacidade de conversar, navegar nos perfis e enviar mensagens para outros utilizadores. Os utilizadores devem fornecer uma foto ao inscreverem-se, embora n\u00e3o exista necessidade de enviar imagens adicionais. O site n\u00e3o oferece op\u00e7\u00f5es de correspond\u00eancia avan\u00e7adas, mas permite que os utilizadores filtram potenciais parceiros por idade, sexo, localiza\u00e7\u00e3o, estado de relacionamento, orienta\u00e7\u00e3o sexual e interesses.<\/p>\n<p>BeNaughty est\u00e1 dispon\u00edvel em ingl\u00eas, franc\u00eas, alem\u00e3o, italiano, espanhol, portugu\u00eas, russo, japon\u00eas e chin\u00eas. Pode escolher se deve comunicar atrav\u00e9s de sms, telefonema ou chat de v\u00eddeo, e nunca ter\u00e1 de se preocupar em ser apanhado. Tamb\u00e9m n\u00e3o h\u00e1 limite para quantas vezes pode fazer login, para que possa voltar sempre que quiser consultar as \u00faltimas listas.<\/p>\n<p>S\u00f3 precisa de pagar por funcionalidades premium se as quiser. N\u00e3o \u00e9 necess\u00e1rio dinheiro para come\u00e7ar, e n\u00e3o h\u00e1 compromissos. Pode encontrar algu\u00e9m esta noite!<\/p>\n<h3>Descobridor de amigo adulto<\/h3>\n<p>AdultFriendFinder \u00e9 a principal rede social adulta para encontrar encontros casuais, amigos com benef\u00edcios, casais baloi\u00e7os e casos discretos. A AFF \u00e9 uma aplica\u00e7\u00e3o que ajuda os utilizadores a conhecer novos amigos e amantes.<\/p>\n<p>Os utilizadores podem navegar nos perfis de outros membros e enviar mensagens uns aos outros se gostarem do que v\u00eaem. Assim que algu\u00e9m aceitar a sua mensagem, pode arranjar uma hora e um lugar para se encontrar. Tamb\u00e9m pode adicionar uma imagem de perfil, escrever sobre si mesmo e fazer upload de fotos. Se est\u00e1 interessado em se encontrar com outros, a AFF \u00e9 uma \u00f3tima maneira de come\u00e7ar!<\/p>\n<p>Os membros podem navegar atrav\u00e9s de milhares de fotos de outros membros, ler as informa\u00e7\u00f5es de perfil uns dos outros, escrever notas pessoais e at\u00e9 enviar um piscar de olhos a algu\u00e9m de quem gostem. Voc\u00ea pode procurar por amigos, encontros, encontros casuais, e at\u00e9 relacionamentos de longo prazo. H\u00e1 muitas maneiras de se conectar e interagir com os outros, incluindo salas de chat, quadros de mensagens, linhas de sexo telef\u00f3nico, programas de webcam, e muito mais.<\/p>\n","protected":false},"excerpt":{"rendered":"<p>Est\u00e1 pronto para come\u00e7ar a namorar? Quer encontrar uma liga\u00e7\u00e3o on-line e parar de perder tempo? N\u00e3o procure mais! \u00c9 exatamente por isso <\/p>\n","protected":false},"author":1,"featured_media":0,"parent":0,"menu_order":0,"comment_status":"closed","ping_status":"closed","template":"","meta":[],"yoast_head":"<!-- This site is optimized with the Yoast SEO plugin v19.2 - https:\/\/yoast.com\/wordpress\/plugins\/seo\/ -->\n<title>Liga\u00e7\u00f5es locais gratuitas Amor de Encontro - t\u00edtulo<\/title>\n<meta name=\"robots\" content=\"index, follow, max-snippet:-1, max-image-preview:large, max-video-preview:-1\" \/>\n<link rel=\"canonical\" href=\"https:\/\/bardelconvent.com\/pt-pt\/\" \/>\n<meta property=\"og:locale\" content=\"pt_PT\" \/>\n<meta property=\"og:type\" content=\"article\" \/>\n<meta property=\"og:title\" content=\"Liga\u00e7\u00f5es locais gratuitas Amor de Encontro - t\u00edtulo\" \/>\n<meta property=\"og:description\" content=\"Est\u00e1 pronto para come\u00e7ar a namorar? Quer encontrar uma liga\u00e7\u00e3o on-line e parar de perder tempo? N\u00e3o procure mais! \u00c9 exatamente por isso\" \/>\n<meta property=\"og:url\" content=\"https:\/\/bardelconvent.com\/pt-pt\/\" \/>\n<meta property=\"og:site_name\" content=\"Amor de Encontro\" \/>\n<meta property=\"og:image\" content=\"http:\/\/bardelconvent.com\/wp-content\/uploads\/2022\/07\/local-sex-hookup-websites-1024x668.jpeg\" \/>\n<meta name=\"author\" content=\"Dating Expert\" \/>\n<meta name=\"twitter:card\" content=\"summary_large_image\" \/>\n<meta name=\"twitter:label1\" content=\"Tempo estimado de leitura\" \/>\n\t<meta name=\"twitter:data1\" content=\"5 minutos\" \/>\n<script type=\"application\/ld+json\" class=\"yoast-schema-graph\">{\"@context\":\"https:\/\/schema.org\",\"@graph\":[{\"@type\":\"WebSite\",\"@id\":\"https:\/\/bardelconvent.com\/#website\",\"url\":\"https:\/\/bardelconvent.com\/\",\"name\":\"Amor de Encontro\",\"description\":\"Namoro e Relacionamentos\",\"potentialAction\":[{\"@type\":\"SearchAction\",\"target\":{\"@type\":\"EntryPoint\",\"urlTemplate\":\"https:\/\/bardelconvent.com\/?s={search_term_string}\"},\"query-input\":\"required name=search_term_string\"}],\"inLanguage\":\"pt-PT\"},{\"@type\":\"ImageObject\",\"inLanguage\":\"pt-PT\",\"@id\":\"https:\/\/bardelconvent.com\/pt-pt\/#primaryimage\",\"url\":\"https:\/\/bardelconvent.com\/wp-content\/uploads\/2022\/07\/local-sex-hookup-websites.jpeg\",\"contentUrl\":\"https:\/\/bardelconvent.com\/wp-content\/uploads\/2022\/07\/local-sex-hookup-websites.jpeg\",\"width\":2299,\"height\":1500},{\"@type\":\"WebPage\",\"@id\":\"https:\/\/bardelconvent.com\/pt-pt\/#webpage\",\"url\":\"https:\/\/bardelconvent.com\/pt-pt\/\",\"name\":\"Liga\u00e7\u00f5es locais gratuitas Amor de Encontro - t\u00edtulo\",\"isPartOf\":{\"@id\":\"https:\/\/bardelconvent.com\/#website\"},\"primaryImageOfPage\":{\"@id\":\"https:\/\/bardelconvent.com\/pt-pt\/#primaryimage\"},\"datePublished\":\"2022-07-08T10:54:38+00:00\",\"dateModified\":\"2022-07-08T10:54:38+00:00\",\"breadcrumb\":{\"@id\":\"https:\/\/bardelconvent.com\/pt-pt\/#breadcrumb\"},\"inLanguage\":\"pt-PT\",\"potentialAction\":[{\"@type\":\"ReadAction\",\"target\":[\"https:\/\/bardelconvent.com\/pt-pt\/\"]}]},{\"@type\":\"BreadcrumbList\",\"@id\":\"https:\/\/bardelconvent.com\/pt-pt\/#breadcrumb\",\"itemListElement\":[{\"@type\":\"ListItem\",\"position\":1,\"name\":\"Casa\",\"item\":\"https:\/\/bardelconvent.com\/pt-pt\/\"},{\"@type\":\"ListItem\",\"position\":2,\"name\":\"Liga\u00e7\u00f5es locais gratuitas\"}]}]}<\/script>\n<!-- \/ Yoast SEO plugin. -->","yoast_head_json":{"title":"Liga\u00e7\u00f5es locais gratuitas Amor de Encontro - t\u00edtulo","robots":{"index":"index","follow":"follow","max-snippet":"max-snippet:-1","max-image-preview":"max-image-preview:large","max-video-preview":"max-video-preview:-1"},"canonical":"https:\/\/bardelconvent.com\/pt-pt\/","og_locale":"pt_PT","og_type":"article","og_title":"Liga\u00e7\u00f5es locais gratuitas Amor de Encontro - t\u00edtulo","og_description":"Est\u00e1 pronto para come\u00e7ar a namorar? Quer encontrar uma liga\u00e7\u00e3o on-line e parar de perder tempo? N\u00e3o procure mais! \u00c9 exatamente por isso","og_url":"https:\/\/bardelconvent.com\/pt-pt\/","og_site_name":"Amor de Encontro","og_image":[{"url":"http:\/\/bardelconvent.com\/wp-content\/uploads\/2022\/07\/local-sex-hookup-websites-1024x668.jpeg"}],"author":"Dating Expert","twitter_card":"summary_large_image","twitter_misc":{"Tempo estimado de leitura":"5 minutos"},"schema":{"@context":"https:\/\/schema.org","@graph":[{"@type":"WebSite","@id":"https:\/\/bardelconvent.com\/#website","url":"https:\/\/bardelconvent.com\/","name":"Amor de Encontro","description":"Namoro e Relacionamentos","potentialAction":[{"@type":"SearchAction","target":{"@type":"EntryPoint","urlTemplate":"https:\/\/bardelconvent.com\/?s={search_term_string}"},"query-input":"required name=search_term_string"}],"inLanguage":"pt-PT"},{"@type":"ImageObject","inLanguage":"pt-PT","@id":"https:\/\/bardelconvent.com\/pt-pt\/#primaryimage","url":"https:\/\/bardelconvent.com\/wp-content\/uploads\/2022\/07\/local-sex-hookup-websites.jpeg","contentUrl":"https:\/\/bardelconvent.com\/wp-content\/uploads\/2022\/07\/local-sex-hookup-websites.jpeg","width":2299,"height":1500},{"@type":"WebPage","@id":"https:\/\/bardelconvent.com\/pt-pt\/#webpage","url":"https:\/\/bardelconvent.com\/pt-pt\/","name":"Liga\u00e7\u00f5es locais gratuitas Amor de Encontro - t\u00edtulo","isPartOf":{"@id":"https:\/\/bardelconvent.com\/#website"},"primaryImageOfPage":{"@id":"https:\/\/bardelconvent.com\/pt-pt\/#primaryimage"},"datePublished":"2022-07-08T10:54:38+00:00","dateModified":"2022-07-08T10:54:38+00:00","breadcrumb":{"@id":"https:\/\/bardelconvent.com\/pt-pt\/#breadcrumb"},"inLanguage":"pt-PT","potentialAction":[{"@type":"ReadAction","target":["https:\/\/bardelconvent.com\/pt-pt\/"]}]},{"@type":"BreadcrumbList","@id":"https:\/\/bardelconvent.com\/pt-pt\/#breadcrumb","itemListElement":[{"@type":"ListItem","position":1,"name":"Casa","item":"https:\/\/bardelconvent.com\/pt-pt\/"},{"@type":"ListItem","position":2,"name":"Liga\u00e7\u00f5es locais gratuitas"}]}]}},"_links":{"self":[{"href":"https:\/\/bardelconvent.com\/pt-pt\/wp-json\/wp\/v2\/pages\/227"}],"collection":[{"href":"https:\/\/bardelconvent.com\/pt-pt\/wp-json\/wp\/v2\/pages"}],"about":[{"href":"https:\/\/bardelconvent.com\/pt-pt\/wp-json\/wp\/v2\/types\/page"}],"author":[{"embeddable":true,"href":"https:\/\/bardelconvent.com\/pt-pt\/wp-json\/wp\/v2\/users\/1"}],"replies":[{"embeddable":true,"href":"https:\/\/bardelconvent.com\/pt-pt\/wp-json\/wp\/v2\/comments?post=227"}],"version-history":[{"count":0,"href":"https:\/\/bardelconvent.com\/pt-pt\/wp-json\/wp\/v2\/pages\/227\/revisions"}],"wp:attachment":[{"href":"https:\/\/bardelconvent.com\/pt-pt\/wp-json\/wp\/v2\/media?parent=227"}],"curies":[{"name":"wp","href":"https:\/\/api.w.org\/{rel}","templated":true}]}}