{"id":238,"date":"2022-07-08T11:54:38","date_gmt":"2022-07-08T10:54:38","guid":{"rendered":"http:\/\/bardelconvent.com\/gratis-lokala-uppkopplingar\/"},"modified":"2022-07-08T11:54:38","modified_gmt":"2022-07-08T10:54:38","slug":"gratis-lokala-uppkopplingar","status":"publish","type":"page","link":"https:\/\/bardelconvent.com\/sv\/","title":{"rendered":"Gratis lokala uppkopplingar"},"content":{"rendered":"<p>\u00c4r du redo att b\u00f6rja dejta? Vill du hitta en anslutning online och sluta sl\u00f6sa bort tid?<\/p>\n<p>Leta inte l\u00e4ngre!<\/p>\n<p>Det \u00e4r just d\u00e4rf\u00f6r det \u00e4r en bra id\u00e9 att anv\u00e4nda anslutningsappen &#8211; dejtingsplattformen har redan gjort allt h\u00e5rt arbete \u00e5t dig. Alla p\u00e5 denna plattform vill ha kul och bli lagda. De \u00e4r redan f\u00f6rberedda f\u00f6r one night stands, NSA-flings och s\u00e5 vidare. Det finns inget kvar att g\u00f6ra f\u00f6rutom att v\u00e4lja din favoritkandidat och b\u00f6rja chatta. Inget behov av att \u00f6vertyga n\u00e5gon l\u00e4ngre. Hur h\u00e4ftigt \u00e4r inte det?<\/p>\n<p><img loading=\"lazy\" class=\"aligncenter size-large wp-image-65\" src=\"http:\/\/bardelconvent.com\/wp-content\/uploads\/2022\/07\/local-sex-hookup-websites-1024x668.jpeg\" alt=\"\" width=\"640\" height=\"418\" srcset=\"https:\/\/bardelconvent.com\/wp-content\/uploads\/2022\/07\/local-sex-hookup-websites-1024x668.jpeg 1024w, https:\/\/bardelconvent.com\/wp-content\/uploads\/2022\/07\/local-sex-hookup-websites-300x196.jpeg 300w, https:\/\/bardelconvent.com\/wp-content\/uploads\/2022\/07\/local-sex-hookup-websites-768x501.jpeg 768w, https:\/\/bardelconvent.com\/wp-content\/uploads\/2022\/07\/local-sex-hookup-websites-1536x1002.jpeg 1536w, https:\/\/bardelconvent.com\/wp-content\/uploads\/2022\/07\/local-sex-hookup-websites-2048x1336.jpeg 2048w\" sizes=\"(max-width: 640px) 100vw, 640px\" \/><\/p>\n<h2>M\u00f6t lokala singlar i ditt omr\u00e5de<\/h2>\n<p>N\u00e4r du letar efter en webbplats som uppfyller dina behov, se till att kolla in recensioner om dem. Du b\u00f6r ocks\u00e5 \u00f6verv\u00e4ga att kolla in webbplatsens plats, f\u00f6r om den ligger i ett annat land \u00e4n ditt, kan du ha att g\u00f6ra med falska profiler. Om du tycker att profilen ser misst\u00e4nkt ut kanske du vill undvika att anv\u00e4nda den. En annan sak som du kan g\u00f6ra \u00e4r att fr\u00e5ga medlemmarna p\u00e5 plattformen om de verkligen \u00e4r aktiva p\u00e5 den.<\/p>\n<p>De flesta lokala anslutningsplattformar \u00e4r legitima och verkliga. De flesta av webbplatserna har riktiga anv\u00e4ndare, vilket inneb\u00e4r att du f\u00e5r en chans att hitta n\u00e5gon som faktiskt vill tr\u00e4ffa dig.<\/p>\n<p>Du beh\u00f6ver inte oroa dig f\u00f6r att sl\u00f6sa bort din tid med falska profiler och spammare. Om plattformen inte tillhandah\u00e5ller n\u00e5gon adress eller kontaktinformation b\u00f6r du f\u00f6rmodligen undvika att anv\u00e4nda den.<\/p>\n<p>Annars kan du sluta tr\u00e4ffa n\u00e5gon som inte \u00e4r intresserad av att tr\u00e4ffa dig.<\/p>\n<h3>OneNightFriend.com<\/h3>\n<p>One Night Friend \u00e4r en online dating webbplats som till\u00e5ter anv\u00e4ndare att tr\u00e4ffa m\u00e4nniskor i n\u00e4rheten. Personer som \u00e4r intresserade av att tr\u00e4ffa n\u00e5gon i n\u00e4rheten kan g\u00e5 med i systemet och skapa en profil. N\u00e4r du har skapat en profil kan anv\u00e4ndarna v\u00e4lja om de vill ta emot meddelanden fr\u00e5n andra medlemmar eller inte. Om en anv\u00e4ndare vill ta emot meddelanden m\u00e5ste han\/ hon ange sitt k\u00f6n och \u00e5ldersintervall. Anv\u00e4ndare kan ocks\u00e5 ange sin plats och intressen. Medlemmar kan visa profiler f\u00f6r andra anv\u00e4ndare och skicka meddelanden till dem. Anv\u00e4ndare kan ocks\u00e5 se om det finns andra medlemmar i n\u00e4rheten av dem.<\/p>\n<p>Registreringen \u00e4r enkel. Du beh\u00f6ver bara fylla i ett kort formul\u00e4r p\u00e5 webbplatsen och skicka in det. Inget kreditkort kr\u00e4vs! Registreringen \u00e4r gratis och det finns inga dolda avgifter. N\u00e4r du har registrerat dig f\u00e5r du tillg\u00e5ng till alla funktioner p\u00e5 webbplatsen, inklusive chattrum, privata meddelanden, videosamtal, fotoalbum, profilredigering och m\u00e5nga andra.<\/p>\n<p>Det finns ocks\u00e5 flera s\u00e4tt att kommunicera s\u00e4kert med andra medlemmar p\u00e5 webbplatsen. Du kan anv\u00e4nda textmeddelanden, r\u00f6stsamtal, videosamtal och snabbmeddelanden.<\/p>\n<h3>Ashley Madison<\/h3>\n<p>AshleyMadison.com \u00e4r en diskret sexdejtingsajt f\u00f6r singlar! Denna sp\u00e4nnande dejtingsajt lanserades 2001 och erbjuder massor av m\u00f6jligheter att flirta diskret. Det finns \u00f6ver 54 miljoner profiler som v\u00e4ntar p\u00e5 dig p\u00e5 AshleyMadison.com, och det \u00e4r gratis. Hitta one night stands och extramarial affairs nu!<\/p>\n<p>Med \u00f6ver 54 miljoner medlemmar erbjuder AshleyMadison.com en fristad f\u00f6r dem som letar efter k\u00e4rlek online. Gratis att g\u00e5 med och se matcher, anv\u00e4ndare kan ocks\u00e5 bl\u00e4ddra igenom webbplatsens omfattande lista \u00f6ver kategorier, inklusive pumor, MILFs, swingerpar, swingers och till och med sugar daddies. Medlemmar kan ocks\u00e5 s\u00f6ka efter potentiella matchningar efter \u00e5lder, plats, l\u00e4ngd, vikt, etnicitet och sexuell l\u00e4ggning. Om du \u00e4r intresserad av diskreta aff\u00e4rer finns det inga str\u00e4ngar kopplade n\u00e4r du anv\u00e4nder webbplatsens premiumtj\u00e4nster.<\/p>\n<h3>Stygg<\/h3>\n<p>BeNaughty \u00e4r en online dating service som erbjuder grundl\u00e4ggande funktioner gratis. Webbplatsen \u00e4r utformad f\u00f6r att hj\u00e4lpa vuxna som letar efter avslappnad sex att tr\u00e4ffa varandra. Appen inneh\u00e5ller m\u00f6jligheten att chatta, bl\u00e4ddra bland profiler och skicka meddelanden till andra anv\u00e4ndare. Anv\u00e4ndare m\u00e5ste ange ett foto n\u00e4r de registrerar sig, men det finns inget krav p\u00e5 att ladda upp ytterligare bilder. Webbplatsen erbjuder inte avancerade matchningsalternativ, men till\u00e5ter anv\u00e4ndare att filtrera potentiella partners efter \u00e5lder, k\u00f6n, plats, relationsstatus, sexuell l\u00e4ggning och intressen.<\/p>\n<p>BeNaughty finns p\u00e5 engelska, franska, tyska, italienska, spanska, portugisiska, ryska, japanska och kinesiska. Du kan v\u00e4lja om du vill kommunicera via sms, telefonsamtal eller videochatt, och du beh\u00f6ver aldrig oroa dig f\u00f6r att fastna. Det finns ingen gr\u00e4ns f\u00f6r hur m\u00e5nga g\u00e5nger du kan logga in heller, s\u00e5 du kan komma tillbaka n\u00e4r du vill kolla in de senaste listorna.<\/p>\n<p>Du beh\u00f6ver bara betala f\u00f6r premiumfunktioner om du vill ha dem. Inga pengar kr\u00e4vs f\u00f6r att komma ig\u00e5ng, och det finns inga str\u00e4ngar bifogade. Du kan hitta n\u00e5gon ikv\u00e4ll!<\/p>\n<h3>Vuxen v\u00e4n Finder<\/h3>\n<p>AdultFriendFinder \u00e4r det fr\u00e4msta sociala n\u00e4tverket f\u00f6r vuxna f\u00f6r att hitta avslappnade m\u00f6ten, v\u00e4nner med f\u00f6rdelar, sv\u00e4ngande par och diskreta aff\u00e4rer. AFF \u00e4r en app som hj\u00e4lper anv\u00e4ndare att tr\u00e4ffa nya v\u00e4nner och \u00e4lskare.<\/p>\n<p>Anv\u00e4ndare kan bl\u00e4ddra bland andra medlemmars profiler och skicka meddelanden till varandra om de gillar vad de ser. N\u00e4r n\u00e5gon accepterar ditt meddelande kan du ordna en tid och plats f\u00f6r att tr\u00e4ffas. Du kan ocks\u00e5 l\u00e4gga till en profilbild, skriva om dig sj\u00e4lv och ladda upp foton. Om du \u00e4r intresserad av att tr\u00e4ffa andra \u00e4r AFF ett bra s\u00e4tt att komma ig\u00e5ng!<\/p>\n<p>Medlemmar kan bl\u00e4ddra igenom tusentals andra medlemmars foton, l\u00e4sa varandras profilinformation, skriva personliga anteckningar och till och med skicka en blinkning till n\u00e5gon de gillar. Du kan s\u00f6ka efter v\u00e4nner, anslutningar, avslappnade m\u00f6ten och till och med l\u00e5ngsiktiga relationer. Det finns m\u00e5nga s\u00e4tt att ansluta och interagera med andra, inklusive chattrum, anslagstavlor, telefonsexlinjer, webbkameraprogram och mer.<\/p>\n","protected":false},"excerpt":{"rendered":"<p>\u00c4r du redo att b\u00f6rja dejta? Vill du hitta en anslutning online och sluta sl\u00f6sa bort tid? Leta inte l\u00e4ngre! Det \u00e4r just <\/p>\n","protected":false},"author":1,"featured_media":0,"parent":0,"menu_order":0,"comment_status":"closed","ping_status":"closed","template":"","meta":[],"yoast_head":"<!-- This site is optimized with the Yoast SEO plugin v19.2 - https:\/\/yoast.com\/wordpress\/plugins\/seo\/ -->\n<title>Gratis lokala uppkopplingar - Hookup k\u00e4rlek<\/title>\n<meta name=\"robots\" content=\"index, follow, max-snippet:-1, max-image-preview:large, max-video-preview:-1\" \/>\n<link rel=\"canonical\" href=\"https:\/\/bardelconvent.com\/sv\/\" \/>\n<meta property=\"og:locale\" content=\"sv_SE\" \/>\n<meta property=\"og:type\" content=\"article\" \/>\n<meta property=\"og:title\" content=\"Gratis lokala uppkopplingar - Hookup k\u00e4rlek\" \/>\n<meta property=\"og:description\" content=\"\u00c4r du redo att b\u00f6rja dejta? Vill du hitta en anslutning online och sluta sl\u00f6sa bort tid? Leta inte l\u00e4ngre! Det \u00e4r just\" \/>\n<meta property=\"og:url\" content=\"https:\/\/bardelconvent.com\/sv\/\" \/>\n<meta property=\"og:site_name\" content=\"Hookup k\u00e4rlek\" \/>\n<meta property=\"og:image\" content=\"http:\/\/bardelconvent.com\/wp-content\/uploads\/2022\/07\/local-sex-hookup-websites-1024x668.jpeg\" \/>\n<meta name=\"author\" content=\"Dating Expert\" \/>\n<meta name=\"twitter:card\" content=\"summary_large_image\" \/>\n<meta name=\"twitter:label1\" content=\"Ber\u00e4knad l\u00e4stid\" \/>\n\t<meta name=\"twitter:data1\" content=\"5 minuter\" \/>\n<script type=\"application\/ld+json\" class=\"yoast-schema-graph\">{\"@context\":\"https:\/\/schema.org\",\"@graph\":[{\"@type\":\"WebSite\",\"@id\":\"https:\/\/bardelconvent.com\/#website\",\"url\":\"https:\/\/bardelconvent.com\/\",\"name\":\"Hookup k\u00e4rlek\",\"description\":\"Dejting &amp; Relationer\",\"potentialAction\":[{\"@type\":\"SearchAction\",\"target\":{\"@type\":\"EntryPoint\",\"urlTemplate\":\"https:\/\/bardelconvent.com\/?s={search_term_string}\"},\"query-input\":\"required name=search_term_string\"}],\"inLanguage\":\"sv-SE\"},{\"@type\":\"ImageObject\",\"inLanguage\":\"sv-SE\",\"@id\":\"https:\/\/bardelconvent.com\/sv\/#primaryimage\",\"url\":\"https:\/\/bardelconvent.com\/wp-content\/uploads\/2022\/07\/local-sex-hookup-websites.jpeg\",\"contentUrl\":\"https:\/\/bardelconvent.com\/wp-content\/uploads\/2022\/07\/local-sex-hookup-websites.jpeg\",\"width\":2299,\"height\":1500},{\"@type\":\"WebPage\",\"@id\":\"https:\/\/bardelconvent.com\/sv\/#webpage\",\"url\":\"https:\/\/bardelconvent.com\/sv\/\",\"name\":\"Gratis lokala uppkopplingar - Hookup k\u00e4rlek\",\"isPartOf\":{\"@id\":\"https:\/\/bardelconvent.com\/#website\"},\"primaryImageOfPage\":{\"@id\":\"https:\/\/bardelconvent.com\/sv\/#primaryimage\"},\"datePublished\":\"2022-07-08T10:54:38+00:00\",\"dateModified\":\"2022-07-08T10:54:38+00:00\",\"breadcrumb\":{\"@id\":\"https:\/\/bardelconvent.com\/sv\/#breadcrumb\"},\"inLanguage\":\"sv-SE\",\"potentialAction\":[{\"@type\":\"ReadAction\",\"target\":[\"https:\/\/bardelconvent.com\/sv\/\"]}]},{\"@type\":\"BreadcrumbList\",\"@id\":\"https:\/\/bardelconvent.com\/sv\/#breadcrumb\",\"itemListElement\":[{\"@type\":\"ListItem\",\"position\":1,\"name\":\"Hem\",\"item\":\"http:\/\/bardelconvent.com\/sv\/\"},{\"@type\":\"ListItem\",\"position\":2,\"name\":\"Gratis lokala uppkopplingar\"}]}]}<\/script>\n<!-- \/ Yoast SEO plugin. -->","yoast_head_json":{"title":"Gratis lokala uppkopplingar - Hookup k\u00e4rlek","robots":{"index":"index","follow":"follow","max-snippet":"max-snippet:-1","max-image-preview":"max-image-preview:large","max-video-preview":"max-video-preview:-1"},"canonical":"https:\/\/bardelconvent.com\/sv\/","og_locale":"sv_SE","og_type":"article","og_title":"Gratis lokala uppkopplingar - Hookup k\u00e4rlek","og_description":"\u00c4r du redo att b\u00f6rja dejta? Vill du hitta en anslutning online och sluta sl\u00f6sa bort tid? Leta inte l\u00e4ngre! Det \u00e4r just","og_url":"https:\/\/bardelconvent.com\/sv\/","og_site_name":"Hookup k\u00e4rlek","og_image":[{"url":"http:\/\/bardelconvent.com\/wp-content\/uploads\/2022\/07\/local-sex-hookup-websites-1024x668.jpeg"}],"author":"Dating Expert","twitter_card":"summary_large_image","twitter_misc":{"Ber\u00e4knad l\u00e4stid":"5 minuter"},"schema":{"@context":"https:\/\/schema.org","@graph":[{"@type":"WebSite","@id":"https:\/\/bardelconvent.com\/#website","url":"https:\/\/bardelconvent.com\/","name":"Hookup k\u00e4rlek","description":"Dejting &amp; Relationer","potentialAction":[{"@type":"SearchAction","target":{"@type":"EntryPoint","urlTemplate":"https:\/\/bardelconvent.com\/?s={search_term_string}"},"query-input":"required name=search_term_string"}],"inLanguage":"sv-SE"},{"@type":"ImageObject","inLanguage":"sv-SE","@id":"https:\/\/bardelconvent.com\/sv\/#primaryimage","url":"https:\/\/bardelconvent.com\/wp-content\/uploads\/2022\/07\/local-sex-hookup-websites.jpeg","contentUrl":"https:\/\/bardelconvent.com\/wp-content\/uploads\/2022\/07\/local-sex-hookup-websites.jpeg","width":2299,"height":1500},{"@type":"WebPage","@id":"https:\/\/bardelconvent.com\/sv\/#webpage","url":"https:\/\/bardelconvent.com\/sv\/","name":"Gratis lokala uppkopplingar - Hookup k\u00e4rlek","isPartOf":{"@id":"https:\/\/bardelconvent.com\/#website"},"primaryImageOfPage":{"@id":"https:\/\/bardelconvent.com\/sv\/#primaryimage"},"datePublished":"2022-07-08T10:54:38+00:00","dateModified":"2022-07-08T10:54:38+00:00","breadcrumb":{"@id":"https:\/\/bardelconvent.com\/sv\/#breadcrumb"},"inLanguage":"sv-SE","potentialAction":[{"@type":"ReadAction","target":["https:\/\/bardelconvent.com\/sv\/"]}]},{"@type":"BreadcrumbList","@id":"https:\/\/bardelconvent.com\/sv\/#breadcrumb","itemListElement":[{"@type":"ListItem","position":1,"name":"Hem","item":"http:\/\/bardelconvent.com\/sv\/"},{"@type":"ListItem","position":2,"name":"Gratis lokala uppkopplingar"}]}]}},"_links":{"self":[{"href":"https:\/\/bardelconvent.com\/sv\/wp-json\/wp\/v2\/pages\/238"}],"collection":[{"href":"https:\/\/bardelconvent.com\/sv\/wp-json\/wp\/v2\/pages"}],"about":[{"href":"https:\/\/bardelconvent.com\/sv\/wp-json\/wp\/v2\/types\/page"}],"author":[{"embeddable":true,"href":"https:\/\/bardelconvent.com\/sv\/wp-json\/wp\/v2\/users\/1"}],"replies":[{"embeddable":true,"href":"https:\/\/bardelconvent.com\/sv\/wp-json\/wp\/v2\/comments?post=238"}],"version-history":[{"count":0,"href":"https:\/\/bardelconvent.com\/sv\/wp-json\/wp\/v2\/pages\/238\/revisions"}],"wp:attachment":[{"href":"https:\/\/bardelconvent.com\/sv\/wp-json\/wp\/v2\/media?parent=238"}],"curies":[{"name":"wp","href":"https:\/\/api.w.org\/{rel}","templated":true}]}}